{"id":3996,"date":"2021-11-16T12:18:26","date_gmt":"2021-11-16T12:18:26","guid":{"rendered":"https:\/\/amuz.ca\/fr\/coin-friandises\/machine-a-popcorn-8oz\/"},"modified":"2025-09-24T15:37:53","modified_gmt":"2025-09-24T15:37:53","slug":"machine-a-popcorn-8oz","status":"publish","type":"page","link":"https:\/\/amuz.ca\/fr\/locations\/coin-friandises\/machine-a-popcorn-8oz\/","title":{"rendered":"Machine \u00e0 Popcorn 8oz"},"content":{"rendered":"<!-- Start Shortcoder content --><div class=\"io_product_container elementor-widget-text-editor io_product_container_241258\">\r\n    <!-- Cart -->\r\n    <div class=\"cartInfo\" style=\"display:none\">\r\n        <i class=\"cartIcon fas fa-shopping-cart\"><\/i><!--no linebreak bc elementor--> <span class=\"simpleCart_quantity\"><\/span> items\r\n    <\/div>\r\n\r\n    <!-- Page Content -->\r\n    <div class=\"simpleCart_ioShelfItem\">\r\n        <div class=\"io_product_picbox\">\r\n            <a rel=\"img_group noopener\" id=\"single_image\" href=\"https:\/\/amuz.ca\/fr\/wp-content\/uploads\/sites\/2\/2021\/10\/6f854a1b13697d4548c8c06c453cf12e.jpg\">\r\n              <img decoding=\"async\" class=\"io_image_big item_image\" title=\"Machine \u00e0 Popcorn 8oz\" src=\"https:\/\/amuz.ca\/fr\/wp-content\/uploads\/sites\/2\/2021\/10\/6f854a1b13697d4548c8c06c453cf12e.jpg\" alt=\"Popcorn Machine 8oz\" \/>\r\n            <\/a>\r\n            <a rel=\"\" href=\"https:\/\/amuz.ca\/fr\/wp-content\/uploads\/sites\/2\/2021\/10\/6f854a1b13697d4548c8c06c453cf12e.jpg\" id=\"io_img_big1\"><\/a>\r\n            <a rel=\"img_group noopener\" href=\"\" id=\"io_img_big2\"><\/a>\r\n            <a rel=\"img_group noopener\" href=\"\" id=\"io_img_big3\"><\/a>\r\n            <a rel=\"img_group noopener\" href=\"\" id=\"io_img_big4\"><\/a>\r\n            <br>\r\n            <div class=\"io_image_thumbbox\">\r\n                <img decoding=\"async\" class=\"io_image_thumb skip-lazy\" title=\"Machine \u00e0 Popcorn 8oz\" src=\"https:\/\/amuz.ca\/fr\/wp-content\/uploads\/sites\/2\/2023\/08\/a6563cb84647109db1d256901197c70e.jpg\" alt=\"Popcorn Machine 8oz\"\r\n                     id=\"io_img_thumb1\" onclick=\"updateMainPic(this)\" \/>\r\n                <img decoding=\"async\" class=\"io_image_thumb skip-lazy\" title=\"Machine \u00e0 Popcorn 8oz\" src=\"\" alt=\"\" id=\"io_img_thumb2\" onclick=\"updateMainPic(this)\">\r\n                <img decoding=\"async\" class=\"io_image_thumb skip-lazy\" title=\"Machine \u00e0 Popcorn 8oz\" src=\"\" alt=\"\" id=\"io_img_thumb3\" onclick=\"updateMainPic(this)\">\r\n                <img decoding=\"async\" class=\"io_image_thumb skip-lazy\" title=\"Machine \u00e0 Popcorn 8oz\" src=\"\" alt=\"\" id=\"io_img_thumb4\" onclick=\"updateMainPic(this)\">\r\n            <\/div>\r\n        <\/div>\r\n        <div class=\"io_product_infobox\">\r\n            <div class=\"elementor-widget-heading\">\r\n                <h1 class=\"io_product_title elementor-heading-title item_name\">Machine \u00e0 Popcorn 8oz<\/h1>\r\n            <\/div>\r\n            <p class=\"item_encoded\" style=\"display:none;\">Popcorn+Machine+8oz<\/p>\r\n            <p class=\"item_rentalid\" style=\"display:none;\">241258<\/p>\r\n            <span class=\"item_qtyincrement\" style=\"display:none;\">1<\/span>\r\n            <div class=\"item_timeslots\" style=\"display:none;\"><\/div>\r\n            <div class=\"io_star_rating\">\r\n                <div class=\"io_stars_241258 io_stars\"><\/div>\r\n                <a href=\"#page_product_reviews\">See Reviews<\/a>\r\n            <\/div>\r\n            <div class=\"io_product_price_box io_product_price_1h io_product_price_1h_241258\">\r\n                <p class=\"io_product_price_top_left\">$69.89<\/p>\r\n                <p class=\"io_product_price_top_right\">per hour<\/p>\r\n            <\/div>\r\n            <div class=\"io_product_price_box io_product_price_2h io_product_price_2h_241258\">\r\n                <p class=\"io_product_price_top_left\">$69.89<\/p>\r\n                <p class=\"io_product_price_top_right\">for 2 hours<\/p>\r\n            <\/div>\r\n            <div class=\"io_product_price_box io_product_price_3h io_product_price_3h_241258\">\r\n                <p class=\"io_product_price_top_left\">$69.89<\/p>\r\n                <p class=\"io_product_price_top_right\">for 3 hours<\/p>\r\n            <\/div>\r\n            <div class=\"io_product_price_box io_product_price_4h io_product_price_4h_241258\">\r\n                <p class=\"io_product_price_top_left\">$69.89<\/p>\r\n                <p class=\"io_product_price_top_right\">for 4 hours<\/p>\r\n            <\/div>\r\n            <div class=\"io_product_price_box io_product_price_5h io_product_price_5h_241258\">\r\n                <p class=\"io_product_price_top_left\">$69.89<\/p>\r\n                <p class=\"io_product_price_top_right\">for 5 hours<\/p>\r\n            <\/div>\r\n            <div class=\"io_product_price_box io_product_price_6h io_product_price_6h_241258\">\r\n                <p class=\"io_product_price_top_left\">$69.89<\/p>\r\n                <p class=\"io_product_price_top_right\">for 6 hours<\/p>\r\n            <\/div>\r\n            <div class=\"io_product_price_box io_product_price_7h io_product_price_7h_241258\">\r\n                <p class=\"io_product_price_left\">$69.89<\/p>\r\n                <p class=\"io_product_price_right\">for 7 hours<\/p>\r\n            <\/div>\r\n            <div class=\"io_product_price_box io_product_price_8h io_product_price_8h_241258\">\r\n                <p class=\"io_product_price_left\">$69.89<\/p>\r\n                <p class=\"io_product_price_right\">for 8 hours<\/p>\r\n            <\/div>\r\n            <div class=\"io_product_price_box io_product_price_9h io_product_price_9h_241258\">\r\n                <p class=\"io_product_price_left\">$69.89<\/p>\r\n                <p class=\"io_product_price_right\">for 9 hours<\/p>\r\n            <\/div>\r\n            <div class=\"io_product_price_box io_product_price_10h io_product_price_10h_241258\">\r\n                <p class=\"io_product_price_left\">$69.89<\/p>\r\n                <p class=\"io_product_price_right\">for 10 hours<\/p>\r\n            <\/div>\r\n            <div class=\"io_product_price_box io_product_price_11h io_product_price_11h_241258\">\r\n                <p class=\"io_product_price_left\">$69.89<\/p>\r\n                <p class=\"io_product_price_right\">for 11 hours<\/p>\r\n            <\/div>\r\n            <div class=\"io_product_price_box io_product_price_12h io_product_price_12h_241258\">\r\n                <p class=\"io_product_price_left\">$69.89<\/p>\r\n                <p class=\"io_product_price_right\">for 12 hours<\/p>\r\n            <\/div>\r\n            <div class=\"io_product_price_box io_product_price_13h io_product_price_13h_241258\">\r\n                <p class=\"io_product_price_left\">$69.89<\/p>\r\n                <p class=\"io_product_price_right\">for 13 hours<\/p>\r\n            <\/div>\r\n            <div class=\"io_product_price_box io_product_price_14h io_product_price_14h_241258\">\r\n                <p class=\"io_product_price_left\">$69.89<\/p>\r\n                <p class=\"io_product_price_right\">for 14 hours<\/p>\r\n            <\/div>\r\n            <div class=\"io_product_price_box io_product_price_15h io_product_price_15h_241258\">\r\n                <p class=\"io_product_price_left\">$69.89<\/p>\r\n                <p class=\"io_product_price_right\">for 15 hours<\/p>\r\n            <\/div>\r\n            <div class=\"io_product_price_box io_product_price_16h io_product_price_16h_241258\">\r\n                <p class=\"io_product_price_left\">$69.89<\/p>\r\n                <p class=\"io_product_price_right\">for 16 hours<\/p>\r\n            <\/div>\r\n            <div class=\"io_product_price_box io_product_price_24h io_product_price_24h_241258\">\r\n                <p class=\"io_product_price_left\">$69.89<\/p>\r\n                <p class=\"io_product_price_right\">per day<\/p>\r\n            <\/div>\r\n            <div class=\"io_product_price_box io_product_price_additionalday io_product_price_additionalday_241258\">\r\n                <p class=\"io_product_price_left\">$34.96<\/p>\r\n                <p class=\"io_product_price_right\">per additional day<\/p>\r\n            <\/div>\r\n            <div class=\"io_product_price_box io_product_price_48h io_product_price_48h_241258\">\r\n                <p class=\"io_product_price_left\">$104.85<\/p>\r\n                <p class=\"io_product_price_right\">for 2 days<\/p>\r\n            <\/div>\r\n            <div class=\"io_product_price_box io_product_price_72h io_product_price_72h_241258\">\r\n                <p class=\"io_product_price_left\">$139.81<\/p>\r\n                <p class=\"io_product_price_right\">for 3 days<\/p>\r\n            <\/div>\r\n            <div class=\"io_product_price_box io_product_price_96h io_product_price_96h_241258\">\r\n                <p class=\"io_product_price_left\">$174.77<\/p>\r\n                <p class=\"io_product_price_right\">for 4 days<\/p>\r\n            <\/div>\r\n            <div class=\"io_product_price_box io_product_price_120h io_product_price_120h_241258\">\r\n                <p class=\"io_product_price_left\">$209.73<\/p>\r\n                <p class=\"io_product_price_right\">for 5 days<\/p>\r\n            <\/div>\r\n            <div class=\"io_product_price_box io_product_price_168h io_product_price_168h_241258\">\r\n                <p class=\"io_product_price_left\">$279.65<\/p>\r\n                <p class=\"io_product_price_right\">for 1 week<\/p>\r\n            <\/div>\r\n            <div class=\"io_product_price_box io_product_price_336h io_product_price_336h_241258\">\r\n                <p class=\"io_product_price_left\">$524.37<\/p>\r\n                <p class=\"io_product_price_right\">for 2 weeks<\/p>\r\n            <\/div>\r\n            <div class=\"io_product_price_box io_product_price_504h io_product_price_504h_241258\">\r\n                <p class=\"io_product_price_left\">$769.09<\/p>\r\n                <p class=\"io_product_price_right\">for 3 weeks<\/p>\r\n            <\/div>\r\n            <div class=\"io_product_price_box io_product_price_720h io_product_price_720h_241258\">\r\n                <p class=\"io_product_price_left\">$1,083.73<\/p>\r\n                <p class=\"io_product_price_right\">for 1 month<\/p>\r\n            <\/div>\r\n            <div class=\"io_product_acc_pkg\" style=\"margin-top:14px\"><\/div>\r\n            <div style=\"display: inline-flex\">\r\n                <div>\r\n                    <div class=\"elementor-widget-button add_cart_241258\">\r\n                        <a id=\"bookNowBtn\"\r\n                           class=\"item_add elementor-button elementor-size-sm elementor-animation-grow io_button\"\r\n                           href=\"javascript:;\"><!--no linebreak bc elementor--><i class=\"fas fa-shopping-cart\"><\/i> Add to Cart<\/a>\r\n                    <\/div>\r\n                    <div class=\"unavailable_message\" onclick=\"checkAvailDateClick()\">item unavailable (change date)<\/div>\r\n                <\/div>\r\n                <div class=\"delivery_charge_check_container\">\r\n                    <div class=\"elementor-widget-button check_delivery_241258\">\r\n                        <a id=\"checkDeliveryButton\"\r\n                           class=\"elementor-button elementor-size-sm elementor-animation-grow io_button\"\r\n                           href=\"javascript:;\" onClick=\"showAddressEntry()\"><i class=\"fas fa-truck\"><\/i> Check Delivery<\/a>\r\n                    <\/div>\r\n                <\/div>\r\n            <\/div>\r\n            <div class=\"io_product_detailbox\">\r\n                <h3 class=\"io_product_subtitle\">Product Information:<\/h3>\r\n                <div class=\"io_product_desc\"><\/p>\n<p style='box-sizing: border-box; margin: 0px 0px 20px; color: rgb(116, 116, 116); font-family: \"Open Sans\", Arial, Helvetica, sans-serif; font-size: 14px; font-style: normal; font-variant-ligatures: normal; font-variant-caps: normal; font-weight: 400; letter-spacing: normal; orphans: 2; text-align: start; text-indent: 0px; text-transform: none; white-space: normal; widows: 2; word-spacing: 0px; -webkit-text-stroke-width: 0px; background-color: rgb(255, 255, 255); text-decoration-thickness: initial; text-decoration-style: initial; text-decoration-color: initial;'>\n<style type=\"text\/css\"><!--td {border: 1px solid #ccc;}br {mso-data-placement:same-cell;}--><\/style>\n<style type=\"text\/css\"><!--td {border: 1px solid #ccc;}br {mso-data-placement:same-cell;}--><\/style>\n<p><span data-sheets-userformat='{\"2\":1,\"3\":{\"1\":0}}' data-sheets-value='{\"1\":2,\"2\":\"L\u2019ar\u00f4me du popcorn fra\u00eechement \u00e9clat\u00e9, quel d\u00e9lice pour petits et grands.\nDu popcorn avec le m\u00eame go\u00fbt que celui au cin\u00e9ma. Du popcorn chaud et savoureux! Il n\u2019y a rien de meilleur. Quand l\u2019odeur vous passe sous le nez vous devez absolument vous en procurer un sac!! Ajoutez une machine \u00e0 popcorn \u00e0 votre prochain \u00e9v\u00e9nement et f\u00eate d\u2019enfants.\nDes machines de qualit\u00e9 industrielle \u00e0 haut rendement vous permettent de ne jamais manquer de popcorn.\nMachine simple, pour petit groupe. La machine sera lou\u00e9e avec l\u2019achat de notre popcorn seulement.\nRajoutez encore plus de plaisir avec l\u2019un de nos jeux gonflables! Du plaisir sur toute la ligne!\"}' style=\"font-size:10pt;font-family:Arial;font-style:normal;\">L&rsquo;ar&ocirc;me du popcorn fra&icirc;chement &eacute;clat&eacute;, quel d&eacute;lice pour petits et grands.<br \/>Du popcorn avec le m&ecirc;me go&ucirc;t que celui au cin&eacute;ma. Du popcorn chaud et savoureux! Il n&rsquo;y a rien de meilleur. Quand l&rsquo;odeur vous passe sous le nez vous devez absolument vous en procurer un sac!! Ajoutez une machine &agrave; popcorn &agrave; votre prochain &eacute;v&eacute;nement et f&ecirc;te d&rsquo;enfants.<br \/>Des machines de qualit&eacute; industrielle &agrave; haut rendement vous permettent de ne jamais manquer de popcorn.<br \/>Machine simple, pour petit groupe. La machine sera lou&eacute;e avec l&rsquo;achat de notre popcorn seulement.<br \/>Rajoutez encore plus de plaisir avec l&rsquo;un de nos jeux gonflables! Du plaisir sur toute la ligne!<\/span>\n<\/p>\n<p><\/div>\r\n            <\/div>\r\n\r\n            <div class=\"io_product_detail_box\">\r\n                <p class=\"io_product_dimensions_left\">Transport Dimensions:<\/p>\r\n                <p class=\"io_product_dimensions_right\"><\/p>\r\n            <\/div>\r\n            <div class=\"io_product_detail_box\">\r\n                <p class=\"io_product_footprint_left\">Vehicle Required:<\/p>\r\n                <p class=\"io_product_footprint_right io_vehicle\">car<\/p>\r\n            <\/div>\r\n            <script>\r\n                if(jQuery(\".io_vehicle\").html()=='car'){\r\n                    jQuery(\".io_vehicle\").addClass(\"fas fa-car-side\");\r\n                }else if(jQuery(\".io_vehicle\").html()=='van' | jQuery(\".io_vehicle\").html()=='suv'){\r\n                    jQuery(\".io_vehicle\").addClass(\"fas fa-shuttle-van\");\r\n                }else if(jQuery(\".io_vehicle\").html()=='truck'){\r\n                    jQuery(\".io_vehicle\").addClass(\"fas fa-truck\");\r\n                }\r\n            <\/script>\r\n            <div class=\"io_product_detail_box\" style=\"margin-top:40px\">\r\n                <p class=\"io_product_circuits_left\">Circuits needed:<\/p>\r\n                <p class=\"io_product_circuits_right\">1<\/p>\r\n            <\/div>\r\n            <div class=\"io_product_detail_box\">\r\n                <p class=\"io_product_footprint_left\">Space Needed:<\/p>\r\n                <p class=\"io_product_footprint_right\">1\u20198\u2033 L x  1\u20198\u2033 x 2\u20198\u2033 h<\/p>\r\n            <\/div>\r\n            <div class=\"io_product_detail_box\">\r\n                <p class=\"io_product_footprint_left\">Water Hookup:<\/p>\r\n                <p class=\"io_product_footprint_right\">no<\/p>\r\n            <\/div>\r\n            <div class=\"io_product_detail_box\">\r\n                <p class=\"io_product_footprint_left\">Recommended Ages:<\/p>\r\n                <p class=\"io_product_footprint_right\"><\/p>\r\n            <\/div>\r\n            <div class=\"io_product_detail_box\">\r\n                <p class=\"io_product_footprint_left\">Max Capacity:<\/p>\r\n                <p class=\"io_product_footprint_right\"><\/p>\r\n            <\/div>\r\n        <\/div>\r\n    <\/div>\r\n    \r\n    <div class=\"io_product_accessories\">\r\n        <\/p>\n<h3 class=\"io_acc_h3\">Accessories:<\/h3>\n<p><span class=\"io_acc_accessorydd\" style=\"display:none;\">0<\/span><span class=\"io_acc_accessorylimit\" style=\"display:none;\">0<\/span><span class=\"io_acc_ispackage\" style=\"display:none;\">0<\/span><\/p>\n<ul class=\"io_acc_ul\">\n<li class=\"io_acc_li simpleCart_ioShelfItem\" id=\"io_acc_241258_241723\"><a rel=\"img_group noopener\" href=\"https:\/\/amuz.ca\/fr\/wp-content\/uploads\/sites\/2\/2021\/10\/80df26992d53bdbaf0b98e9a228c2b99.png\" id=\"io_acc_imgbig_241258_241723\"><image class=\"io_acc_li_img_thumb item_image\"  id=\"iothumb_241258_241723\" src=\"https:\/\/amuz.ca\/fr\/wp-content\/uploads\/sites\/2\/2021\/10\/80df26992d53bdbaf0b98e9a228c2b99.png\" title=\"\" \/><\/a><span class=\"io_acc_li_name\" id=\"io_acc_shortname_241258_241723\" title=\"\">Popcorn Pouch Mix<\/span><span class=\"item_name\" style=\"display:none;\" id=\"io_acc_itemname_241723\">Popcorn Machine 8oz:Popcorn Pouch Mix<\/span><span class=\"item_qtyincrement\" id=\"io_acc_qtyincrement_241723\" style=\"display:none\">1<\/span><span class=\"item_inputtype\" id=\"io_acc_inputtype_241723\" style=\"display:none\">Dropdown<\/span><span class=\"item_required\" id=\"io_acc_required_241258_241723\" style=\"display:none\">5<\/span><span class=\"item_rentalid\" style=\"display:none\">241258_241723<\/span><span class=\"item_linkqty\" style=\"display:none\">0<\/span><span class=\"item_overrideprice\" id=\"io_acc_overrideprice_241258_241723\" style=\"display:none\">0<\/span><span class=\"item_accessorylimit\" id=\"io_acc_accessorylimit_241258_241723\" style=\"display:none;\">0<\/span><span class=\"item_accessorydd\" id=\"io_acc_accessorydd_241258_241723\" style=\"display:none;\">0<\/span><span class=\"io_acc_li_desc\" id=\"io_acc_desc_241258_241723\">\n<p>Minimum purchase is 45 portions<\/p>\n<p><\/span><\/li>\n<\/ul>\n<p>\r\n    <\/div>\r\n    <a name=\"page_product_reviews\"><\/a>\r\n    <div class=\"io_product_reviewbox\">\r\n        \r\n    <\/div>\r\n    <!--div class=\"io_product_upsell\">\r\n        <h3 class=\"io_upsell_h3\">You might also be interested in:<\/h3>\r\n        <div class=\"page-carousel\"><\/div>\r\n    <\/div-->\r\n    <div class=\"io_landingpages io_landingpages_241258 elementor-widget-text-editor\">\r\n        <!-- Start Shortcoder content -->                                Conveniently located in Vaudreuil and also serving surrounding areas.                            <!-- End Shortcoder content -->\r\n    <\/div>\r\n<\/div>\r\n<script>\r\n    \/\/stars\r\n    jQuery(document).ready(function () {\r\n        for(i=0;i<05;i++){\r\n            jQuery(\".io_stars_241258\").append('<div class=\"fas fa-star\" style=\"color:goldenrod\"><\/div>');\r\n        }\r\n        var times = getAvailTimes();\r\n        \/*getUpsellsCall(times[0],times[1],times[2],jQuery(\".io_product_infobox .item_rentalid\").first().text(), updatePageUpsell);*\/\r\n    });\r\n    var acc_obj_relate = JSON.parse('{\"241723\":{}} ');\r\n    var images_arr = JSON.parse('{\"0\":{\"rentalimage_id\":\"62255\",\"rentalimage_createtime\":\"0\",\"rentalimage_modifiedtime\":\"0\",\"rentalimage_itemid\":\"241258\",\"rentalimage_order\":\"0\",\"rentalimage_imageloc\":\"https:\/\/amuz.ca\/fr\/wp-content\/uploads\/sites\/2\/2023\/08\/a6563cb84647109db1d256901197c70e.jpg\",\"rentalimage_imagelocbig\":\"https:\/\/amuz.ca\/fr\/wp-content\/uploads\/sites\/2\/2021\/10\/6f854a1b13697d4548c8c06c453cf12e.jpg\"}} ');\r\n    var rental_name_template = \"Popcorn Machine 8oz\";\r\n    var alt_text_template = \"Popcorn Machine 8oz\";\r\n\r\n    function updatePageUpsell(data){\r\n        let page_carousel = jQuery(\".page-carousel\");\r\n        data.forEach(function(upsell){\r\n            cell = createPageCarouselCell(upsell[\"image\"], upsell[\"name\"], upsell[\"page\"]);\r\n            page_carousel.append(cell);\r\n        });\r\n        makeCarousel(page_carousel);\r\n        setTimeout(pageFlickityRefresh, 500);\r\n    }\r\n    function createPageCarouselCell(image, name, page){\r\n        cell = '<div class=\"io_page_carousel_cell\"> <a href=\"'+page+'\" class=\"page-carousel-link\"> <img decoding=\"async\" class=\"page-carousel-image skip-lazy\" src=\"'+image+'\"> <p class=\"page-carousel-name\"> '+name+' <\/p> <\/a> <\/div>';\r\n        return cell;\r\n    }\r\n    function pageFlickityRefresh(){\r\n        jQuery(\".page-carousel\").flickity(\"resize\");\r\n    }\r\n<\/script>\r\n<!-- End Shortcoder content -->\n","protected":false},"excerpt":{"rendered":"","protected":false},"author":1,"featured_media":3233,"parent":3951,"menu_order":0,"comment_status":"closed","ping_status":"closed","template":"","meta":{"io_meta_description":"<p style='box-sizing: border-box; margin: 0px 0px 20px; color: rgb(116, 116, 116); font-family: \"Open Sans\", Arial, Helvetica, sans-serif; font-size: 14px; font-style: normal; font-variant-ligatures: normal; font-variant-caps: normal; font-weight: 400; letter-spacing: normal; orphans: 2; text-align: start; text-indent: 0px; text-transform: none; white-space: normal; widows: 2; word-spacing: 0px; -webkit-text-stroke-width: 0px; background-color: rgb(255, 255, 255); text-decoration-thickness: initial; text-decoration-style: initial; text-decoration-color: initial;'><style type=\"text\/css\"><!--td {border: 1px solid #ccc;}br {mso-data-placement:same-cell;}--><\/style><style type=\"text\/css\"><!--td {border: 1px solid #ccc;}br {mso-data-placement:same-cell;}--><\/style><span data-sheets-userformat='{\"2\":1,\"3\":{\"1\":0}}' data-sheets-value='{\"1\":2,\"2\":\"L\u2019ar\u00f4me du popcorn fra\u00eechement \u00e9clat\u00e9, quel d\u00e9lice pour petits et grands.\\nDu popcorn avec le m\u00eame go\u00fbt que celui au cin\u00e9ma. Du popcorn chaud et savoureux! Il n\u2019y a rien de meilleur. Quand l\u2019odeur vous passe sous le nez vous devez absolument vous en procurer un sac!! Ajoutez une machine \u00e0 popcorn \u00e0 votre prochain \u00e9v\u00e9nement et f\u00eate d\u2019enfants.\\nDes machines de qualit\u00e9 industrielle \u00e0 haut rendement vous permettent de ne jamais manquer de popcorn.\\nMachine simple, pour petit groupe. La machine sera lou\u00e9e avec l\u2019achat de notre popcorn seulement.\\nRajoutez encore plus de plaisir avec l\u2019un de nos jeux gonflables! Du plaisir sur toute la ligne!\"}' style=\"font-size:10pt;font-family:Arial;font-style:normal;\">L&rsquo;ar&ocirc;me du popcorn fra&icirc;chement &eacute;clat&eacute;, quel d&eacute;lice pour petits et grands.<br>Du popcorn avec le m&ecirc;me go&ucirc;t que celui au cin&eacute;ma. Du popcorn chaud et savoureux! Il n&rsquo;y a rien de meilleur. Quand l&rsquo;odeur vous passe sous le nez vous devez absolument vous en procurer un sac!! Ajoutez une machine &agrave; popcorn &agrave; votre prochain &eacute;v&eacute;nement et f&ecirc;te d&rsquo;enfants.<br>Des machines de qualit&eacute; industrielle &agrave; haut rendement vous permettent de ne jamais manquer de popcorn.<br>Machine simple, pour petit groupe. La machine sera lou&eacute;e avec l&rsquo;achat de notre popcorn seulement.<br>Rajoutez encore plus de plaisir avec l&rsquo;un de nos jeux gonflables! Du plaisir sur toute la ligne!<\/span>\n<\/p>","footnotes":""},"class_list":["post-3996","page","type-page","status-publish","has-post-thumbnail","hentry"],"_links":{"self":[{"href":"https:\/\/amuz.ca\/fr\/wp-json\/wp\/v2\/pages\/3996","targetHints":{"allow":["GET"]}}],"collection":[{"href":"https:\/\/amuz.ca\/fr\/wp-json\/wp\/v2\/pages"}],"about":[{"href":"https:\/\/amuz.ca\/fr\/wp-json\/wp\/v2\/types\/page"}],"author":[{"embeddable":true,"href":"https:\/\/amuz.ca\/fr\/wp-json\/wp\/v2\/users\/1"}],"replies":[{"embeddable":true,"href":"https:\/\/amuz.ca\/fr\/wp-json\/wp\/v2\/comments?post=3996"}],"version-history":[{"count":3,"href":"https:\/\/amuz.ca\/fr\/wp-json\/wp\/v2\/pages\/3996\/revisions"}],"predecessor-version":[{"id":10293,"href":"https:\/\/amuz.ca\/fr\/wp-json\/wp\/v2\/pages\/3996\/revisions\/10293"}],"up":[{"embeddable":true,"href":"https:\/\/amuz.ca\/fr\/wp-json\/wp\/v2\/pages\/3951"}],"wp:featuredmedia":[{"embeddable":true,"href":"https:\/\/amuz.ca\/fr\/wp-json\/wp\/v2\/media\/3233"}],"wp:attachment":[{"href":"https:\/\/amuz.ca\/fr\/wp-json\/wp\/v2\/media?parent=3996"}],"curies":[{"name":"wp","href":"https:\/\/api.w.org\/{rel}","templated":true}]}}