{"id":4389,"date":"2022-02-09T20:50:14","date_gmt":"2022-02-09T20:50:14","guid":{"rendered":"https:\/\/amuz.ca\/fr\/locations\/jeux-gonflables\/course-a-obstacle-combo-2\/"},"modified":"2025-09-24T15:48:23","modified_gmt":"2025-09-24T15:48:23","slug":"course-a-obstacle-combo-2","status":"publish","type":"page","link":"https:\/\/amuz.ca\/fr\/locations\/jeux-gonflables\/course-a-obstacle-combo-2\/","title":{"rendered":"Course \u00e0 obstacle combo #2"},"content":{"rendered":"<!-- Start Shortcoder content --><div class=\"io_product_container elementor-widget-text-editor io_product_container_1476891\">\r\n    <!-- Cart -->\r\n    <div class=\"cartInfo\" style=\"display:none\">\r\n        <i class=\"cartIcon fas fa-shopping-cart\"><\/i><!--no linebreak bc elementor--> <span class=\"simpleCart_quantity\"><\/span> items\r\n    <\/div>\r\n\r\n    <!-- Page Content -->\r\n    <div class=\"simpleCart_ioShelfItem\">\r\n        <div class=\"io_product_picbox\">\r\n            <a rel=\"img_group noopener\" id=\"single_image\" href=\"https:\/\/amuz.ca\/fr\/wp-content\/uploads\/sites\/2\/2023\/09\/course20a20obstacle20cone_1648653192_big.jpg\">\r\n              <img decoding=\"async\" class=\"io_image_big item_image\" title=\"Course \u00e0 obstacle combo #2\" src=\"https:\/\/amuz.ca\/fr\/wp-content\/uploads\/sites\/2\/2023\/09\/course20a20obstacle20cone_1648653192_big.jpg\" alt=\"Obstacle Course Combo #2\" \/>\r\n            <\/a>\r\n            <a rel=\"\" href=\"https:\/\/amuz.ca\/fr\/wp-content\/uploads\/sites\/2\/2023\/09\/course20a20obstacle20cone_1648653192_big.jpg\" id=\"io_img_big1\"><\/a>\r\n            <a rel=\"img_group noopener\" href=\"https:\/\/amuz.ca\/fr\/wp-content\/uploads\/sites\/2\/2023\/09\/course_a_obstacle_corde_1648653144_big.png\" id=\"io_img_big2\"><\/a>\r\n            <a rel=\"img_group noopener\" href=\"https:\/\/amuz.ca\/fr\/wp-content\/uploads\/sites\/2\/2023\/09\/course_a_obstacle_cone_haut_1648653192_big.png\" id=\"io_img_big3\"><\/a>\r\n            <a rel=\"img_group noopener\" href=\"\" id=\"io_img_big4\"><\/a>\r\n            <br>\r\n            <div class=\"io_image_thumbbox\">\r\n                <img decoding=\"async\" class=\"io_image_thumb skip-lazy\" title=\"Course \u00e0 obstacle combo #2\" src=\"https:\/\/amuz.ca\/fr\/wp-content\/uploads\/sites\/2\/2023\/09\/course20a20obstacle20cone_1648653192.jpg\" alt=\"Obstacle Course Combo #2\"\r\n                     id=\"io_img_thumb1\" onclick=\"updateMainPic(this)\" \/>\r\n                <img decoding=\"async\" class=\"io_image_thumb skip-lazy\" title=\"Course \u00e0 obstacle combo #2\" src=\"https:\/\/amuz.ca\/fr\/wp-content\/uploads\/sites\/2\/2023\/09\/course_a_obstacle_corde_1648653144.png\" alt=\"\" id=\"io_img_thumb2\" onclick=\"updateMainPic(this)\">\r\n                <img decoding=\"async\" class=\"io_image_thumb skip-lazy\" title=\"Course \u00e0 obstacle combo #2\" src=\"https:\/\/amuz.ca\/fr\/wp-content\/uploads\/sites\/2\/2023\/09\/course_a_obstacle_cone_haut_1648653192.png\" alt=\"\" id=\"io_img_thumb3\" onclick=\"updateMainPic(this)\">\r\n                <img decoding=\"async\" class=\"io_image_thumb skip-lazy\" title=\"Course \u00e0 obstacle combo #2\" src=\"\" alt=\"\" id=\"io_img_thumb4\" onclick=\"updateMainPic(this)\">\r\n            <\/div>\r\n        <\/div>\r\n        <div class=\"io_product_infobox\">\r\n            <div class=\"elementor-widget-heading\">\r\n                <h1 class=\"io_product_title elementor-heading-title item_name\">Course \u00e0 obstacle combo #2<\/h1>\r\n            <\/div>\r\n            <p class=\"item_encoded\" style=\"display:none;\">Obstacle+Course+Combo+%232<\/p>\r\n            <p class=\"item_rentalid\" style=\"display:none;\">1476891<\/p>\r\n            <span class=\"item_qtyincrement\" style=\"display:none;\">1<\/span>\r\n            <div class=\"item_timeslots\" style=\"display:none;\"><\/div>\r\n            <div class=\"io_star_rating\">\r\n                <div class=\"io_stars_1476891 io_stars\"><\/div>\r\n                <a href=\"#page_product_reviews\">See Reviews<\/a>\r\n            <\/div>\r\n            <div class=\"io_product_price_box io_product_price_1h io_product_price_1h_1476891\">\r\n                <p class=\"io_product_price_top_left\">$495.00<\/p>\r\n                <p class=\"io_product_price_top_right\">per hour<\/p>\r\n            <\/div>\r\n            <div class=\"io_product_price_box io_product_price_2h io_product_price_2h_1476891\">\r\n                <p class=\"io_product_price_top_left\">$495.00<\/p>\r\n                <p class=\"io_product_price_top_right\">for 2 hours<\/p>\r\n            <\/div>\r\n            <div class=\"io_product_price_box io_product_price_3h io_product_price_3h_1476891\">\r\n                <p class=\"io_product_price_top_left\">$495.00<\/p>\r\n                <p class=\"io_product_price_top_right\">for 3 hours<\/p>\r\n            <\/div>\r\n            <div class=\"io_product_price_box io_product_price_4h io_product_price_4h_1476891\">\r\n                <p class=\"io_product_price_top_left\">$495.00<\/p>\r\n                <p class=\"io_product_price_top_right\">for 4 hours<\/p>\r\n            <\/div>\r\n            <div class=\"io_product_price_box io_product_price_5h io_product_price_5h_1476891\">\r\n                <p class=\"io_product_price_top_left\">$495.00<\/p>\r\n                <p class=\"io_product_price_top_right\">for 5 hours<\/p>\r\n            <\/div>\r\n            <div class=\"io_product_price_box io_product_price_6h io_product_price_6h_1476891\">\r\n                <p class=\"io_product_price_top_left\">$495.00<\/p>\r\n                <p class=\"io_product_price_top_right\">for 6 hours<\/p>\r\n            <\/div>\r\n            <div class=\"io_product_price_box io_product_price_7h io_product_price_7h_1476891\">\r\n                <p class=\"io_product_price_left\">$495.00<\/p>\r\n                <p class=\"io_product_price_right\">for 7 hours<\/p>\r\n            <\/div>\r\n            <div class=\"io_product_price_box io_product_price_8h io_product_price_8h_1476891\">\r\n                <p class=\"io_product_price_left\">$495.00<\/p>\r\n                <p class=\"io_product_price_right\">for 8 hours<\/p>\r\n            <\/div>\r\n            <div class=\"io_product_price_box io_product_price_9h io_product_price_9h_1476891\">\r\n                <p class=\"io_product_price_left\">$495.00<\/p>\r\n                <p class=\"io_product_price_right\">for 9 hours<\/p>\r\n            <\/div>\r\n            <div class=\"io_product_price_box io_product_price_10h io_product_price_10h_1476891\">\r\n                <p class=\"io_product_price_left\">$495.00<\/p>\r\n                <p class=\"io_product_price_right\">for 10 hours<\/p>\r\n            <\/div>\r\n            <div class=\"io_product_price_box io_product_price_11h io_product_price_11h_1476891\">\r\n                <p class=\"io_product_price_left\">$495.00<\/p>\r\n                <p class=\"io_product_price_right\">for 11 hours<\/p>\r\n            <\/div>\r\n            <div class=\"io_product_price_box io_product_price_12h io_product_price_12h_1476891\">\r\n                <p class=\"io_product_price_left\">$495.00<\/p>\r\n                <p class=\"io_product_price_right\">for 12 hours<\/p>\r\n            <\/div>\r\n            <div class=\"io_product_price_box io_product_price_13h io_product_price_13h_1476891\">\r\n                <p class=\"io_product_price_left\">$495.00<\/p>\r\n                <p class=\"io_product_price_right\">for 13 hours<\/p>\r\n            <\/div>\r\n            <div class=\"io_product_price_box io_product_price_14h io_product_price_14h_1476891\">\r\n                <p class=\"io_product_price_left\">$495.00<\/p>\r\n                <p class=\"io_product_price_right\">for 14 hours<\/p>\r\n            <\/div>\r\n            <div class=\"io_product_price_box io_product_price_15h io_product_price_15h_1476891\">\r\n                <p class=\"io_product_price_left\">$495.00<\/p>\r\n                <p class=\"io_product_price_right\">for 15 hours<\/p>\r\n            <\/div>\r\n            <div class=\"io_product_price_box io_product_price_16h io_product_price_16h_1476891\">\r\n                <p class=\"io_product_price_left\">$495.00<\/p>\r\n                <p class=\"io_product_price_right\">for 16 hours<\/p>\r\n            <\/div>\r\n            <div class=\"io_product_price_box io_product_price_24h io_product_price_24h_1476891\">\r\n                <p class=\"io_product_price_left\">$495.00<\/p>\r\n                <p class=\"io_product_price_right\">per day<\/p>\r\n            <\/div>\r\n            <div class=\"io_product_price_box io_product_price_additionalday io_product_price_additionalday_1476891\">\r\n                <p class=\"io_product_price_left\">$247.50<\/p>\r\n                <p class=\"io_product_price_right\">per additional day<\/p>\r\n            <\/div>\r\n            <div class=\"io_product_price_box io_product_price_48h io_product_price_48h_1476891\">\r\n                <p class=\"io_product_price_left\">$742.50<\/p>\r\n                <p class=\"io_product_price_right\">for 2 days<\/p>\r\n            <\/div>\r\n            <div class=\"io_product_price_box io_product_price_72h io_product_price_72h_1476891\">\r\n                <p class=\"io_product_price_left\">$990.00<\/p>\r\n                <p class=\"io_product_price_right\">for 3 days<\/p>\r\n            <\/div>\r\n            <div class=\"io_product_price_box io_product_price_96h io_product_price_96h_1476891\">\r\n                <p class=\"io_product_price_left\">$1,237.50<\/p>\r\n                <p class=\"io_product_price_right\">for 4 days<\/p>\r\n            <\/div>\r\n            <div class=\"io_product_price_box io_product_price_120h io_product_price_120h_1476891\">\r\n                <p class=\"io_product_price_left\">$1,485.00<\/p>\r\n                <p class=\"io_product_price_right\">for 5 days<\/p>\r\n            <\/div>\r\n            <div class=\"io_product_price_box io_product_price_168h io_product_price_168h_1476891\">\r\n                <p class=\"io_product_price_left\">$1,980.00<\/p>\r\n                <p class=\"io_product_price_right\">for 1 week<\/p>\r\n            <\/div>\r\n            <div class=\"io_product_price_box io_product_price_336h io_product_price_336h_1476891\">\r\n                <p class=\"io_product_price_left\">$3,712.50<\/p>\r\n                <p class=\"io_product_price_right\">for 2 weeks<\/p>\r\n            <\/div>\r\n            <div class=\"io_product_price_box io_product_price_504h io_product_price_504h_1476891\">\r\n                <p class=\"io_product_price_left\">$5,445.00<\/p>\r\n                <p class=\"io_product_price_right\">for 3 weeks<\/p>\r\n            <\/div>\r\n            <div class=\"io_product_price_box io_product_price_720h io_product_price_720h_1476891\">\r\n                <p class=\"io_product_price_left\">$7,672.50<\/p>\r\n                <p class=\"io_product_price_right\">for 1 month<\/p>\r\n            <\/div>\r\n            <div class=\"io_product_acc_pkg\" style=\"margin-top:14px\"><\/div>\r\n            <div style=\"display: inline-flex\">\r\n                <div>\r\n                    <div class=\"elementor-widget-button add_cart_1476891\">\r\n                        <a id=\"bookNowBtn\"\r\n                           class=\"item_add elementor-button elementor-size-sm elementor-animation-grow io_button\"\r\n                           href=\"javascript:;\"><!--no linebreak bc elementor--><i class=\"fas fa-shopping-cart\"><\/i> Add to Cart<\/a>\r\n                    <\/div>\r\n                    <div class=\"unavailable_message\" onclick=\"checkAvailDateClick()\">item unavailable (change date)<\/div>\r\n                <\/div>\r\n                <div class=\"delivery_charge_check_container\">\r\n                    <div class=\"elementor-widget-button check_delivery_1476891\">\r\n                        <a id=\"checkDeliveryButton\"\r\n                           class=\"elementor-button elementor-size-sm elementor-animation-grow io_button\"\r\n                           href=\"javascript:;\" onClick=\"showAddressEntry()\"><i class=\"fas fa-truck\"><\/i> Check Delivery<\/a>\r\n                    <\/div>\r\n                <\/div>\r\n            <\/div>\r\n            <div class=\"io_product_detailbox\">\r\n                <h3 class=\"io_product_subtitle\">Product Information:<\/h3>\r\n                <div class=\"io_product_desc\"><\/p>\n<p><style type=\"text\/css\"><!--td {border: 1px solid #ccc;}br {mso-data-placement:same-cell;}--><\/style>\n<style type=\"text\/css\"><!--td {border: 1px solid #ccc;}br {mso-data-placement:same-cell;}--><\/style>\n<p><span data-sheets-userformat='{\"2\":1,\"3\":{\"1\":0}}' data-sheets-value=\"{\"1\":2,\"2\":\"Combo course d'obstacles #2\r\nCe combo unique en son genre dont le fond n'est pas gonfl\u00e9. Ce combo de parcours d'obstacles gonflable se compose de 2 unit\u00e9s de 30 pieds par unit\u00e9. Il n\u00e9cessite 2 souffleurs. Deux superbes unit\u00e9s avec un concept unique.\r\nCe combo a une unit\u00e9 avec obstacle en forme de c\u00f4nes rendant le parcours p\u00e9rilleux  et la deuxi\u00e8me unit\u00e9 a des \u00e9lastiques du style mission impossible\r\nLes unit\u00e9s ne seront pas lou\u00e9es s\u00e9par\u00e9ment, les combinaisons d'unit\u00e9s ne doivent pas \u00eatre modifi\u00e9es.\r\nLes parcours d'obstacles gonflables sont amusants pour tous les \u00e2ges et ils sont disponibles \u00e0 la location dans la r\u00e9gion de Montr\u00e9al.\r\nQui est partant pour le d\u00e9fi combo ?\r\n\"}\" style=\"font-size:10pt;font-family:Arial;font-style:normal;\">Combo course d&#39;obstacles #2<br \/>\n<br \/>Ce combo unique en son genre dont le fond n&#39;est pas gonfl&eacute;. Ce combo de parcours d&#39;obstacles gonflable se compose de 2 unit&eacute;s de 30 pieds par unit&eacute;. Il n&eacute;cessite 2 souffleurs. Deux superbes unit&eacute;s avec un concept unique.<br \/>\n<br \/>Ce combo a une unit&eacute; avec obstacle en forme de c&ocirc;nes rendant le parcours p&eacute;rilleux &nbsp;et la deuxi&egrave;me unit&eacute; a des &eacute;lastiques du style mission impossible<br \/>\n<br \/>Les unit&eacute;s ne seront pas lou&eacute;es s&eacute;par&eacute;ment, les combinaisons d&#39;unit&eacute;s ne doivent pas &ecirc;tre modifi&eacute;es.<br \/>\n<br \/>Les parcours d&#39;obstacles gonflables sont amusants pour tous les &acirc;ges et ils sont disponibles &agrave; la location dans la r&eacute;gion de Montr&eacute;al.<br \/>\n<br \/>Qui est partant pour le d&eacute;fi combo ?<br \/>\n<br \/><\/span><span data-sheets-userformat='{\"2\":1,\"3\":{\"1\":0}}' data-sheets-value=\"{\"1\":2,\"2\":\"Combo course d'obstacles #1\nCe combo unique en son genre dont le fond n'est pas gonfl\u00e9. Ce combo de parcours d'obstacles gonflable se compose de 2 unit\u00e9s de 30 pieds par unit\u00e9. Il n\u00e9cessite 2 souffleurs. Deux superbes unit\u00e9s avec un concept unique.\nCe combo a une unit\u00e9 avec obstacle en forme de triangles et la deuxi\u00e8me unit\u00e9 a des poteaux verticaux \nLes unit\u00e9s ne seront pas lou\u00e9es s\u00e9par\u00e9ment, les combinaisons d'unit\u00e9s ne doivent pas \u00eatre modifi\u00e9es.\nLes parcours d'obstacles gonflables sont amusants pour tous les \u00e2ges et ils sont disponibles \u00e0 la location dans la r\u00e9gion de Montr\u00e9al.\nQui est partant pour le d\u00e9fi combo ?\n\"}\" style=\"font-size:10pt;font-family:Arial;font-style:normal;\"><br \/><\/span><\/p>\n<p><\/div>\r\n            <\/div>\r\n\r\n            <div class=\"io_product_detail_box\">\r\n                <p class=\"io_product_dimensions_left\">Transport Dimensions:<\/p>\r\n                <p class=\"io_product_dimensions_right\"><\/p>\r\n            <\/div>\r\n            <div class=\"io_product_detail_box\">\r\n                <p class=\"io_product_footprint_left\">Vehicle Required:<\/p>\r\n                <p class=\"io_product_footprint_right io_vehicle\">truck<\/p>\r\n            <\/div>\r\n            <script>\r\n                if(jQuery(\".io_vehicle\").html()=='car'){\r\n                    jQuery(\".io_vehicle\").addClass(\"fas fa-car-side\");\r\n                }else if(jQuery(\".io_vehicle\").html()=='van' | jQuery(\".io_vehicle\").html()=='suv'){\r\n                    jQuery(\".io_vehicle\").addClass(\"fas fa-shuttle-van\");\r\n                }else if(jQuery(\".io_vehicle\").html()=='truck'){\r\n                    jQuery(\".io_vehicle\").addClass(\"fas fa-truck\");\r\n                }\r\n            <\/script>\r\n            <div class=\"io_product_detail_box\" style=\"margin-top:40px\">\r\n                <p class=\"io_product_circuits_left\">Circuits needed:<\/p>\r\n                <p class=\"io_product_circuits_right\">2<\/p>\r\n            <\/div>\r\n            <div class=\"io_product_detail_box\">\r\n                <p class=\"io_product_footprint_left\">Space Needed:<\/p>\r\n                <p class=\"io_product_footprint_right\">30\u2032 x 10\u2032 x 6\u2032 H<\/p>\r\n            <\/div>\r\n            <div class=\"io_product_detail_box\">\r\n                <p class=\"io_product_footprint_left\">Water Hookup:<\/p>\r\n                <p class=\"io_product_footprint_right\">no<\/p>\r\n            <\/div>\r\n            <div class=\"io_product_detail_box\">\r\n                <p class=\"io_product_footprint_left\">Recommended Ages:<\/p>\r\n                <p class=\"io_product_footprint_right\">all<\/p>\r\n            <\/div>\r\n            <div class=\"io_product_detail_box\">\r\n                <p class=\"io_product_footprint_left\">Max Capacity:<\/p>\r\n                <p class=\"io_product_footprint_right\">6-7<\/p>\r\n            <\/div>\r\n        <\/div>\r\n    <\/div>\r\n    \r\n    <div class=\"io_product_accessories\">\r\n        \r\n    <\/div>\r\n    <a name=\"page_product_reviews\"><\/a>\r\n    <div class=\"io_product_reviewbox\">\r\n        \r\n    <\/div>\r\n    <!--div class=\"io_product_upsell\">\r\n        <h3 class=\"io_upsell_h3\">You might also be interested in:<\/h3>\r\n        <div class=\"page-carousel\"><\/div>\r\n    <\/div-->\r\n    <div class=\"io_landingpages io_landingpages_1476891 elementor-widget-text-editor\">\r\n        <!-- Start Shortcoder content -->                                Conveniently located in Vaudreuil and also serving surrounding areas.                            <!-- End Shortcoder content -->\r\n    <\/div>\r\n<\/div>\r\n<script>\r\n    \/\/stars\r\n    jQuery(document).ready(function () {\r\n        for(i=0;i<00;i++){\r\n            jQuery(\".io_stars_1476891\").append('<div class=\"fas fa-star\" style=\"color:goldenrod\"><\/div>');\r\n        }\r\n        var times = getAvailTimes();\r\n        \/*getUpsellsCall(times[0],times[1],times[2],jQuery(\".io_product_infobox .item_rentalid\").first().text(), updatePageUpsell);*\/\r\n    });\r\n    var acc_obj_relate = JSON.parse('{} ');\r\n    var images_arr = JSON.parse('{\"0\":{\"rentalimage_id\":\"659277\",\"rentalimage_createtime\":null,\"rentalimage_modifiedtime\":null,\"rentalimage_itemid\":\"1476891\",\"rentalimage_order\":\"0\",\"rentalimage_imageloc\":\"https:\/\/amuz.ca\/fr\/wp-content\/uploads\/sites\/2\/2023\/09\/course20a20obstacle20cone_1648653192.jpg\",\"rentalimage_imagelocbig\":\"https:\/\/amuz.ca\/fr\/wp-content\/uploads\/sites\/2\/2023\/09\/course20a20obstacle20cone_1648653192_big.jpg\"},\"1\":{\"rentalimage_id\":\"659267\",\"rentalimage_createtime\":null,\"rentalimage_modifiedtime\":null,\"rentalimage_itemid\":\"1476891\",\"rentalimage_order\":\"1\",\"rentalimage_imageloc\":\"https:\/\/amuz.ca\/fr\/wp-content\/uploads\/sites\/2\/2023\/09\/course_a_obstacle_corde_1648653144.png\",\"rentalimage_imagelocbig\":\"https:\/\/amuz.ca\/fr\/wp-content\/uploads\/sites\/2\/2023\/09\/course_a_obstacle_corde_1648653144_big.png\"},\"2\":{\"rentalimage_id\":\"659279\",\"rentalimage_createtime\":null,\"rentalimage_modifiedtime\":null,\"rentalimage_itemid\":\"1476891\",\"rentalimage_order\":\"2\",\"rentalimage_imageloc\":\"https:\/\/amuz.ca\/fr\/wp-content\/uploads\/sites\/2\/2023\/09\/course_a_obstacle_cone_haut_1648653192.png\",\"rentalimage_imagelocbig\":\"https:\/\/amuz.ca\/fr\/wp-content\/uploads\/sites\/2\/2023\/09\/course_a_obstacle_cone_haut_1648653192_big.png\"}} ');\r\n    var rental_name_template = \"Obstacle Course Combo #2\";\r\n    var alt_text_template = \"Obstacle Course Combo #2\";\r\n\r\n    function updatePageUpsell(data){\r\n        let page_carousel = jQuery(\".page-carousel\");\r\n        data.forEach(function(upsell){\r\n            cell = createPageCarouselCell(upsell[\"image\"], upsell[\"name\"], upsell[\"page\"]);\r\n            page_carousel.append(cell);\r\n        });\r\n        makeCarousel(page_carousel);\r\n        setTimeout(pageFlickityRefresh, 500);\r\n    }\r\n    function createPageCarouselCell(image, name, page){\r\n        cell = '<div class=\"io_page_carousel_cell\"> <a href=\"'+page+'\" class=\"page-carousel-link\"> <img decoding=\"async\" class=\"page-carousel-image skip-lazy\" src=\"'+image+'\"> <p class=\"page-carousel-name\"> '+name+' <\/p> <\/a> <\/div>';\r\n        return cell;\r\n    }\r\n    function pageFlickityRefresh(){\r\n        jQuery(\".page-carousel\").flickity(\"resize\");\r\n    }\r\n<\/script>\r\n<!-- End Shortcoder content -->\n","protected":false},"excerpt":{"rendered":"","protected":false},"author":1,"featured_media":8636,"parent":3948,"menu_order":0,"comment_status":"closed","ping_status":"closed","template":"","meta":{"io_meta_description":"<p><style type=\"text\/css\"><!--td {border: 1px solid #ccc;}br {mso-data-placement:same-cell;}--><\/style><style type=\"text\/css\"><!--td {border: 1px solid #ccc;}br {mso-data-placement:same-cell;}--><\/style><span data-sheets-userformat='{\"2\":1,\"3\":{\"1\":0}}' data-sheets-value=\"{&quot;1&quot;:2,&quot;2&quot;:&quot;Combo course d'obstacles #2\\r\\nCe combo unique en son genre dont le fond n'est pas gonfl\u00e9. Ce combo de parcours d'obstacles gonflable se compose de 2 unit\u00e9s de 30 pieds par unit\u00e9. Il n\u00e9cessite 2 souffleurs. Deux superbes unit\u00e9s avec un concept unique.\\r\\nCe combo a une unit\u00e9 avec obstacle en forme de c\u00f4nes rendant le parcours p\u00e9rilleux  et la deuxi\u00e8me unit\u00e9 a des \u00e9lastiques du style mission impossible\\r\\nLes unit\u00e9s ne seront pas lou\u00e9es s\u00e9par\u00e9ment, les combinaisons d'unit\u00e9s ne doivent pas \u00eatre modifi\u00e9es.\\r\\nLes parcours d'obstacles gonflables sont amusants pour tous les \u00e2ges et ils sont disponibles \u00e0 la location dans la r\u00e9gion de Montr\u00e9al.\\r\\nQui est partant pour le d\u00e9fi combo ?\\r\\n&quot;}\" style=\"font-size:10pt;font-family:Arial;font-style:normal;\">Combo course d&#39;obstacles #2\n<br>Ce combo unique en son genre dont le fond n&#39;est pas gonfl&eacute;. Ce combo de parcours d&#39;obstacles gonflable se compose de 2 unit&eacute;s de 30 pieds par unit&eacute;. Il n&eacute;cessite 2 souffleurs. Deux superbes unit&eacute;s avec un concept unique.\n<br>Ce combo a une unit&eacute; avec obstacle en forme de c&ocirc;nes rendant le parcours p&eacute;rilleux &nbsp;et la deuxi&egrave;me unit&eacute; a des &eacute;lastiques du style mission impossible\n<br>Les unit&eacute;s ne seront pas lou&eacute;es s&eacute;par&eacute;ment, les combinaisons d&#39;unit&eacute;s ne doivent pas &ecirc;tre modifi&eacute;es.\n<br>Les parcours d&#39;obstacles gonflables sont amusants pour tous les &acirc;ges et ils sont disponibles &agrave; la location dans la r&eacute;gion de Montr&eacute;al.\n<br>Qui est partant pour le d&eacute;fi combo ?\n<br><\/span><span data-sheets-userformat='{\"2\":1,\"3\":{\"1\":0}}' data-sheets-value=\"{&quot;1&quot;:2,&quot;2&quot;:&quot;Combo course d'obstacles #1\\nCe combo unique en son genre dont le fond n'est pas gonfl\u00e9. Ce combo de parcours d'obstacles gonflable se compose de 2 unit\u00e9s de 30 pieds par unit\u00e9. Il n\u00e9cessite 2 souffleurs. Deux superbes unit\u00e9s avec un concept unique.\\nCe combo a une unit\u00e9 avec obstacle en forme de triangles et la deuxi\u00e8me unit\u00e9 a des poteaux verticaux \\nLes unit\u00e9s ne seront pas lou\u00e9es s\u00e9par\u00e9ment, les combinaisons d'unit\u00e9s ne doivent pas \u00eatre modifi\u00e9es.\\nLes parcours d'obstacles gonflables sont amusants pour tous les \u00e2ges et ils sont disponibles \u00e0 la location dans la r\u00e9gion de Montr\u00e9al.\\nQui est partant pour le d\u00e9fi combo ?\\n&quot;}\" style=\"font-size:10pt;font-family:Arial;font-style:normal;\"><br><\/span><\/p>","footnotes":""},"class_list":["post-4389","page","type-page","status-publish","has-post-thumbnail","hentry"],"_links":{"self":[{"href":"https:\/\/amuz.ca\/fr\/wp-json\/wp\/v2\/pages\/4389","targetHints":{"allow":["GET"]}}],"collection":[{"href":"https:\/\/amuz.ca\/fr\/wp-json\/wp\/v2\/pages"}],"about":[{"href":"https:\/\/amuz.ca\/fr\/wp-json\/wp\/v2\/types\/page"}],"author":[{"embeddable":true,"href":"https:\/\/amuz.ca\/fr\/wp-json\/wp\/v2\/users\/1"}],"replies":[{"embeddable":true,"href":"https:\/\/amuz.ca\/fr\/wp-json\/wp\/v2\/comments?post=4389"}],"version-history":[{"count":4,"href":"https:\/\/amuz.ca\/fr\/wp-json\/wp\/v2\/pages\/4389\/revisions"}],"predecessor-version":[{"id":10665,"href":"https:\/\/amuz.ca\/fr\/wp-json\/wp\/v2\/pages\/4389\/revisions\/10665"}],"up":[{"embeddable":true,"href":"https:\/\/amuz.ca\/fr\/wp-json\/wp\/v2\/pages\/3948"}],"wp:featuredmedia":[{"embeddable":true,"href":"https:\/\/amuz.ca\/fr\/wp-json\/wp\/v2\/media\/8636"}],"wp:attachment":[{"href":"https:\/\/amuz.ca\/fr\/wp-json\/wp\/v2\/media?parent=4389"}],"curies":[{"name":"wp","href":"https:\/\/api.w.org\/{rel}","templated":true}]}}