{"id":4565,"date":"2022-02-18T18:28:10","date_gmt":"2022-02-18T18:28:10","guid":{"rendered":"https:\/\/amuz.ca\/fr\/locations\/jeux-dhabilete\/lancer-du-chapeau\/"},"modified":"2025-09-24T15:49:22","modified_gmt":"2025-09-24T15:49:22","slug":"lancer-du-chapeau","status":"publish","type":"page","link":"https:\/\/amuz.ca\/fr\/locations\/jeux-de-carnaval\/lancer-du-chapeau\/","title":{"rendered":"LANCER DU CHAPEAU"},"content":{"rendered":"<!-- Start Shortcoder content --><div class=\"io_product_container elementor-widget-text-editor io_product_container_244586\">\r\n    <!-- Cart -->\r\n    <div class=\"cartInfo\" style=\"display:none\">\r\n        <i class=\"cartIcon fas fa-shopping-cart\"><\/i><!--no linebreak bc elementor--> <span class=\"simpleCart_quantity\"><\/span> items\r\n    <\/div>\r\n\r\n    <!-- Page Content -->\r\n    <div class=\"simpleCart_ioShelfItem\">\r\n        <div class=\"io_product_picbox\">\r\n            <a rel=\"img_group noopener\" id=\"single_image\" href=\"https:\/\/amuz.ca\/fr\/wp-content\/uploads\/sites\/2\/2022\/02\/a3a506c3b6f0a028c1da7c9aa6cc0647.png\">\r\n              <img decoding=\"async\" class=\"io_image_big item_image\" title=\"LANCER DU CHAPEAU\" src=\"https:\/\/amuz.ca\/fr\/wp-content\/uploads\/sites\/2\/2022\/02\/a3a506c3b6f0a028c1da7c9aa6cc0647.png\" alt=\"Crazy hat\" \/>\r\n            <\/a>\r\n            <a rel=\"\" href=\"https:\/\/amuz.ca\/fr\/wp-content\/uploads\/sites\/2\/2022\/02\/a3a506c3b6f0a028c1da7c9aa6cc0647.png\" id=\"io_img_big1\"><\/a>\r\n            <a rel=\"img_group noopener\" href=\"\" id=\"io_img_big2\"><\/a>\r\n            <a rel=\"img_group noopener\" href=\"\" id=\"io_img_big3\"><\/a>\r\n            <a rel=\"img_group noopener\" href=\"\" id=\"io_img_big4\"><\/a>\r\n            <br>\r\n            <div class=\"io_image_thumbbox\">\r\n                <img decoding=\"async\" class=\"io_image_thumb skip-lazy\" title=\"LANCER DU CHAPEAU\" src=\"https:\/\/amuz.ca\/fr\/wp-content\/uploads\/sites\/2\/2022\/02\/a3a506c3b6f0a028c1da7c9aa6cc0647.png\" alt=\"Crazy hat\"\r\n                     id=\"io_img_thumb1\" onclick=\"updateMainPic(this)\" \/>\r\n                <img decoding=\"async\" class=\"io_image_thumb skip-lazy\" title=\"LANCER DU CHAPEAU\" src=\"\" alt=\"\" id=\"io_img_thumb2\" onclick=\"updateMainPic(this)\">\r\n                <img decoding=\"async\" class=\"io_image_thumb skip-lazy\" title=\"LANCER DU CHAPEAU\" src=\"\" alt=\"\" id=\"io_img_thumb3\" onclick=\"updateMainPic(this)\">\r\n                <img decoding=\"async\" class=\"io_image_thumb skip-lazy\" title=\"LANCER DU CHAPEAU\" src=\"\" alt=\"\" id=\"io_img_thumb4\" onclick=\"updateMainPic(this)\">\r\n            <\/div>\r\n        <\/div>\r\n        <div class=\"io_product_infobox\">\r\n            <div class=\"elementor-widget-heading\">\r\n                <h1 class=\"io_product_title elementor-heading-title item_name\">LANCER DU CHAPEAU<\/h1>\r\n            <\/div>\r\n            <p class=\"item_encoded\" style=\"display:none;\">Crazy+hat<\/p>\r\n            <p class=\"item_rentalid\" style=\"display:none;\">244586<\/p>\r\n            <span class=\"item_qtyincrement\" style=\"display:none;\">1<\/span>\r\n            <div class=\"item_timeslots\" style=\"display:none;\"><\/div>\r\n            <div class=\"io_star_rating\">\r\n                <div class=\"io_stars_244586 io_stars\"><\/div>\r\n                <a href=\"#page_product_reviews\">See Reviews<\/a>\r\n            <\/div>\r\n            <div class=\"io_product_price_box io_product_price_1h io_product_price_1h_244586\">\r\n                <p class=\"io_product_price_top_left\">$40.09<\/p>\r\n                <p class=\"io_product_price_top_right\">per hour<\/p>\r\n            <\/div>\r\n            <div class=\"io_product_price_box io_product_price_2h io_product_price_2h_244586\">\r\n                <p class=\"io_product_price_top_left\">$40.09<\/p>\r\n                <p class=\"io_product_price_top_right\">for 2 hours<\/p>\r\n            <\/div>\r\n            <div class=\"io_product_price_box io_product_price_3h io_product_price_3h_244586\">\r\n                <p class=\"io_product_price_top_left\">$40.09<\/p>\r\n                <p class=\"io_product_price_top_right\">for 3 hours<\/p>\r\n            <\/div>\r\n            <div class=\"io_product_price_box io_product_price_4h io_product_price_4h_244586\">\r\n                <p class=\"io_product_price_top_left\">$40.09<\/p>\r\n                <p class=\"io_product_price_top_right\">for 4 hours<\/p>\r\n            <\/div>\r\n            <div class=\"io_product_price_box io_product_price_5h io_product_price_5h_244586\">\r\n                <p class=\"io_product_price_top_left\">$40.09<\/p>\r\n                <p class=\"io_product_price_top_right\">for 5 hours<\/p>\r\n            <\/div>\r\n            <div class=\"io_product_price_box io_product_price_6h io_product_price_6h_244586\">\r\n                <p class=\"io_product_price_top_left\">$40.09<\/p>\r\n                <p class=\"io_product_price_top_right\">for 6 hours<\/p>\r\n            <\/div>\r\n            <div class=\"io_product_price_box io_product_price_7h io_product_price_7h_244586\">\r\n                <p class=\"io_product_price_left\">$40.09<\/p>\r\n                <p class=\"io_product_price_right\">for 7 hours<\/p>\r\n            <\/div>\r\n            <div class=\"io_product_price_box io_product_price_8h io_product_price_8h_244586\">\r\n                <p class=\"io_product_price_left\">$40.09<\/p>\r\n                <p class=\"io_product_price_right\">for 8 hours<\/p>\r\n            <\/div>\r\n            <div class=\"io_product_price_box io_product_price_9h io_product_price_9h_244586\">\r\n                <p class=\"io_product_price_left\">$40.09<\/p>\r\n                <p class=\"io_product_price_right\">for 9 hours<\/p>\r\n            <\/div>\r\n            <div class=\"io_product_price_box io_product_price_10h io_product_price_10h_244586\">\r\n                <p class=\"io_product_price_left\">$40.09<\/p>\r\n                <p class=\"io_product_price_right\">for 10 hours<\/p>\r\n            <\/div>\r\n            <div class=\"io_product_price_box io_product_price_11h io_product_price_11h_244586\">\r\n                <p class=\"io_product_price_left\">$40.09<\/p>\r\n                <p class=\"io_product_price_right\">for 11 hours<\/p>\r\n            <\/div>\r\n            <div class=\"io_product_price_box io_product_price_12h io_product_price_12h_244586\">\r\n                <p class=\"io_product_price_left\">$40.09<\/p>\r\n                <p class=\"io_product_price_right\">for 12 hours<\/p>\r\n            <\/div>\r\n            <div class=\"io_product_price_box io_product_price_13h io_product_price_13h_244586\">\r\n                <p class=\"io_product_price_left\">$40.09<\/p>\r\n                <p class=\"io_product_price_right\">for 13 hours<\/p>\r\n            <\/div>\r\n            <div class=\"io_product_price_box io_product_price_14h io_product_price_14h_244586\">\r\n                <p class=\"io_product_price_left\">$40.09<\/p>\r\n                <p class=\"io_product_price_right\">for 14 hours<\/p>\r\n            <\/div>\r\n            <div class=\"io_product_price_box io_product_price_15h io_product_price_15h_244586\">\r\n                <p class=\"io_product_price_left\">$40.09<\/p>\r\n                <p class=\"io_product_price_right\">for 15 hours<\/p>\r\n            <\/div>\r\n            <div class=\"io_product_price_box io_product_price_16h io_product_price_16h_244586\">\r\n                <p class=\"io_product_price_left\">$40.09<\/p>\r\n                <p class=\"io_product_price_right\">for 16 hours<\/p>\r\n            <\/div>\r\n            <div class=\"io_product_price_box io_product_price_24h io_product_price_24h_244586\">\r\n                <p class=\"io_product_price_left\">$40.09<\/p>\r\n                <p class=\"io_product_price_right\">per day<\/p>\r\n            <\/div>\r\n            <div class=\"io_product_price_box io_product_price_additionalday io_product_price_additionalday_244586\">\r\n                <p class=\"io_product_price_left\">$20.05<\/p>\r\n                <p class=\"io_product_price_right\">per additional day<\/p>\r\n            <\/div>\r\n            <div class=\"io_product_price_box io_product_price_48h io_product_price_48h_244586\">\r\n                <p class=\"io_product_price_left\">$60.14<\/p>\r\n                <p class=\"io_product_price_right\">for 2 days<\/p>\r\n            <\/div>\r\n            <div class=\"io_product_price_box io_product_price_72h io_product_price_72h_244586\">\r\n                <p class=\"io_product_price_left\">$80.19<\/p>\r\n                <p class=\"io_product_price_right\">for 3 days<\/p>\r\n            <\/div>\r\n            <div class=\"io_product_price_box io_product_price_96h io_product_price_96h_244586\">\r\n                <p class=\"io_product_price_left\">$100.24<\/p>\r\n                <p class=\"io_product_price_right\">for 4 days<\/p>\r\n            <\/div>\r\n            <div class=\"io_product_price_box io_product_price_120h io_product_price_120h_244586\">\r\n                <p class=\"io_product_price_left\">$120.29<\/p>\r\n                <p class=\"io_product_price_right\">for 5 days<\/p>\r\n            <\/div>\r\n            <div class=\"io_product_price_box io_product_price_168h io_product_price_168h_244586\">\r\n                <p class=\"io_product_price_left\">$160.39<\/p>\r\n                <p class=\"io_product_price_right\">for 1 week<\/p>\r\n            <\/div>\r\n            <div class=\"io_product_price_box io_product_price_336h io_product_price_336h_244586\">\r\n                <p class=\"io_product_price_left\">$300.74<\/p>\r\n                <p class=\"io_product_price_right\">for 2 weeks<\/p>\r\n            <\/div>\r\n            <div class=\"io_product_price_box io_product_price_504h io_product_price_504h_244586\">\r\n                <p class=\"io_product_price_left\">$441.09<\/p>\r\n                <p class=\"io_product_price_right\">for 3 weeks<\/p>\r\n            <\/div>\r\n            <div class=\"io_product_price_box io_product_price_720h io_product_price_720h_244586\">\r\n                <p class=\"io_product_price_left\">$621.54<\/p>\r\n                <p class=\"io_product_price_right\">for 1 month<\/p>\r\n            <\/div>\r\n            <div class=\"io_product_acc_pkg\" style=\"margin-top:14px\"><\/div>\r\n            <div style=\"display: inline-flex\">\r\n                <div>\r\n                    <div class=\"elementor-widget-button add_cart_244586\">\r\n                        <a id=\"bookNowBtn\"\r\n                           class=\"item_add elementor-button elementor-size-sm elementor-animation-grow io_button\"\r\n                           href=\"javascript:;\"><!--no linebreak bc elementor--><i class=\"fas fa-shopping-cart\"><\/i> Add to Cart<\/a>\r\n                    <\/div>\r\n                    <div class=\"unavailable_message\" onclick=\"checkAvailDateClick()\">item unavailable (change date)<\/div>\r\n                <\/div>\r\n                <div class=\"delivery_charge_check_container\">\r\n                    <div class=\"elementor-widget-button check_delivery_244586\">\r\n                        <a id=\"checkDeliveryButton\"\r\n                           class=\"elementor-button elementor-size-sm elementor-animation-grow io_button\"\r\n                           href=\"javascript:;\" onClick=\"showAddressEntry()\"><i class=\"fas fa-truck\"><\/i> Check Delivery<\/a>\r\n                    <\/div>\r\n                <\/div>\r\n            <\/div>\r\n            <div class=\"io_product_detailbox\">\r\n                <h3 class=\"io_product_subtitle\">Product Information:<\/h3>\r\n                <div class=\"io_product_desc\"><\/p>\n<p><style type=\"text\/css\"><!--td {border: 1px solid #ccc;}br {mso-data-placement:same-cell;}--><\/style>\n<style type=\"text\/css\"><!--td {border: 1px solid #ccc;}br {mso-data-placement:same-cell;}--><\/style>\n<p><span data-sheets-userformat='{\"2\":1,\"3\":{\"1\":0}}' data-sheets-value='{\"1\":2,\"2\":\"Voici un autre classique parmi notre inventaire de jeux de carnaval! Vous pouvez maintenant le louer pour vos f\u00eates \u00e0 la maison!\nCe jeu de carnaval est tout indiqu\u00e9 pour occuper un groupe d\u2019amis et se lancer des d\u00e9fis pour le meilleure pointage! Il suffit de lancer les chapeaux et viser le centre du poteau! Pas toujours facile!\nVoil\u00e0 une id\u00e9e de jeu int\u00e9ressante \u00e0 rajouter au menu lors de l\u2019organisation de vos f\u00eates d\u2019enfants, party de bureau, camp de jour, \u00e9v\u00e9nement corporatif, etc.\nRajouter \u00e0 votre location une panoplie de jeux d\u2019habilet\u00e9 ou m\u00eame une machine \u00e0 friandises pour r\u00e9compenser les gagnants!\nVous pouvez louer ce jeu \u00e0 l\u2019une de nos succursales de location de jeu dans la r\u00e9gion de Montr\u00e9al.\"}' style=\"font-size:10pt;font-family:Arial;font-style:normal;\">Voici un autre classique parmi notre inventaire de jeux de carnaval! Vous pouvez maintenant le louer pour vos f&ecirc;tes &agrave; la maison!<br \/>Ce jeu de carnaval est tout indiqu&eacute; pour occuper un groupe d&rsquo;amis et se lancer des d&eacute;fis pour le meilleure pointage! Il suffit de lancer les chapeaux et viser le centre du poteau! Pas toujours facile!<br \/>Voil&agrave; une id&eacute;e de jeu int&eacute;ressante &agrave; rajouter au menu lors de l&rsquo;organisation de vos f&ecirc;tes d&rsquo;enfants, party de bureau, camp de jour, &eacute;v&eacute;nement corporatif, etc.<br \/>Rajouter &agrave; votre location une panoplie de jeux d&rsquo;habilet&eacute; ou m&ecirc;me une machine &agrave; friandises pour r&eacute;compenser les gagnants!<br \/>Vous pouvez louer ce jeu &agrave; l&rsquo;une de nos succursales de location de jeu dans la r&eacute;gion de Montr&eacute;al.<\/span>\n<\/p>\n<p><\/div>\r\n            <\/div>\r\n\r\n            <div class=\"io_product_detail_box\">\r\n                <p class=\"io_product_dimensions_left\">Transport Dimensions:<\/p>\r\n                <p class=\"io_product_dimensions_right\">1\u20196\u2033 x 1\u20196\u2033W x 2\u20198\u2033 h<\/p>\r\n            <\/div>\r\n            <div class=\"io_product_detail_box\">\r\n                <p class=\"io_product_footprint_left\">Vehicle Required:<\/p>\r\n                <p class=\"io_product_footprint_right io_vehicle\">car<\/p>\r\n            <\/div>\r\n            <script>\r\n                if(jQuery(\".io_vehicle\").html()=='car'){\r\n                    jQuery(\".io_vehicle\").addClass(\"fas fa-car-side\");\r\n                }else if(jQuery(\".io_vehicle\").html()=='van' | jQuery(\".io_vehicle\").html()=='suv'){\r\n                    jQuery(\".io_vehicle\").addClass(\"fas fa-shuttle-van\");\r\n                }else if(jQuery(\".io_vehicle\").html()=='truck'){\r\n                    jQuery(\".io_vehicle\").addClass(\"fas fa-truck\");\r\n                }\r\n            <\/script>\r\n            <div class=\"io_product_detail_box\" style=\"margin-top:40px\">\r\n                <p class=\"io_product_circuits_left\">Circuits needed:<\/p>\r\n                <p class=\"io_product_circuits_right\">0<\/p>\r\n            <\/div>\r\n            <div class=\"io_product_detail_box\">\r\n                <p class=\"io_product_footprint_left\">Space Needed:<\/p>\r\n                <p class=\"io_product_footprint_right\"><\/p>\r\n            <\/div>\r\n            <div class=\"io_product_detail_box\">\r\n                <p class=\"io_product_footprint_left\">Water Hookup:<\/p>\r\n                <p class=\"io_product_footprint_right\">no<\/p>\r\n            <\/div>\r\n            <div class=\"io_product_detail_box\">\r\n                <p class=\"io_product_footprint_left\">Recommended Ages:<\/p>\r\n                <p class=\"io_product_footprint_right\">4+<\/p>\r\n            <\/div>\r\n            <div class=\"io_product_detail_box\">\r\n                <p class=\"io_product_footprint_left\">Max Capacity:<\/p>\r\n                <p class=\"io_product_footprint_right\">1<\/p>\r\n            <\/div>\r\n        <\/div>\r\n    <\/div>\r\n    \r\n    <div class=\"io_product_accessories\">\r\n        \r\n    <\/div>\r\n    <a name=\"page_product_reviews\"><\/a>\r\n    <div class=\"io_product_reviewbox\">\r\n        \r\n    <\/div>\r\n    <!--div class=\"io_product_upsell\">\r\n        <h3 class=\"io_upsell_h3\">You might also be interested in:<\/h3>\r\n        <div class=\"page-carousel\"><\/div>\r\n    <\/div-->\r\n    <div class=\"io_landingpages io_landingpages_244586 elementor-widget-text-editor\">\r\n        <!-- Start Shortcoder content -->                                Conveniently located in Vaudreuil and also serving surrounding areas.                            <!-- End Shortcoder content -->\r\n    <\/div>\r\n<\/div>\r\n<script>\r\n    \/\/stars\r\n    jQuery(document).ready(function () {\r\n        for(i=0;i<00;i++){\r\n            jQuery(\".io_stars_244586\").append('<div class=\"fas fa-star\" style=\"color:goldenrod\"><\/div>');\r\n        }\r\n        var times = getAvailTimes();\r\n        \/*getUpsellsCall(times[0],times[1],times[2],jQuery(\".io_product_infobox .item_rentalid\").first().text(), updatePageUpsell);*\/\r\n    });\r\n    var acc_obj_relate = JSON.parse('{} ');\r\n    var images_arr = JSON.parse('{\"0\":{\"rentalimage_id\":\"63347\",\"rentalimage_createtime\":\"0\",\"rentalimage_modifiedtime\":\"0\",\"rentalimage_itemid\":\"244586\",\"rentalimage_order\":\"0\",\"rentalimage_imageloc\":\"https:\/\/amuz.ca\/fr\/wp-content\/uploads\/sites\/2\/2022\/02\/a3a506c3b6f0a028c1da7c9aa6cc0647.png\",\"rentalimage_imagelocbig\":\"https:\/\/amuz.ca\/fr\/wp-content\/uploads\/sites\/2\/2022\/02\/a3a506c3b6f0a028c1da7c9aa6cc0647.png\"}} ');\r\n    var rental_name_template = \"Crazy hat\";\r\n    var alt_text_template = \"Crazy hat\";\r\n\r\n    function updatePageUpsell(data){\r\n        let page_carousel = jQuery(\".page-carousel\");\r\n        data.forEach(function(upsell){\r\n            cell = createPageCarouselCell(upsell[\"image\"], upsell[\"name\"], upsell[\"page\"]);\r\n            page_carousel.append(cell);\r\n        });\r\n        makeCarousel(page_carousel);\r\n        setTimeout(pageFlickityRefresh, 500);\r\n    }\r\n    function createPageCarouselCell(image, name, page){\r\n        cell = '<div class=\"io_page_carousel_cell\"> <a href=\"'+page+'\" class=\"page-carousel-link\"> <img decoding=\"async\" class=\"page-carousel-image skip-lazy\" src=\"'+image+'\"> <p class=\"page-carousel-name\"> '+name+' <\/p> <\/a> <\/div>';\r\n        return cell;\r\n    }\r\n    function pageFlickityRefresh(){\r\n        jQuery(\".page-carousel\").flickity(\"resize\");\r\n    }\r\n<\/script>\r\n<!-- End Shortcoder content -->\n","protected":false},"excerpt":{"rendered":"","protected":false},"author":1,"featured_media":4564,"parent":4421,"menu_order":0,"comment_status":"closed","ping_status":"closed","template":"","meta":{"io_meta_description":"<p><style type=\"text\/css\"><!--td {border: 1px solid #ccc;}br {mso-data-placement:same-cell;}--><\/style><style type=\"text\/css\"><!--td {border: 1px solid #ccc;}br {mso-data-placement:same-cell;}--><\/style><span data-sheets-userformat='{\"2\":1,\"3\":{\"1\":0}}' data-sheets-value='{\"1\":2,\"2\":\"Voici un autre classique parmi notre inventaire de jeux de carnaval! Vous pouvez maintenant le louer pour vos f\u00eates \u00e0 la maison!\\nCe jeu de carnaval est tout indiqu\u00e9 pour occuper un groupe d\u2019amis et se lancer des d\u00e9fis pour le meilleure pointage! Il suffit de lancer les chapeaux et viser le centre du poteau! Pas toujours facile!\\nVoil\u00e0 une id\u00e9e de jeu int\u00e9ressante \u00e0 rajouter au menu lors de l\u2019organisation de vos f\u00eates d\u2019enfants, party de bureau, camp de jour, \u00e9v\u00e9nement corporatif, etc.\\nRajouter \u00e0 votre location une panoplie de jeux d\u2019habilet\u00e9 ou m\u00eame une machine \u00e0 friandises pour r\u00e9compenser les gagnants!\\nVous pouvez louer ce jeu \u00e0 l\u2019une de nos succursales de location de jeu dans la r\u00e9gion de Montr\u00e9al.\"}' style=\"font-size:10pt;font-family:Arial;font-style:normal;\">Voici un autre classique parmi notre inventaire de jeux de carnaval! Vous pouvez maintenant le louer pour vos f&ecirc;tes &agrave; la maison!<br>Ce jeu de carnaval est tout indiqu&eacute; pour occuper un groupe d&rsquo;amis et se lancer des d&eacute;fis pour le meilleure pointage! Il suffit de lancer les chapeaux et viser le centre du poteau! Pas toujours facile!<br>Voil&agrave; une id&eacute;e de jeu int&eacute;ressante &agrave; rajouter au menu lors de l&rsquo;organisation de vos f&ecirc;tes d&rsquo;enfants, party de bureau, camp de jour, &eacute;v&eacute;nement corporatif, etc.<br>Rajouter &agrave; votre location une panoplie de jeux d&rsquo;habilet&eacute; ou m&ecirc;me une machine &agrave; friandises pour r&eacute;compenser les gagnants!<br>Vous pouvez louer ce jeu &agrave; l&rsquo;une de nos succursales de location de jeu dans la r&eacute;gion de Montr&eacute;al.<\/span>\n<\/p>","footnotes":""},"class_list":["post-4565","page","type-page","status-publish","has-post-thumbnail","hentry"],"_links":{"self":[{"href":"https:\/\/amuz.ca\/fr\/wp-json\/wp\/v2\/pages\/4565","targetHints":{"allow":["GET"]}}],"collection":[{"href":"https:\/\/amuz.ca\/fr\/wp-json\/wp\/v2\/pages"}],"about":[{"href":"https:\/\/amuz.ca\/fr\/wp-json\/wp\/v2\/types\/page"}],"author":[{"embeddable":true,"href":"https:\/\/amuz.ca\/fr\/wp-json\/wp\/v2\/users\/1"}],"replies":[{"embeddable":true,"href":"https:\/\/amuz.ca\/fr\/wp-json\/wp\/v2\/comments?post=4565"}],"version-history":[{"count":1,"href":"https:\/\/amuz.ca\/fr\/wp-json\/wp\/v2\/pages\/4565\/revisions"}],"predecessor-version":[{"id":9582,"href":"https:\/\/amuz.ca\/fr\/wp-json\/wp\/v2\/pages\/4565\/revisions\/9582"}],"up":[{"embeddable":true,"href":"https:\/\/amuz.ca\/fr\/wp-json\/wp\/v2\/pages\/4421"}],"wp:featuredmedia":[{"embeddable":true,"href":"https:\/\/amuz.ca\/fr\/wp-json\/wp\/v2\/media\/4564"}],"wp:attachment":[{"href":"https:\/\/amuz.ca\/fr\/wp-json\/wp\/v2\/media?parent=4565"}],"curies":[{"name":"wp","href":"https:\/\/api.w.org\/{rel}","templated":true}]}}