{"id":4661,"date":"2022-02-21T17:33:11","date_gmt":"2022-02-21T17:33:11","guid":{"rendered":"https:\/\/amuz.ca\/fr\/locations\/jeux-deau\/tente-a-bruine-10-x-20\/"},"modified":"2025-09-24T15:55:38","modified_gmt":"2025-09-24T15:55:38","slug":"tente-a-bruine-10-x-20","status":"publish","type":"page","link":"https:\/\/amuz.ca\/fr\/locations\/commercial-jeux-deau\/tente-a-bruine-10-x-20\/","title":{"rendered":"Tente \u00c0 Bruine 10 X 20"},"content":{"rendered":"<!-- Start Shortcoder content --><div class=\"io_product_container elementor-widget-text-editor io_product_container_1483941\">\r\n    <!-- Cart -->\r\n    <div class=\"cartInfo\" style=\"display:none\">\r\n        <i class=\"cartIcon fas fa-shopping-cart\"><\/i><!--no linebreak bc elementor--> <span class=\"simpleCart_quantity\"><\/span> items\r\n    <\/div>\r\n\r\n    <!-- Page Content -->\r\n    <div class=\"simpleCart_ioShelfItem\">\r\n        <div class=\"io_product_picbox\">\r\n            <a rel=\"img_group noopener\" id=\"single_image\" href=\"https:\/\/amuz.ca\/fr\/wp-content\/uploads\/sites\/2\/2022\/02\/misting20tent_1645464775_big.png\">\r\n              <img decoding=\"async\" class=\"io_image_big item_image\" title=\"Tente \u00c0 Bruine 10 X 20\" src=\"https:\/\/amuz.ca\/fr\/wp-content\/uploads\/sites\/2\/2022\/02\/misting20tent_1645464775_big.png\" alt=\"Misting Tent 10 X 20\" \/>\r\n            <\/a>\r\n            <a rel=\"\" href=\"https:\/\/amuz.ca\/fr\/wp-content\/uploads\/sites\/2\/2022\/02\/misting20tent_1645464775_big.png\" id=\"io_img_big1\"><\/a>\r\n            <a rel=\"img_group noopener\" href=\"\" id=\"io_img_big2\"><\/a>\r\n            <a rel=\"img_group noopener\" href=\"\" id=\"io_img_big3\"><\/a>\r\n            <a rel=\"img_group noopener\" href=\"\" id=\"io_img_big4\"><\/a>\r\n            <br>\r\n            <div class=\"io_image_thumbbox\">\r\n                <img decoding=\"async\" class=\"io_image_thumb skip-lazy\" title=\"Tente \u00c0 Bruine 10 X 20\" src=\"https:\/\/amuz.ca\/fr\/wp-content\/uploads\/sites\/2\/2023\/09\/misting20tent_1645464775.png\" alt=\"Misting Tent 10 X 20\"\r\n                     id=\"io_img_thumb1\" onclick=\"updateMainPic(this)\" \/>\r\n                <img decoding=\"async\" class=\"io_image_thumb skip-lazy\" title=\"Tente \u00c0 Bruine 10 X 20\" src=\"\" alt=\"\" id=\"io_img_thumb2\" onclick=\"updateMainPic(this)\">\r\n                <img decoding=\"async\" class=\"io_image_thumb skip-lazy\" title=\"Tente \u00c0 Bruine 10 X 20\" src=\"\" alt=\"\" id=\"io_img_thumb3\" onclick=\"updateMainPic(this)\">\r\n                <img decoding=\"async\" class=\"io_image_thumb skip-lazy\" title=\"Tente \u00c0 Bruine 10 X 20\" src=\"\" alt=\"\" id=\"io_img_thumb4\" onclick=\"updateMainPic(this)\">\r\n            <\/div>\r\n        <\/div>\r\n        <div class=\"io_product_infobox\">\r\n            <div class=\"elementor-widget-heading\">\r\n                <h1 class=\"io_product_title elementor-heading-title item_name\">Tente \u00c0 Bruine 10 X 20<\/h1>\r\n            <\/div>\r\n            <p class=\"item_encoded\" style=\"display:none;\">Misting+Tent+10+X+20<\/p>\r\n            <p class=\"item_rentalid\" style=\"display:none;\">1483941<\/p>\r\n            <span class=\"item_qtyincrement\" style=\"display:none;\">1<\/span>\r\n            <div class=\"item_timeslots\" style=\"display:none;\"><\/div>\r\n            <div class=\"io_star_rating\">\r\n                <div class=\"io_stars_1483941 io_stars\"><\/div>\r\n                <a href=\"#page_product_reviews\">See Reviews<\/a>\r\n            <\/div>\r\n            <div class=\"io_product_price_box io_product_price_1h io_product_price_1h_1483941\">\r\n                <p class=\"io_product_price_top_left\">$275.00<\/p>\r\n                <p class=\"io_product_price_top_right\">per hour<\/p>\r\n            <\/div>\r\n            <div class=\"io_product_price_box io_product_price_2h io_product_price_2h_1483941\">\r\n                <p class=\"io_product_price_top_left\">$275.00<\/p>\r\n                <p class=\"io_product_price_top_right\">for 2 hours<\/p>\r\n            <\/div>\r\n            <div class=\"io_product_price_box io_product_price_3h io_product_price_3h_1483941\">\r\n                <p class=\"io_product_price_top_left\">$275.00<\/p>\r\n                <p class=\"io_product_price_top_right\">for 3 hours<\/p>\r\n            <\/div>\r\n            <div class=\"io_product_price_box io_product_price_4h io_product_price_4h_1483941\">\r\n                <p class=\"io_product_price_top_left\">$275.00<\/p>\r\n                <p class=\"io_product_price_top_right\">for 4 hours<\/p>\r\n            <\/div>\r\n            <div class=\"io_product_price_box io_product_price_5h io_product_price_5h_1483941\">\r\n                <p class=\"io_product_price_top_left\">$275.00<\/p>\r\n                <p class=\"io_product_price_top_right\">for 5 hours<\/p>\r\n            <\/div>\r\n            <div class=\"io_product_price_box io_product_price_6h io_product_price_6h_1483941\">\r\n                <p class=\"io_product_price_top_left\">$275.00<\/p>\r\n                <p class=\"io_product_price_top_right\">for 6 hours<\/p>\r\n            <\/div>\r\n            <div class=\"io_product_price_box io_product_price_7h io_product_price_7h_1483941\">\r\n                <p class=\"io_product_price_left\">$275.00<\/p>\r\n                <p class=\"io_product_price_right\">for 7 hours<\/p>\r\n            <\/div>\r\n            <div class=\"io_product_price_box io_product_price_8h io_product_price_8h_1483941\">\r\n                <p class=\"io_product_price_left\">$275.00<\/p>\r\n                <p class=\"io_product_price_right\">for 8 hours<\/p>\r\n            <\/div>\r\n            <div class=\"io_product_price_box io_product_price_9h io_product_price_9h_1483941\">\r\n                <p class=\"io_product_price_left\">$275.00<\/p>\r\n                <p class=\"io_product_price_right\">for 9 hours<\/p>\r\n            <\/div>\r\n            <div class=\"io_product_price_box io_product_price_10h io_product_price_10h_1483941\">\r\n                <p class=\"io_product_price_left\">$275.00<\/p>\r\n                <p class=\"io_product_price_right\">for 10 hours<\/p>\r\n            <\/div>\r\n            <div class=\"io_product_price_box io_product_price_11h io_product_price_11h_1483941\">\r\n                <p class=\"io_product_price_left\">$275.00<\/p>\r\n                <p class=\"io_product_price_right\">for 11 hours<\/p>\r\n            <\/div>\r\n            <div class=\"io_product_price_box io_product_price_12h io_product_price_12h_1483941\">\r\n                <p class=\"io_product_price_left\">$275.00<\/p>\r\n                <p class=\"io_product_price_right\">for 12 hours<\/p>\r\n            <\/div>\r\n            <div class=\"io_product_price_box io_product_price_13h io_product_price_13h_1483941\">\r\n                <p class=\"io_product_price_left\">$275.00<\/p>\r\n                <p class=\"io_product_price_right\">for 13 hours<\/p>\r\n            <\/div>\r\n            <div class=\"io_product_price_box io_product_price_14h io_product_price_14h_1483941\">\r\n                <p class=\"io_product_price_left\">$275.00<\/p>\r\n                <p class=\"io_product_price_right\">for 14 hours<\/p>\r\n            <\/div>\r\n            <div class=\"io_product_price_box io_product_price_15h io_product_price_15h_1483941\">\r\n                <p class=\"io_product_price_left\">$275.00<\/p>\r\n                <p class=\"io_product_price_right\">for 15 hours<\/p>\r\n            <\/div>\r\n            <div class=\"io_product_price_box io_product_price_16h io_product_price_16h_1483941\">\r\n                <p class=\"io_product_price_left\">$275.00<\/p>\r\n                <p class=\"io_product_price_right\">for 16 hours<\/p>\r\n            <\/div>\r\n            <div class=\"io_product_price_box io_product_price_24h io_product_price_24h_1483941\">\r\n                <p class=\"io_product_price_left\">$275.00<\/p>\r\n                <p class=\"io_product_price_right\">per day<\/p>\r\n            <\/div>\r\n            <div class=\"io_product_price_box io_product_price_additionalday io_product_price_additionalday_1483941\">\r\n                <p class=\"io_product_price_left\">$137.50<\/p>\r\n                <p class=\"io_product_price_right\">per additional day<\/p>\r\n            <\/div>\r\n            <div class=\"io_product_price_box io_product_price_48h io_product_price_48h_1483941\">\r\n                <p class=\"io_product_price_left\">$412.50<\/p>\r\n                <p class=\"io_product_price_right\">for 2 days<\/p>\r\n            <\/div>\r\n            <div class=\"io_product_price_box io_product_price_72h io_product_price_72h_1483941\">\r\n                <p class=\"io_product_price_left\">$550.00<\/p>\r\n                <p class=\"io_product_price_right\">for 3 days<\/p>\r\n            <\/div>\r\n            <div class=\"io_product_price_box io_product_price_96h io_product_price_96h_1483941\">\r\n                <p class=\"io_product_price_left\">$687.50<\/p>\r\n                <p class=\"io_product_price_right\">for 4 days<\/p>\r\n            <\/div>\r\n            <div class=\"io_product_price_box io_product_price_120h io_product_price_120h_1483941\">\r\n                <p class=\"io_product_price_left\">$825.00<\/p>\r\n                <p class=\"io_product_price_right\">for 5 days<\/p>\r\n            <\/div>\r\n            <div class=\"io_product_price_box io_product_price_168h io_product_price_168h_1483941\">\r\n                <p class=\"io_product_price_left\">$1,100.00<\/p>\r\n                <p class=\"io_product_price_right\">for 1 week<\/p>\r\n            <\/div>\r\n            <div class=\"io_product_price_box io_product_price_336h io_product_price_336h_1483941\">\r\n                <p class=\"io_product_price_left\">$2,062.50<\/p>\r\n                <p class=\"io_product_price_right\">for 2 weeks<\/p>\r\n            <\/div>\r\n            <div class=\"io_product_price_box io_product_price_504h io_product_price_504h_1483941\">\r\n                <p class=\"io_product_price_left\">$3,025.00<\/p>\r\n                <p class=\"io_product_price_right\">for 3 weeks<\/p>\r\n            <\/div>\r\n            <div class=\"io_product_price_box io_product_price_720h io_product_price_720h_1483941\">\r\n                <p class=\"io_product_price_left\">$4,262.50<\/p>\r\n                <p class=\"io_product_price_right\">for 1 month<\/p>\r\n            <\/div>\r\n            <div class=\"io_product_acc_pkg\" style=\"margin-top:14px\"><\/div>\r\n            <div style=\"display: inline-flex\">\r\n                <div>\r\n                    <div class=\"elementor-widget-button add_cart_1483941\">\r\n                        <a id=\"bookNowBtn\"\r\n                           class=\"item_add elementor-button elementor-size-sm elementor-animation-grow io_button\"\r\n                           href=\"javascript:;\"><!--no linebreak bc elementor--><i class=\"fas fa-shopping-cart\"><\/i> Add to Cart<\/a>\r\n                    <\/div>\r\n                    <div class=\"unavailable_message\" onclick=\"checkAvailDateClick()\">item unavailable (change date)<\/div>\r\n                <\/div>\r\n                <div class=\"delivery_charge_check_container\">\r\n                    <div class=\"elementor-widget-button check_delivery_1483941\">\r\n                        <a id=\"checkDeliveryButton\"\r\n                           class=\"elementor-button elementor-size-sm elementor-animation-grow io_button\"\r\n                           href=\"javascript:;\" onClick=\"showAddressEntry()\"><i class=\"fas fa-truck\"><\/i> Check Delivery<\/a>\r\n                    <\/div>\r\n                <\/div>\r\n            <\/div>\r\n            <div class=\"io_product_detailbox\">\r\n                <h3 class=\"io_product_subtitle\">Product Information:<\/h3>\r\n                <div class=\"io_product_desc\"><\/p>\n<p><style type=\"text\/css\"><!--td {border: 1px solid #ccc;}br {mso-data-placement:same-cell;}--><\/style>\n<style type=\"text\/css\"><!--td {border: 1px solid #ccc;}br {mso-data-placement:same-cell;}--><\/style>\n<p><span data-sheets-value='{\"1\":2,\"2\":\"Voici une tente \u00e0 bruine permettant \u00e0 vos invit\u00e9s de se rafra\u00eechir lors des journ\u00e9es chaudes de l\u2019\u00e9t\u00e9 tout en vous prot\u00e9geant des rayons nocifs du soleil. Installation rapide et simple.\"}' style=\"font-size:10pt;font-family:Arial;font-style:normal;\">Voici une tente &agrave; bruine permettant &agrave; vos invit&eacute;s de se rafra&icirc;chir lors des journ&eacute;es chaudes de l&rsquo;&eacute;t&eacute; tout en vous prot&eacute;geant des rayons nocifs du soleil. Installation rapide et simple.<\/span>\n<\/p>\n<p><\/div>\r\n            <\/div>\r\n\r\n            <div class=\"io_product_detail_box\">\r\n                <p class=\"io_product_dimensions_left\">Transport Dimensions:<\/p>\r\n                <p class=\"io_product_dimensions_right\"><\/p>\r\n            <\/div>\r\n            <div class=\"io_product_detail_box\">\r\n                <p class=\"io_product_footprint_left\">Vehicle Required:<\/p>\r\n                <p class=\"io_product_footprint_right io_vehicle\">suv<\/p>\r\n            <\/div>\r\n            <script>\r\n                if(jQuery(\".io_vehicle\").html()=='car'){\r\n                    jQuery(\".io_vehicle\").addClass(\"fas fa-car-side\");\r\n                }else if(jQuery(\".io_vehicle\").html()=='van' | jQuery(\".io_vehicle\").html()=='suv'){\r\n                    jQuery(\".io_vehicle\").addClass(\"fas fa-shuttle-van\");\r\n                }else if(jQuery(\".io_vehicle\").html()=='truck'){\r\n                    jQuery(\".io_vehicle\").addClass(\"fas fa-truck\");\r\n                }\r\n            <\/script>\r\n            <div class=\"io_product_detail_box\" style=\"margin-top:40px\">\r\n                <p class=\"io_product_circuits_left\">Circuits needed:<\/p>\r\n                <p class=\"io_product_circuits_right\">1<\/p>\r\n            <\/div>\r\n            <div class=\"io_product_detail_box\">\r\n                <p class=\"io_product_footprint_left\">Space Needed:<\/p>\r\n                <p class=\"io_product_footprint_right\">10 x 20 x 9<\/p>\r\n            <\/div>\r\n            <div class=\"io_product_detail_box\">\r\n                <p class=\"io_product_footprint_left\">Water Hookup:<\/p>\r\n                <p class=\"io_product_footprint_right\">yes<\/p>\r\n            <\/div>\r\n            <div class=\"io_product_detail_box\">\r\n                <p class=\"io_product_footprint_left\">Recommended Ages:<\/p>\r\n                <p class=\"io_product_footprint_right\"><\/p>\r\n            <\/div>\r\n            <div class=\"io_product_detail_box\">\r\n                <p class=\"io_product_footprint_left\">Max Capacity:<\/p>\r\n                <p class=\"io_product_footprint_right\"><\/p>\r\n            <\/div>\r\n        <\/div>\r\n    <\/div>\r\n    \r\n    <div class=\"io_product_accessories\">\r\n        \r\n    <\/div>\r\n    <a name=\"page_product_reviews\"><\/a>\r\n    <div class=\"io_product_reviewbox\">\r\n        \r\n    <\/div>\r\n    <!--div class=\"io_product_upsell\">\r\n        <h3 class=\"io_upsell_h3\">You might also be interested in:<\/h3>\r\n        <div class=\"page-carousel\"><\/div>\r\n    <\/div-->\r\n    <div class=\"io_landingpages io_landingpages_1483941 elementor-widget-text-editor\">\r\n        <!-- Start Shortcoder content -->                                Conveniently located in Vaudreuil and also serving surrounding areas.                            <!-- End Shortcoder content -->\r\n    <\/div>\r\n<\/div>\r\n<script>\r\n    \/\/stars\r\n    jQuery(document).ready(function () {\r\n        for(i=0;i<00;i++){\r\n            jQuery(\".io_stars_1483941\").append('<div class=\"fas fa-star\" style=\"color:goldenrod\"><\/div>');\r\n        }\r\n        var times = getAvailTimes();\r\n        \/*getUpsellsCall(times[0],times[1],times[2],jQuery(\".io_product_infobox .item_rentalid\").first().text(), updatePageUpsell);*\/\r\n    });\r\n    var acc_obj_relate = JSON.parse('{} ');\r\n    var images_arr = JSON.parse('{\"0\":{\"rentalimage_id\":\"611739\",\"rentalimage_createtime\":null,\"rentalimage_modifiedtime\":null,\"rentalimage_itemid\":\"1483941\",\"rentalimage_order\":\"0\",\"rentalimage_imageloc\":\"https:\/\/amuz.ca\/fr\/wp-content\/uploads\/sites\/2\/2023\/09\/misting20tent_1645464775.png\",\"rentalimage_imagelocbig\":\"https:\/\/amuz.ca\/fr\/wp-content\/uploads\/sites\/2\/2022\/02\/misting20tent_1645464775_big.png\"}} ');\r\n    var rental_name_template = \"Misting Tent 10 X 20\";\r\n    var alt_text_template = \"Misting Tent 10 X 20\";\r\n\r\n    function updatePageUpsell(data){\r\n        let page_carousel = jQuery(\".page-carousel\");\r\n        data.forEach(function(upsell){\r\n            cell = createPageCarouselCell(upsell[\"image\"], upsell[\"name\"], upsell[\"page\"]);\r\n            page_carousel.append(cell);\r\n        });\r\n        makeCarousel(page_carousel);\r\n        setTimeout(pageFlickityRefresh, 500);\r\n    }\r\n    function createPageCarouselCell(image, name, page){\r\n        cell = '<div class=\"io_page_carousel_cell\"> <a href=\"'+page+'\" class=\"page-carousel-link\"> <img decoding=\"async\" class=\"page-carousel-image skip-lazy\" src=\"'+image+'\"> <p class=\"page-carousel-name\"> '+name+' <\/p> <\/a> <\/div>';\r\n        return cell;\r\n    }\r\n    function pageFlickityRefresh(){\r\n        jQuery(\".page-carousel\").flickity(\"resize\");\r\n    }\r\n<\/script>\r\n<!-- End Shortcoder content -->\n","protected":false},"excerpt":{"rendered":"","protected":false},"author":1,"featured_media":4660,"parent":6085,"menu_order":0,"comment_status":"closed","ping_status":"closed","template":"","meta":{"io_meta_description":"<p><style type=\"text\/css\"><!--td {border: 1px solid #ccc;}br {mso-data-placement:same-cell;}--><\/style><style type=\"text\/css\"><!--td {border: 1px solid #ccc;}br {mso-data-placement:same-cell;}--><\/style><span data-sheets-value='{\"1\":2,\"2\":\"Voici une tente \u00e0 bruine permettant \u00e0 vos invit\u00e9s de se rafra\u00eechir lors des journ\u00e9es chaudes de l\u2019\u00e9t\u00e9 tout en vous prot\u00e9geant des rayons nocifs du soleil. Installation rapide et simple.\"}' style=\"font-size:10pt;font-family:Arial;font-style:normal;\">Voici une tente &agrave; bruine permettant &agrave; vos invit&eacute;s de se rafra&icirc;chir lors des journ&eacute;es chaudes de l&rsquo;&eacute;t&eacute; tout en vous prot&eacute;geant des rayons nocifs du soleil. Installation rapide et simple.<\/span>\n<\/p>","footnotes":""},"class_list":["post-4661","page","type-page","status-publish","has-post-thumbnail","hentry"],"_links":{"self":[{"href":"https:\/\/amuz.ca\/fr\/wp-json\/wp\/v2\/pages\/4661","targetHints":{"allow":["GET"]}}],"collection":[{"href":"https:\/\/amuz.ca\/fr\/wp-json\/wp\/v2\/pages"}],"about":[{"href":"https:\/\/amuz.ca\/fr\/wp-json\/wp\/v2\/types\/page"}],"author":[{"embeddable":true,"href":"https:\/\/amuz.ca\/fr\/wp-json\/wp\/v2\/users\/1"}],"replies":[{"embeddable":true,"href":"https:\/\/amuz.ca\/fr\/wp-json\/wp\/v2\/comments?post=4661"}],"version-history":[{"count":1,"href":"https:\/\/amuz.ca\/fr\/wp-json\/wp\/v2\/pages\/4661\/revisions"}],"predecessor-version":[{"id":9688,"href":"https:\/\/amuz.ca\/fr\/wp-json\/wp\/v2\/pages\/4661\/revisions\/9688"}],"up":[{"embeddable":true,"href":"https:\/\/amuz.ca\/fr\/wp-json\/wp\/v2\/pages\/6085"}],"wp:featuredmedia":[{"embeddable":true,"href":"https:\/\/amuz.ca\/fr\/wp-json\/wp\/v2\/media\/4660"}],"wp:attachment":[{"href":"https:\/\/amuz.ca\/fr\/wp-json\/wp\/v2\/media?parent=4661"}],"curies":[{"name":"wp","href":"https:\/\/api.w.org\/{rel}","templated":true}]}}