{"id":4978,"date":"2022-02-23T17:00:14","date_gmt":"2022-02-23T17:00:14","guid":{"rendered":"https:\/\/amuz.ca\/fr\/locations\/coin-friandises\/machine-a-barbe-a-papa-2\/"},"modified":"2025-09-24T15:37:06","modified_gmt":"2025-09-24T15:37:06","slug":"machine-a-barbe-a-papa-2","status":"publish","type":"page","link":"https:\/\/amuz.ca\/fr\/locations\/coin-friandises\/machine-a-barbe-a-papa-2\/","title":{"rendered":"MACHINE \u00c0 BARBE \u00c0 PAPA"},"content":{"rendered":"<!-- Start Shortcoder content --><div class=\"io_product_container elementor-widget-text-editor io_product_container_241383\">\r\n    <!-- Cart -->\r\n    <div class=\"cartInfo\" style=\"display:none\">\r\n        <i class=\"cartIcon fas fa-shopping-cart\"><\/i><!--no linebreak bc elementor--> <span class=\"simpleCart_quantity\"><\/span> items\r\n    <\/div>\r\n\r\n    <!-- Page Content -->\r\n    <div class=\"simpleCart_ioShelfItem\">\r\n        <div class=\"io_product_picbox\">\r\n            <a rel=\"img_group noopener\" id=\"single_image\" href=\"https:\/\/amuz.ca\/fr\/wp-content\/uploads\/sites\/2\/2023\/09\/cotton20candy20machine1_1660509697_big.jpg\">\r\n              <img decoding=\"async\" class=\"io_image_big item_image\" title=\"MACHINE \u00c0 BARBE \u00c0 PAPA\" src=\"https:\/\/amuz.ca\/fr\/wp-content\/uploads\/sites\/2\/2023\/09\/cotton20candy20machine1_1660509697_big.jpg\" alt=\"Cotton Candy Machine\" \/>\r\n            <\/a>\r\n            <a rel=\"\" href=\"https:\/\/amuz.ca\/fr\/wp-content\/uploads\/sites\/2\/2023\/09\/cotton20candy20machine1_1660509697_big.jpg\" id=\"io_img_big1\"><\/a>\r\n            <a rel=\"img_group noopener\" href=\"\" id=\"io_img_big2\"><\/a>\r\n            <a rel=\"img_group noopener\" href=\"\" id=\"io_img_big3\"><\/a>\r\n            <a rel=\"img_group noopener\" href=\"\" id=\"io_img_big4\"><\/a>\r\n            <br>\r\n            <div class=\"io_image_thumbbox\">\r\n                <img decoding=\"async\" class=\"io_image_thumb skip-lazy\" title=\"MACHINE \u00c0 BARBE \u00c0 PAPA\" src=\"https:\/\/amuz.ca\/fr\/wp-content\/uploads\/sites\/2\/2023\/08\/cotton20candy20machine1_1660509697.jpg\" alt=\"Cotton Candy Machine\"\r\n                     id=\"io_img_thumb1\" onclick=\"updateMainPic(this)\" \/>\r\n                <img decoding=\"async\" class=\"io_image_thumb skip-lazy\" title=\"MACHINE \u00c0 BARBE \u00c0 PAPA\" src=\"\" alt=\"\" id=\"io_img_thumb2\" onclick=\"updateMainPic(this)\">\r\n                <img decoding=\"async\" class=\"io_image_thumb skip-lazy\" title=\"MACHINE \u00c0 BARBE \u00c0 PAPA\" src=\"\" alt=\"\" id=\"io_img_thumb3\" onclick=\"updateMainPic(this)\">\r\n                <img decoding=\"async\" class=\"io_image_thumb skip-lazy\" title=\"MACHINE \u00c0 BARBE \u00c0 PAPA\" src=\"\" alt=\"\" id=\"io_img_thumb4\" onclick=\"updateMainPic(this)\">\r\n            <\/div>\r\n        <\/div>\r\n        <div class=\"io_product_infobox\">\r\n            <div class=\"elementor-widget-heading\">\r\n                <h1 class=\"io_product_title elementor-heading-title item_name\">MACHINE \u00c0 BARBE \u00c0 PAPA<\/h1>\r\n            <\/div>\r\n            <p class=\"item_encoded\" style=\"display:none;\">Cotton+Candy+Machine<\/p>\r\n            <p class=\"item_rentalid\" style=\"display:none;\">241383<\/p>\r\n            <span class=\"item_qtyincrement\" style=\"display:none;\">1<\/span>\r\n            <div class=\"item_timeslots\" style=\"display:none;\"><\/div>\r\n            <div class=\"io_star_rating\">\r\n                <div class=\"io_stars_241383 io_stars\"><\/div>\r\n                <a href=\"#page_product_reviews\">See Reviews<\/a>\r\n            <\/div>\r\n            <div class=\"io_product_price_box io_product_price_1h io_product_price_1h_241383\">\r\n                <p class=\"io_product_price_top_left\">$67.19<\/p>\r\n                <p class=\"io_product_price_top_right\">per hour<\/p>\r\n            <\/div>\r\n            <div class=\"io_product_price_box io_product_price_2h io_product_price_2h_241383\">\r\n                <p class=\"io_product_price_top_left\">$67.19<\/p>\r\n                <p class=\"io_product_price_top_right\">for 2 hours<\/p>\r\n            <\/div>\r\n            <div class=\"io_product_price_box io_product_price_3h io_product_price_3h_241383\">\r\n                <p class=\"io_product_price_top_left\">$67.19<\/p>\r\n                <p class=\"io_product_price_top_right\">for 3 hours<\/p>\r\n            <\/div>\r\n            <div class=\"io_product_price_box io_product_price_4h io_product_price_4h_241383\">\r\n                <p class=\"io_product_price_top_left\">$67.19<\/p>\r\n                <p class=\"io_product_price_top_right\">for 4 hours<\/p>\r\n            <\/div>\r\n            <div class=\"io_product_price_box io_product_price_5h io_product_price_5h_241383\">\r\n                <p class=\"io_product_price_top_left\">$67.19<\/p>\r\n                <p class=\"io_product_price_top_right\">for 5 hours<\/p>\r\n            <\/div>\r\n            <div class=\"io_product_price_box io_product_price_6h io_product_price_6h_241383\">\r\n                <p class=\"io_product_price_top_left\">$67.19<\/p>\r\n                <p class=\"io_product_price_top_right\">for 6 hours<\/p>\r\n            <\/div>\r\n            <div class=\"io_product_price_box io_product_price_7h io_product_price_7h_241383\">\r\n                <p class=\"io_product_price_left\">$67.19<\/p>\r\n                <p class=\"io_product_price_right\">for 7 hours<\/p>\r\n            <\/div>\r\n            <div class=\"io_product_price_box io_product_price_8h io_product_price_8h_241383\">\r\n                <p class=\"io_product_price_left\">$67.19<\/p>\r\n                <p class=\"io_product_price_right\">for 8 hours<\/p>\r\n            <\/div>\r\n            <div class=\"io_product_price_box io_product_price_9h io_product_price_9h_241383\">\r\n                <p class=\"io_product_price_left\">$67.19<\/p>\r\n                <p class=\"io_product_price_right\">for 9 hours<\/p>\r\n            <\/div>\r\n            <div class=\"io_product_price_box io_product_price_10h io_product_price_10h_241383\">\r\n                <p class=\"io_product_price_left\">$67.19<\/p>\r\n                <p class=\"io_product_price_right\">for 10 hours<\/p>\r\n            <\/div>\r\n            <div class=\"io_product_price_box io_product_price_11h io_product_price_11h_241383\">\r\n                <p class=\"io_product_price_left\">$67.19<\/p>\r\n                <p class=\"io_product_price_right\">for 11 hours<\/p>\r\n            <\/div>\r\n            <div class=\"io_product_price_box io_product_price_12h io_product_price_12h_241383\">\r\n                <p class=\"io_product_price_left\">$67.19<\/p>\r\n                <p class=\"io_product_price_right\">for 12 hours<\/p>\r\n            <\/div>\r\n            <div class=\"io_product_price_box io_product_price_13h io_product_price_13h_241383\">\r\n                <p class=\"io_product_price_left\">$67.19<\/p>\r\n                <p class=\"io_product_price_right\">for 13 hours<\/p>\r\n            <\/div>\r\n            <div class=\"io_product_price_box io_product_price_14h io_product_price_14h_241383\">\r\n                <p class=\"io_product_price_left\">$67.19<\/p>\r\n                <p class=\"io_product_price_right\">for 14 hours<\/p>\r\n            <\/div>\r\n            <div class=\"io_product_price_box io_product_price_15h io_product_price_15h_241383\">\r\n                <p class=\"io_product_price_left\">$67.19<\/p>\r\n                <p class=\"io_product_price_right\">for 15 hours<\/p>\r\n            <\/div>\r\n            <div class=\"io_product_price_box io_product_price_16h io_product_price_16h_241383\">\r\n                <p class=\"io_product_price_left\">$67.19<\/p>\r\n                <p class=\"io_product_price_right\">for 16 hours<\/p>\r\n            <\/div>\r\n            <div class=\"io_product_price_box io_product_price_24h io_product_price_24h_241383\">\r\n                <p class=\"io_product_price_left\">$67.19<\/p>\r\n                <p class=\"io_product_price_right\">per day<\/p>\r\n            <\/div>\r\n            <div class=\"io_product_price_box io_product_price_additionalday io_product_price_additionalday_241383\">\r\n                <p class=\"io_product_price_left\">$33.60<\/p>\r\n                <p class=\"io_product_price_right\">per additional day<\/p>\r\n            <\/div>\r\n            <div class=\"io_product_price_box io_product_price_48h io_product_price_48h_241383\">\r\n                <p class=\"io_product_price_left\">$100.79<\/p>\r\n                <p class=\"io_product_price_right\">for 2 days<\/p>\r\n            <\/div>\r\n            <div class=\"io_product_price_box io_product_price_72h io_product_price_72h_241383\">\r\n                <p class=\"io_product_price_left\">$134.39<\/p>\r\n                <p class=\"io_product_price_right\">for 3 days<\/p>\r\n            <\/div>\r\n            <div class=\"io_product_price_box io_product_price_96h io_product_price_96h_241383\">\r\n                <p class=\"io_product_price_left\">$167.99<\/p>\r\n                <p class=\"io_product_price_right\">for 4 days<\/p>\r\n            <\/div>\r\n            <div class=\"io_product_price_box io_product_price_120h io_product_price_120h_241383\">\r\n                <p class=\"io_product_price_left\">$201.59<\/p>\r\n                <p class=\"io_product_price_right\">for 5 days<\/p>\r\n            <\/div>\r\n            <div class=\"io_product_price_box io_product_price_168h io_product_price_168h_241383\">\r\n                <p class=\"io_product_price_left\">$268.79<\/p>\r\n                <p class=\"io_product_price_right\">for 1 week<\/p>\r\n            <\/div>\r\n            <div class=\"io_product_price_box io_product_price_336h io_product_price_336h_241383\">\r\n                <p class=\"io_product_price_left\">$503.99<\/p>\r\n                <p class=\"io_product_price_right\">for 2 weeks<\/p>\r\n            <\/div>\r\n            <div class=\"io_product_price_box io_product_price_504h io_product_price_504h_241383\">\r\n                <p class=\"io_product_price_left\">$739.19<\/p>\r\n                <p class=\"io_product_price_right\">for 3 weeks<\/p>\r\n            <\/div>\r\n            <div class=\"io_product_price_box io_product_price_720h io_product_price_720h_241383\">\r\n                <p class=\"io_product_price_left\">$1,041.59<\/p>\r\n                <p class=\"io_product_price_right\">for 1 month<\/p>\r\n            <\/div>\r\n            <div class=\"io_product_acc_pkg\" style=\"margin-top:14px\"><\/div>\r\n            <div style=\"display: inline-flex\">\r\n                <div>\r\n                    <div class=\"elementor-widget-button add_cart_241383\">\r\n                        <a id=\"bookNowBtn\"\r\n                           class=\"item_add elementor-button elementor-size-sm elementor-animation-grow io_button\"\r\n                           href=\"javascript:;\"><!--no linebreak bc elementor--><i class=\"fas fa-shopping-cart\"><\/i> Add to Cart<\/a>\r\n                    <\/div>\r\n                    <div class=\"unavailable_message\" onclick=\"checkAvailDateClick()\">item unavailable (change date)<\/div>\r\n                <\/div>\r\n                <div class=\"delivery_charge_check_container\">\r\n                    <div class=\"elementor-widget-button check_delivery_241383\">\r\n                        <a id=\"checkDeliveryButton\"\r\n                           class=\"elementor-button elementor-size-sm elementor-animation-grow io_button\"\r\n                           href=\"javascript:;\" onClick=\"showAddressEntry()\"><i class=\"fas fa-truck\"><\/i> Check Delivery<\/a>\r\n                    <\/div>\r\n                <\/div>\r\n            <\/div>\r\n            <div class=\"io_product_detailbox\">\r\n                <h3 class=\"io_product_subtitle\">Product Information:<\/h3>\r\n                <div class=\"io_product_desc\"><\/p>\n<p><style type=\"text\/css\"><!--td {border: 1px solid #ccc;}br {mso-data-placement:same-cell;}--><\/style>\n<style type=\"text\/css\"><!--td {border: 1px solid #ccc;}br {mso-data-placement:same-cell;}--><\/style>\n<style type=\"text\/css\"><!--td {border: 1px solid #ccc;}br {mso-data-placement:same-cell;}--><\/style>\n<style type=\"text\/css\"><!--td {border: 1px solid #ccc;}br {mso-data-placement:same-cell;}--><\/style>\n<p><span data-sheets-userformat='{\"2\":1,\"3\":{\"1\":0}}' data-sheets-value='{\"1\":2,\"2\":\"Notre barbe \u00e0 papa est douce et cottonn\u00e9e tout comme celle vendue au carnaval. Un classique depuis tant d\u2019ann\u00e9es! Nous avons des machines de qualit\u00e9 industrielles \u00e0 haut rendement, excellente pour vos fetes d\u2019enfants ou lev\u00e9e de fonds.\nCombinez ceci avec un de nos jeux gonflables, et vous \u00eates en route pour une f\u00eate tr\u00e8s r\u00e9ussie!\"}' style=\"font-size:10pt;font-family:Arial;font-style:normal;\">Notre barbe &agrave; papa est douce et cottonn&eacute;e tout comme celle vendue au carnaval. Un classique depuis tant d&rsquo;ann&eacute;es! Nous avons des machines de qualit&eacute; industrielles &agrave; haut rendement, excellente pour vos fetes d&rsquo;enfants ou lev&eacute;e de fonds.<br \/>Combinez ceci avec un de nos jeux gonflables, et vous &ecirc;tes en route pour une f&ecirc;te tr&egrave;s r&eacute;ussie!<\/span><\/p>\n<p><\/div>\r\n            <\/div>\r\n\r\n            <div class=\"io_product_detail_box\">\r\n                <p class=\"io_product_dimensions_left\">Transport Dimensions:<\/p>\r\n                <p class=\"io_product_dimensions_right\">26\"x26\"x20\"<\/p>\r\n            <\/div>\r\n            <div class=\"io_product_detail_box\">\r\n                <p class=\"io_product_footprint_left\">Vehicle Required:<\/p>\r\n                <p class=\"io_product_footprint_right io_vehicle\">car<\/p>\r\n            <\/div>\r\n            <script>\r\n                if(jQuery(\".io_vehicle\").html()=='car'){\r\n                    jQuery(\".io_vehicle\").addClass(\"fas fa-car-side\");\r\n                }else if(jQuery(\".io_vehicle\").html()=='van' | jQuery(\".io_vehicle\").html()=='suv'){\r\n                    jQuery(\".io_vehicle\").addClass(\"fas fa-shuttle-van\");\r\n                }else if(jQuery(\".io_vehicle\").html()=='truck'){\r\n                    jQuery(\".io_vehicle\").addClass(\"fas fa-truck\");\r\n                }\r\n            <\/script>\r\n            <div class=\"io_product_detail_box\" style=\"margin-top:40px\">\r\n                <p class=\"io_product_circuits_left\">Circuits needed:<\/p>\r\n                <p class=\"io_product_circuits_right\">1<\/p>\r\n            <\/div>\r\n            <div class=\"io_product_detail_box\">\r\n                <p class=\"io_product_footprint_left\">Space Needed:<\/p>\r\n                <p class=\"io_product_footprint_right\">2\u20192\u2033 x 2\u20192\u2033 x1\u20198\u2033 h<\/p>\r\n            <\/div>\r\n            <div class=\"io_product_detail_box\">\r\n                <p class=\"io_product_footprint_left\">Water Hookup:<\/p>\r\n                <p class=\"io_product_footprint_right\">no<\/p>\r\n            <\/div>\r\n            <div class=\"io_product_detail_box\">\r\n                <p class=\"io_product_footprint_left\">Recommended Ages:<\/p>\r\n                <p class=\"io_product_footprint_right\"><\/p>\r\n            <\/div>\r\n            <div class=\"io_product_detail_box\">\r\n                <p class=\"io_product_footprint_left\">Max Capacity:<\/p>\r\n                <p class=\"io_product_footprint_right\"><\/p>\r\n            <\/div>\r\n        <\/div>\r\n    <\/div>\r\n    \r\n    <div class=\"io_product_accessories\">\r\n        <\/p>\n<h3 class=\"io_acc_h3\">Accessories:<\/h3>\n<p><span class=\"io_acc_accessorydd\" style=\"display:none;\">0<\/span><span class=\"io_acc_accessorylimit\" style=\"display:none;\">0<\/span><span class=\"io_acc_ispackage\" style=\"display:none;\">0<\/span><\/p>\n<ul class=\"io_acc_ul\">\n<li class=\"io_acc_li simpleCart_ioShelfItem\" id=\"io_acc_241383_241544\"><a rel=\"img_group noopener\" href=\"https:\/\/amuz.ca\/fr\/wp-content\/uploads\/sites\/2\/2021\/10\/4cf2326ecc58bbbc4e8f792757e774ee.png\" id=\"io_acc_imgbig_241383_241544\"><image class=\"io_acc_li_img_thumb item_image\"  id=\"iothumb_241383_241544\" src=\"https:\/\/amuz.ca\/fr\/wp-content\/uploads\/sites\/2\/2021\/10\/4cf2326ecc58bbbc4e8f792757e774ee.png\" title=\"\" \/><\/a><span class=\"io_acc_li_name\" id=\"io_acc_shortname_241383_241544\" title=\"\">Cotton candy sugar mix<\/span><span class=\"item_name\" style=\"display:none;\" id=\"io_acc_itemname_241544\">Cotton Candy Machine:Cotton candy sugar mix<\/span><span class=\"item_qtyincrement\" id=\"io_acc_qtyincrement_241544\" style=\"display:none\">1<\/span><span class=\"item_inputtype\" id=\"io_acc_inputtype_241544\" style=\"display:none\">Dropdown<\/span><span class=\"item_required\" id=\"io_acc_required_241383_241544\" style=\"display:none\">1<\/span><span class=\"item_rentalid\" style=\"display:none\">241383_241544<\/span><span class=\"item_linkqty\" style=\"display:none\">0<\/span><span class=\"item_overrideprice\" id=\"io_acc_overrideprice_241383_241544\" style=\"display:none\">0<\/span><span class=\"item_accessorylimit\" id=\"io_acc_accessorylimit_241383_241544\" style=\"display:none;\">0<\/span><span class=\"item_accessorydd\" id=\"io_acc_accessorydd_241383_241544\" style=\"display:none;\">0<\/span><span class=\"io_acc_li_desc\" id=\"io_acc_desc_241383_241544\">\n<p style='box-sizing: border-box; margin: 0px 0px 20px; color: rgb(116, 116, 116); font-family: \"Open Sans\", Arial, Helvetica, sans-serif; font-size: 14px; font-style: normal; font-variant-ligatures: normal; font-variant-caps: normal; font-weight: 400; letter-spacing: normal; orphans: 2; text-align: start; text-indent: 0px; text-transform: none; white-space: normal; widows: 2; word-spacing: 0px; -webkit-text-stroke-width: 0px; background-color: rgb(255, 255, 255); text-decoration-thickness: initial; text-decoration-style: initial; text-decoration-color: initial;'><\/p>\n<style type=\"text\/css\"><!--td {border: 1px solid #ccc;}br {mso-data-placement:same-cell;}--><\/style>\n<style type=\"text\/css\"><!--td {border: 1px solid #ccc;}br {mso-data-placement:same-cell;}--><\/style>\n<p><span data-sheets-userformat='{\"2\":1,\"3\":{\"1\":0}}' data-sheets-value='{\"1\":2,\"2\":\"Cotton candy is a crowd favourite! Who knew it\u2019s so easy to make? Colourful and delicious, this special mix goes right into our cotton candy machine to create light and fluffy spun sugar. Yum!\n \nOne package can create up to 70 servings. \"}' style=\"font-size:10pt;font-family:Arial;font-style:normal;\">Cotton candy is a crowd favourite! Who knew it&rsquo;s so easy to make? Colourful and delicious, this special mix goes right into our cotton candy machine to create light and fluffy spun sugar. Yum!<\/p>\n<p>One package can create up to 70 servings.&nbsp;<\/span>\n<\/p>\n<p><\/span><\/li>\n<\/ul>\n<p>\r\n    <\/div>\r\n    <a name=\"page_product_reviews\"><\/a>\r\n    <div class=\"io_product_reviewbox\">\r\n        \r\n    <\/div>\r\n    <!--div class=\"io_product_upsell\">\r\n        <h3 class=\"io_upsell_h3\">You might also be interested in:<\/h3>\r\n        <div class=\"page-carousel\"><\/div>\r\n    <\/div-->\r\n    <div class=\"io_landingpages io_landingpages_241383 elementor-widget-text-editor\">\r\n        <!-- Start Shortcoder content -->                                Conveniently located in Vaudreuil and also serving surrounding areas.                            <!-- End Shortcoder content -->\r\n    <\/div>\r\n<\/div>\r\n<script>\r\n    \/\/stars\r\n    jQuery(document).ready(function () {\r\n        for(i=0;i<05;i++){\r\n            jQuery(\".io_stars_241383\").append('<div class=\"fas fa-star\" style=\"color:goldenrod\"><\/div>');\r\n        }\r\n        var times = getAvailTimes();\r\n        \/*getUpsellsCall(times[0],times[1],times[2],jQuery(\".io_product_infobox .item_rentalid\").first().text(), updatePageUpsell);*\/\r\n    });\r\n    var acc_obj_relate = JSON.parse('{\"241544\":{}} ');\r\n    var images_arr = JSON.parse('{\"0\":{\"rentalimage_id\":\"776767\",\"rentalimage_createtime\":null,\"rentalimage_modifiedtime\":null,\"rentalimage_itemid\":\"241383\",\"rentalimage_order\":\"0\",\"rentalimage_imageloc\":\"https:\/\/amuz.ca\/fr\/wp-content\/uploads\/sites\/2\/2023\/08\/cotton20candy20machine1_1660509697.jpg\",\"rentalimage_imagelocbig\":\"https:\/\/amuz.ca\/fr\/wp-content\/uploads\/sites\/2\/2023\/09\/cotton20candy20machine1_1660509697_big.jpg\"}} ');\r\n    var rental_name_template = \"Cotton Candy Machine\";\r\n    var alt_text_template = \"Cotton Candy Machine\";\r\n\r\n    function updatePageUpsell(data){\r\n        let page_carousel = jQuery(\".page-carousel\");\r\n        data.forEach(function(upsell){\r\n            cell = createPageCarouselCell(upsell[\"image\"], upsell[\"name\"], upsell[\"page\"]);\r\n            page_carousel.append(cell);\r\n        });\r\n        makeCarousel(page_carousel);\r\n        setTimeout(pageFlickityRefresh, 500);\r\n    }\r\n    function createPageCarouselCell(image, name, page){\r\n        cell = '<div class=\"io_page_carousel_cell\"> <a href=\"'+page+'\" class=\"page-carousel-link\"> <img decoding=\"async\" class=\"page-carousel-image skip-lazy\" src=\"'+image+'\"> <p class=\"page-carousel-name\"> '+name+' <\/p> <\/a> <\/div>';\r\n        return cell;\r\n    }\r\n    function pageFlickityRefresh(){\r\n        jQuery(\".page-carousel\").flickity(\"resize\");\r\n    }\r\n<\/script>\r\n<!-- End Shortcoder content -->\n","protected":false},"excerpt":{"rendered":"","protected":false},"author":1,"featured_media":8408,"parent":3951,"menu_order":0,"comment_status":"closed","ping_status":"closed","template":"","meta":{"io_meta_description":"<p><style type=\"text\/css\"><!--td {border: 1px solid #ccc;}br {mso-data-placement:same-cell;}--><\/style><style type=\"text\/css\"><!--td {border: 1px solid #ccc;}br {mso-data-placement:same-cell;}--><\/style><style type=\"text\/css\"><!--td {border: 1px solid #ccc;}br {mso-data-placement:same-cell;}--><\/style><style type=\"text\/css\"><!--td {border: 1px solid #ccc;}br {mso-data-placement:same-cell;}--><\/style><span data-sheets-userformat='{\"2\":1,\"3\":{\"1\":0}}' data-sheets-value='{\"1\":2,\"2\":\"Notre barbe \u00e0 papa est douce et cottonn\u00e9e tout comme celle vendue au carnaval. Un classique depuis tant d\u2019ann\u00e9es! Nous avons des machines de qualit\u00e9 industrielles \u00e0 haut rendement, excellente pour vos fetes d\u2019enfants ou lev\u00e9e de fonds.\\nCombinez ceci avec un de nos jeux gonflables, et vous \u00eates en route pour une f\u00eate tr\u00e8s r\u00e9ussie!\"}' style=\"font-size:10pt;font-family:Arial;font-style:normal;\">Notre barbe &agrave; papa est douce et cottonn&eacute;e tout comme celle vendue au carnaval. Un classique depuis tant d&rsquo;ann&eacute;es! Nous avons des machines de qualit&eacute; industrielles &agrave; haut rendement, excellente pour vos fetes d&rsquo;enfants ou lev&eacute;e de fonds.<br>Combinez ceci avec un de nos jeux gonflables, et vous &ecirc;tes en route pour une f&ecirc;te tr&egrave;s r&eacute;ussie!<\/span>\n\n<\/p>","footnotes":""},"class_list":["post-4978","page","type-page","status-publish","has-post-thumbnail","hentry"],"_links":{"self":[{"href":"https:\/\/amuz.ca\/fr\/wp-json\/wp\/v2\/pages\/4978","targetHints":{"allow":["GET"]}}],"collection":[{"href":"https:\/\/amuz.ca\/fr\/wp-json\/wp\/v2\/pages"}],"about":[{"href":"https:\/\/amuz.ca\/fr\/wp-json\/wp\/v2\/types\/page"}],"author":[{"embeddable":true,"href":"https:\/\/amuz.ca\/fr\/wp-json\/wp\/v2\/users\/1"}],"replies":[{"embeddable":true,"href":"https:\/\/amuz.ca\/fr\/wp-json\/wp\/v2\/comments?post=4978"}],"version-history":[{"count":1,"href":"https:\/\/amuz.ca\/fr\/wp-json\/wp\/v2\/pages\/4978\/revisions"}],"predecessor-version":[{"id":9284,"href":"https:\/\/amuz.ca\/fr\/wp-json\/wp\/v2\/pages\/4978\/revisions\/9284"}],"up":[{"embeddable":true,"href":"https:\/\/amuz.ca\/fr\/wp-json\/wp\/v2\/pages\/3951"}],"wp:featuredmedia":[{"embeddable":true,"href":"https:\/\/amuz.ca\/fr\/wp-json\/wp\/v2\/media\/8408"}],"wp:attachment":[{"href":"https:\/\/amuz.ca\/fr\/wp-json\/wp\/v2\/media?parent=4978"}],"curies":[{"name":"wp","href":"https:\/\/api.w.org\/{rel}","templated":true}]}}