{"id":5113,"date":"2022-02-23T20:04:14","date_gmt":"2022-02-23T20:04:14","guid":{"rendered":"https:\/\/amuz.ca\/fr\/locations\/accessoires\/machine-a-bulles\/"},"modified":"2025-09-24T15:56:30","modified_gmt":"2025-09-24T15:56:30","slug":"machine-a-bulles","status":"publish","type":"page","link":"https:\/\/amuz.ca\/fr\/locations\/acessoires\/machine-a-bulles\/","title":{"rendered":"MACHINE \u00c0 BULLES"},"content":{"rendered":"<!-- Start Shortcoder content --><div class=\"io_product_container elementor-widget-text-editor io_product_container_244780\">\r\n    <!-- Cart -->\r\n    <div class=\"cartInfo\" style=\"display:none\">\r\n        <i class=\"cartIcon fas fa-shopping-cart\"><\/i><!--no linebreak bc elementor--> <span class=\"simpleCart_quantity\"><\/span> items\r\n    <\/div>\r\n\r\n    <!-- Page Content -->\r\n    <div class=\"simpleCart_ioShelfItem\">\r\n        <div class=\"io_product_picbox\">\r\n            <a rel=\"img_group noopener\" id=\"single_image\" href=\"https:\/\/amuz.ca\/fr\/wp-content\/uploads\/sites\/2\/2022\/02\/42d8be6e5502e3c0eb6b2641a0906e05.png\">\r\n              <img decoding=\"async\" class=\"io_image_big item_image\" title=\"MACHINE \u00c0 BULLES\" src=\"https:\/\/amuz.ca\/fr\/wp-content\/uploads\/sites\/2\/2022\/02\/42d8be6e5502e3c0eb6b2641a0906e05.png\" alt=\"Bubble Machine\" \/>\r\n            <\/a>\r\n            <a rel=\"\" href=\"https:\/\/amuz.ca\/fr\/wp-content\/uploads\/sites\/2\/2022\/02\/42d8be6e5502e3c0eb6b2641a0906e05.png\" id=\"io_img_big1\"><\/a>\r\n            <a rel=\"img_group noopener\" href=\"\" id=\"io_img_big2\"><\/a>\r\n            <a rel=\"img_group noopener\" href=\"\" id=\"io_img_big3\"><\/a>\r\n            <a rel=\"img_group noopener\" href=\"\" id=\"io_img_big4\"><\/a>\r\n            <br>\r\n            <div class=\"io_image_thumbbox\">\r\n                <img decoding=\"async\" class=\"io_image_thumb skip-lazy\" title=\"MACHINE \u00c0 BULLES\" src=\"https:\/\/amuz.ca\/fr\/wp-content\/uploads\/sites\/2\/2022\/02\/42d8be6e5502e3c0eb6b2641a0906e05.png\" alt=\"Bubble Machine\"\r\n                     id=\"io_img_thumb1\" onclick=\"updateMainPic(this)\" \/>\r\n                <img decoding=\"async\" class=\"io_image_thumb skip-lazy\" title=\"MACHINE \u00c0 BULLES\" src=\"\" alt=\"\" id=\"io_img_thumb2\" onclick=\"updateMainPic(this)\">\r\n                <img decoding=\"async\" class=\"io_image_thumb skip-lazy\" title=\"MACHINE \u00c0 BULLES\" src=\"\" alt=\"\" id=\"io_img_thumb3\" onclick=\"updateMainPic(this)\">\r\n                <img decoding=\"async\" class=\"io_image_thumb skip-lazy\" title=\"MACHINE \u00c0 BULLES\" src=\"\" alt=\"\" id=\"io_img_thumb4\" onclick=\"updateMainPic(this)\">\r\n            <\/div>\r\n        <\/div>\r\n        <div class=\"io_product_infobox\">\r\n            <div class=\"elementor-widget-heading\">\r\n                <h1 class=\"io_product_title elementor-heading-title item_name\">MACHINE \u00c0 BULLES<\/h1>\r\n            <\/div>\r\n            <p class=\"item_encoded\" style=\"display:none;\">Bubble+Machine<\/p>\r\n            <p class=\"item_rentalid\" style=\"display:none;\">244780<\/p>\r\n            <span class=\"item_qtyincrement\" style=\"display:none;\">1<\/span>\r\n            <div class=\"item_timeslots\" style=\"display:none;\"><\/div>\r\n            <div class=\"io_star_rating\">\r\n                <div class=\"io_stars_244780 io_stars\"><\/div>\r\n                <a href=\"#page_product_reviews\">See Reviews<\/a>\r\n            <\/div>\r\n            <div class=\"io_product_price_box io_product_price_1h io_product_price_1h_244780\">\r\n                <p class=\"io_product_price_top_left\">$35.66<\/p>\r\n                <p class=\"io_product_price_top_right\">per hour<\/p>\r\n            <\/div>\r\n            <div class=\"io_product_price_box io_product_price_2h io_product_price_2h_244780\">\r\n                <p class=\"io_product_price_top_left\">$35.66<\/p>\r\n                <p class=\"io_product_price_top_right\">for 2 hours<\/p>\r\n            <\/div>\r\n            <div class=\"io_product_price_box io_product_price_3h io_product_price_3h_244780\">\r\n                <p class=\"io_product_price_top_left\">$35.66<\/p>\r\n                <p class=\"io_product_price_top_right\">for 3 hours<\/p>\r\n            <\/div>\r\n            <div class=\"io_product_price_box io_product_price_4h io_product_price_4h_244780\">\r\n                <p class=\"io_product_price_top_left\">$35.66<\/p>\r\n                <p class=\"io_product_price_top_right\">for 4 hours<\/p>\r\n            <\/div>\r\n            <div class=\"io_product_price_box io_product_price_5h io_product_price_5h_244780\">\r\n                <p class=\"io_product_price_top_left\">$35.66<\/p>\r\n                <p class=\"io_product_price_top_right\">for 5 hours<\/p>\r\n            <\/div>\r\n            <div class=\"io_product_price_box io_product_price_6h io_product_price_6h_244780\">\r\n                <p class=\"io_product_price_top_left\">$35.66<\/p>\r\n                <p class=\"io_product_price_top_right\">for 6 hours<\/p>\r\n            <\/div>\r\n            <div class=\"io_product_price_box io_product_price_7h io_product_price_7h_244780\">\r\n                <p class=\"io_product_price_left\">$35.66<\/p>\r\n                <p class=\"io_product_price_right\">for 7 hours<\/p>\r\n            <\/div>\r\n            <div class=\"io_product_price_box io_product_price_8h io_product_price_8h_244780\">\r\n                <p class=\"io_product_price_left\">$35.66<\/p>\r\n                <p class=\"io_product_price_right\">for 8 hours<\/p>\r\n            <\/div>\r\n            <div class=\"io_product_price_box io_product_price_9h io_product_price_9h_244780\">\r\n                <p class=\"io_product_price_left\">$35.66<\/p>\r\n                <p class=\"io_product_price_right\">for 9 hours<\/p>\r\n            <\/div>\r\n            <div class=\"io_product_price_box io_product_price_10h io_product_price_10h_244780\">\r\n                <p class=\"io_product_price_left\">$35.66<\/p>\r\n                <p class=\"io_product_price_right\">for 10 hours<\/p>\r\n            <\/div>\r\n            <div class=\"io_product_price_box io_product_price_11h io_product_price_11h_244780\">\r\n                <p class=\"io_product_price_left\">$35.66<\/p>\r\n                <p class=\"io_product_price_right\">for 11 hours<\/p>\r\n            <\/div>\r\n            <div class=\"io_product_price_box io_product_price_12h io_product_price_12h_244780\">\r\n                <p class=\"io_product_price_left\">$35.66<\/p>\r\n                <p class=\"io_product_price_right\">for 12 hours<\/p>\r\n            <\/div>\r\n            <div class=\"io_product_price_box io_product_price_13h io_product_price_13h_244780\">\r\n                <p class=\"io_product_price_left\">$35.66<\/p>\r\n                <p class=\"io_product_price_right\">for 13 hours<\/p>\r\n            <\/div>\r\n            <div class=\"io_product_price_box io_product_price_14h io_product_price_14h_244780\">\r\n                <p class=\"io_product_price_left\">$35.66<\/p>\r\n                <p class=\"io_product_price_right\">for 14 hours<\/p>\r\n            <\/div>\r\n            <div class=\"io_product_price_box io_product_price_15h io_product_price_15h_244780\">\r\n                <p class=\"io_product_price_left\">$35.66<\/p>\r\n                <p class=\"io_product_price_right\">for 15 hours<\/p>\r\n            <\/div>\r\n            <div class=\"io_product_price_box io_product_price_16h io_product_price_16h_244780\">\r\n                <p class=\"io_product_price_left\">$35.66<\/p>\r\n                <p class=\"io_product_price_right\">for 16 hours<\/p>\r\n            <\/div>\r\n            <div class=\"io_product_price_box io_product_price_24h io_product_price_24h_244780\">\r\n                <p class=\"io_product_price_left\">$35.66<\/p>\r\n                <p class=\"io_product_price_right\">per day<\/p>\r\n            <\/div>\r\n            <div class=\"io_product_price_box io_product_price_additionalday io_product_price_additionalday_244780\">\r\n                <p class=\"io_product_price_left\">$17.83<\/p>\r\n                <p class=\"io_product_price_right\">per additional day<\/p>\r\n            <\/div>\r\n            <div class=\"io_product_price_box io_product_price_48h io_product_price_48h_244780\">\r\n                <p class=\"io_product_price_left\">$53.49<\/p>\r\n                <p class=\"io_product_price_right\">for 2 days<\/p>\r\n            <\/div>\r\n            <div class=\"io_product_price_box io_product_price_72h io_product_price_72h_244780\">\r\n                <p class=\"io_product_price_left\">$71.32<\/p>\r\n                <p class=\"io_product_price_right\">for 3 days<\/p>\r\n            <\/div>\r\n            <div class=\"io_product_price_box io_product_price_96h io_product_price_96h_244780\">\r\n                <p class=\"io_product_price_left\">$89.15<\/p>\r\n                <p class=\"io_product_price_right\">for 4 days<\/p>\r\n            <\/div>\r\n            <div class=\"io_product_price_box io_product_price_120h io_product_price_120h_244780\">\r\n                <p class=\"io_product_price_left\">$106.98<\/p>\r\n                <p class=\"io_product_price_right\">for 5 days<\/p>\r\n            <\/div>\r\n            <div class=\"io_product_price_box io_product_price_168h io_product_price_168h_244780\">\r\n                <p class=\"io_product_price_left\">$142.64<\/p>\r\n                <p class=\"io_product_price_right\">for 1 week<\/p>\r\n            <\/div>\r\n            <div class=\"io_product_price_box io_product_price_336h io_product_price_336h_244780\">\r\n                <p class=\"io_product_price_left\">$267.45<\/p>\r\n                <p class=\"io_product_price_right\">for 2 weeks<\/p>\r\n            <\/div>\r\n            <div class=\"io_product_price_box io_product_price_504h io_product_price_504h_244780\">\r\n                <p class=\"io_product_price_left\">$392.26<\/p>\r\n                <p class=\"io_product_price_right\">for 3 weeks<\/p>\r\n            <\/div>\r\n            <div class=\"io_product_price_box io_product_price_720h io_product_price_720h_244780\">\r\n                <p class=\"io_product_price_left\">$552.73<\/p>\r\n                <p class=\"io_product_price_right\">for 1 month<\/p>\r\n            <\/div>\r\n            <div class=\"io_product_acc_pkg\" style=\"margin-top:14px\"><\/div>\r\n            <div style=\"display: inline-flex\">\r\n                <div>\r\n                    <div class=\"elementor-widget-button add_cart_244780\">\r\n                        <a id=\"bookNowBtn\"\r\n                           class=\"item_add elementor-button elementor-size-sm elementor-animation-grow io_button\"\r\n                           href=\"javascript:;\"><!--no linebreak bc elementor--><i class=\"fas fa-shopping-cart\"><\/i> Add to Cart<\/a>\r\n                    <\/div>\r\n                    <div class=\"unavailable_message\" onclick=\"checkAvailDateClick()\">item unavailable (change date)<\/div>\r\n                <\/div>\r\n                <div class=\"delivery_charge_check_container\">\r\n                    <div class=\"elementor-widget-button check_delivery_244780\">\r\n                        <a id=\"checkDeliveryButton\"\r\n                           class=\"elementor-button elementor-size-sm elementor-animation-grow io_button\"\r\n                           href=\"javascript:;\" onClick=\"showAddressEntry()\"><i class=\"fas fa-truck\"><\/i> Check Delivery<\/a>\r\n                    <\/div>\r\n                <\/div>\r\n            <\/div>\r\n            <div class=\"io_product_detailbox\">\r\n                <h3 class=\"io_product_subtitle\">Product Information:<\/h3>\r\n                <div class=\"io_product_desc\"><\/p>\n<p><style type=\"text\/css\"><!--td {border: 1px solid #ccc;}br {mso-data-placement:same-cell;}--><\/style>\n<style type=\"text\/css\"><!--td {border: 1px solid #ccc;}br {mso-data-placement:same-cell;}--><\/style>\n<p><span data-sheets-userformat='{\"2\":1,\"3\":{\"1\":0}}' data-sheets-value='{\"1\":2,\"2\":\"Sourires assur\u00e9s et magie instantan\u00e9e!\nUne machine \u00e0 bulles ajoute de la fantaisie \u00e0 toutes  vos c\u00e9l\u00e9brations! Id\u00e9al pour f\u00eates d\u2019enfants et aussi tr\u00e8s original lors d\u2019un mariage pour au lieu de confettis.\nLiquide \u00e0 bulles  non inclus. (achat minimum un contenant avec toute location)\nRajoutez ces bulles \u00e0 n\u2019importe quel jeu gonflable, comme celui du ch\u00e2teau de la princesse et faites vivre de moments magique \u00e0 votre fille!\"}' style=\"font-size:10pt;font-family:Arial;font-style:normal;\">Sourires assur&eacute;s et magie instantan&eacute;e!<br \/>Une machine &agrave; bulles ajoute de la fantaisie &agrave; toutes &nbsp;vos c&eacute;l&eacute;brations! Id&eacute;al pour f&ecirc;tes d&rsquo;enfants et aussi tr&egrave;s original lors d&rsquo;un mariage pour au lieu de confettis.<br \/>Liquide &agrave; bulles &nbsp;non inclus. (achat minimum un contenant avec toute location)<br \/>Rajoutez ces bulles &agrave; n&rsquo;importe quel jeu gonflable, comme celui du ch&acirc;teau de la princesse et faites vivre de moments magique &agrave; votre fille!<\/span>\n<\/p>\n<p><\/div>\r\n            <\/div>\r\n\r\n            <div class=\"io_product_detail_box\">\r\n                <p class=\"io_product_dimensions_left\">Transport Dimensions:<\/p>\r\n                <p class=\"io_product_dimensions_right\"><\/p>\r\n            <\/div>\r\n            <div class=\"io_product_detail_box\">\r\n                <p class=\"io_product_footprint_left\">Vehicle Required:<\/p>\r\n                <p class=\"io_product_footprint_right io_vehicle\">car<\/p>\r\n            <\/div>\r\n            <script>\r\n                if(jQuery(\".io_vehicle\").html()=='car'){\r\n                    jQuery(\".io_vehicle\").addClass(\"fas fa-car-side\");\r\n                }else if(jQuery(\".io_vehicle\").html()=='van' | jQuery(\".io_vehicle\").html()=='suv'){\r\n                    jQuery(\".io_vehicle\").addClass(\"fas fa-shuttle-van\");\r\n                }else if(jQuery(\".io_vehicle\").html()=='truck'){\r\n                    jQuery(\".io_vehicle\").addClass(\"fas fa-truck\");\r\n                }\r\n            <\/script>\r\n            <div class=\"io_product_detail_box\" style=\"margin-top:40px\">\r\n                <p class=\"io_product_circuits_left\">Circuits needed:<\/p>\r\n                <p class=\"io_product_circuits_right\">1<\/p>\r\n            <\/div>\r\n            <div class=\"io_product_detail_box\">\r\n                <p class=\"io_product_footprint_left\">Space Needed:<\/p>\r\n                <p class=\"io_product_footprint_right\"><\/p>\r\n            <\/div>\r\n            <div class=\"io_product_detail_box\">\r\n                <p class=\"io_product_footprint_left\">Water Hookup:<\/p>\r\n                <p class=\"io_product_footprint_right\"><\/p>\r\n            <\/div>\r\n            <div class=\"io_product_detail_box\">\r\n                <p class=\"io_product_footprint_left\">Recommended Ages:<\/p>\r\n                <p class=\"io_product_footprint_right\"><\/p>\r\n            <\/div>\r\n            <div class=\"io_product_detail_box\">\r\n                <p class=\"io_product_footprint_left\">Max Capacity:<\/p>\r\n                <p class=\"io_product_footprint_right\"><\/p>\r\n            <\/div>\r\n        <\/div>\r\n    <\/div>\r\n    <\/p>\n<p><a href=\"https:\/\/youtu.be\/myMY9oqlJbo\" target=\"_blank\" rel=\"noopener\">https:\/\/youtu.be\/myMY9oqlJbo<\/a><\/p>\n<p>\r\n    <div class=\"io_product_accessories\">\r\n        <\/p>\n<h3 class=\"io_acc_h3\">Accessories:<\/h3>\n<p><span class=\"io_acc_accessorydd\" style=\"display:none;\">0<\/span><span class=\"io_acc_accessorylimit\" style=\"display:none;\">0<\/span><span class=\"io_acc_ispackage\" style=\"display:none;\">0<\/span><\/p>\n<ul class=\"io_acc_ul\">\n<li class=\"io_acc_li simpleCart_ioShelfItem\" id=\"io_acc_244780_1543127\"><span class=\"io_acc_li_name\" id=\"io_acc_shortname_244780_1543127\" title=\"\">Bubble Solution<\/span><span class=\"item_name\" style=\"display:none;\" id=\"io_acc_itemname_1543127\">Bubble Machine:Bubble Solution<\/span><span class=\"item_qtyincrement\" id=\"io_acc_qtyincrement_1543127\" style=\"display:none\">1<\/span><span class=\"item_inputtype\" id=\"io_acc_inputtype_1543127\" style=\"display:none\">Dropdown<\/span><span class=\"item_required\" id=\"io_acc_required_244780_1543127\" style=\"display:none\">1<\/span><span class=\"item_rentalid\" style=\"display:none\">244780_1543127<\/span><span class=\"item_linkqty\" style=\"display:none\">0<\/span><span class=\"item_overrideprice\" id=\"io_acc_overrideprice_244780_1543127\" style=\"display:none\">0<\/span><span class=\"item_accessorylimit\" id=\"io_acc_accessorylimit_244780_1543127\" style=\"display:none;\">0<\/span><span class=\"item_accessorydd\" id=\"io_acc_accessorydd_244780_1543127\" style=\"display:none;\">0<\/span><\/li>\n<\/ul>\n<p>\r\n    <\/div>\r\n    <a name=\"page_product_reviews\"><\/a>\r\n    <div class=\"io_product_reviewbox\">\r\n        \r\n    <\/div>\r\n    <!--div class=\"io_product_upsell\">\r\n        <h3 class=\"io_upsell_h3\">You might also be interested in:<\/h3>\r\n        <div class=\"page-carousel\"><\/div>\r\n    <\/div-->\r\n    <div class=\"io_landingpages io_landingpages_244780 elementor-widget-text-editor\">\r\n        <!-- Start Shortcoder content -->                                Conveniently located in Vaudreuil and also serving surrounding areas.                            <!-- End Shortcoder content -->\r\n    <\/div>\r\n<\/div>\r\n<script>\r\n    \/\/stars\r\n    jQuery(document).ready(function () {\r\n        for(i=0;i<00;i++){\r\n            jQuery(\".io_stars_244780\").append('<div class=\"fas fa-star\" style=\"color:goldenrod\"><\/div>');\r\n        }\r\n        var times = getAvailTimes();\r\n        \/*getUpsellsCall(times[0],times[1],times[2],jQuery(\".io_product_infobox .item_rentalid\").first().text(), updatePageUpsell);*\/\r\n    });\r\n    var acc_obj_relate = JSON.parse('{\"1543127\":{}} ');\r\n    var images_arr = JSON.parse('{\"0\":{\"rentalimage_id\":\"63519\",\"rentalimage_createtime\":\"0\",\"rentalimage_modifiedtime\":\"0\",\"rentalimage_itemid\":\"244780\",\"rentalimage_order\":\"0\",\"rentalimage_imageloc\":\"https:\/\/amuz.ca\/fr\/wp-content\/uploads\/sites\/2\/2022\/02\/42d8be6e5502e3c0eb6b2641a0906e05.png\",\"rentalimage_imagelocbig\":\"https:\/\/amuz.ca\/fr\/wp-content\/uploads\/sites\/2\/2022\/02\/42d8be6e5502e3c0eb6b2641a0906e05.png\"}} ');\r\n    var rental_name_template = \"Bubble Machine\";\r\n    var alt_text_template = \"Bubble Machine\";\r\n\r\n    function updatePageUpsell(data){\r\n        let page_carousel = jQuery(\".page-carousel\");\r\n        data.forEach(function(upsell){\r\n            cell = createPageCarouselCell(upsell[\"image\"], upsell[\"name\"], upsell[\"page\"]);\r\n            page_carousel.append(cell);\r\n        });\r\n        makeCarousel(page_carousel);\r\n        setTimeout(pageFlickityRefresh, 500);\r\n    }\r\n    function createPageCarouselCell(image, name, page){\r\n        cell = '<div class=\"io_page_carousel_cell\"> <a href=\"'+page+'\" class=\"page-carousel-link\"> <img decoding=\"async\" class=\"page-carousel-image skip-lazy\" src=\"'+image+'\"> <p class=\"page-carousel-name\"> '+name+' <\/p> <\/a> <\/div>';\r\n        return cell;\r\n    }\r\n    function pageFlickityRefresh(){\r\n        jQuery(\".page-carousel\").flickity(\"resize\");\r\n    }\r\n<\/script>\r\n<!-- End Shortcoder content -->\n","protected":false},"excerpt":{"rendered":"","protected":false},"author":1,"featured_media":5112,"parent":7335,"menu_order":0,"comment_status":"closed","ping_status":"closed","template":"","meta":{"io_meta_description":"<p><style type=\"text\/css\"><!--td {border: 1px solid #ccc;}br {mso-data-placement:same-cell;}--><\/style><style type=\"text\/css\"><!--td {border: 1px solid #ccc;}br {mso-data-placement:same-cell;}--><\/style><span data-sheets-userformat='{\"2\":1,\"3\":{\"1\":0}}' data-sheets-value='{\"1\":2,\"2\":\"Sourires assur\u00e9s et magie instantan\u00e9e!\\nUne machine \u00e0 bulles ajoute de la fantaisie \u00e0 toutes  vos c\u00e9l\u00e9brations! Id\u00e9al pour f\u00eates d\u2019enfants et aussi tr\u00e8s original lors d\u2019un mariage pour au lieu de confettis.\\nLiquide \u00e0 bulles  non inclus. (achat minimum un contenant avec toute location)\\nRajoutez ces bulles \u00e0 n\u2019importe quel jeu gonflable, comme celui du ch\u00e2teau de la princesse et faites vivre de moments magique \u00e0 votre fille!\"}' style=\"font-size:10pt;font-family:Arial;font-style:normal;\">Sourires assur&eacute;s et magie instantan&eacute;e!<br>Une machine &agrave; bulles ajoute de la fantaisie &agrave; toutes &nbsp;vos c&eacute;l&eacute;brations! Id&eacute;al pour f&ecirc;tes d&rsquo;enfants et aussi tr&egrave;s original lors d&rsquo;un mariage pour au lieu de confettis.<br>Liquide &agrave; bulles &nbsp;non inclus. (achat minimum un contenant avec toute location)<br>Rajoutez ces bulles &agrave; n&rsquo;importe quel jeu gonflable, comme celui du ch&acirc;teau de la princesse et faites vivre de moments magique &agrave; votre fille!<\/span>\n<\/p>","footnotes":""},"class_list":["post-5113","page","type-page","status-publish","has-post-thumbnail","hentry"],"_links":{"self":[{"href":"https:\/\/amuz.ca\/fr\/wp-json\/wp\/v2\/pages\/5113","targetHints":{"allow":["GET"]}}],"collection":[{"href":"https:\/\/amuz.ca\/fr\/wp-json\/wp\/v2\/pages"}],"about":[{"href":"https:\/\/amuz.ca\/fr\/wp-json\/wp\/v2\/types\/page"}],"author":[{"embeddable":true,"href":"https:\/\/amuz.ca\/fr\/wp-json\/wp\/v2\/users\/1"}],"replies":[{"embeddable":true,"href":"https:\/\/amuz.ca\/fr\/wp-json\/wp\/v2\/comments?post=5113"}],"version-history":[{"count":1,"href":"https:\/\/amuz.ca\/fr\/wp-json\/wp\/v2\/pages\/5113\/revisions"}],"predecessor-version":[{"id":9700,"href":"https:\/\/amuz.ca\/fr\/wp-json\/wp\/v2\/pages\/5113\/revisions\/9700"}],"up":[{"embeddable":true,"href":"https:\/\/amuz.ca\/fr\/wp-json\/wp\/v2\/pages\/7335"}],"wp:featuredmedia":[{"embeddable":true,"href":"https:\/\/amuz.ca\/fr\/wp-json\/wp\/v2\/media\/5112"}],"wp:attachment":[{"href":"https:\/\/amuz.ca\/fr\/wp-json\/wp\/v2\/media?parent=5113"}],"curies":[{"name":"wp","href":"https:\/\/api.w.org\/{rel}","templated":true}]}}