{"id":5121,"date":"2022-02-23T20:10:10","date_gmt":"2022-02-23T20:10:10","guid":{"rendered":"https:\/\/amuz.ca\/fr\/locations\/accessoires\/publicite-gonflable-bleu\/"},"modified":"2025-09-24T15:56:09","modified_gmt":"2025-09-24T15:56:09","slug":"publicite-gonflable-bleu","status":"publish","type":"page","link":"https:\/\/amuz.ca\/fr\/locations\/acessoires\/publicite-gonflable-bleu\/","title":{"rendered":"PUBLICIT\u00c9 GONFLABLE BLEU"},"content":{"rendered":"<!-- Start Shortcoder content --><div class=\"io_product_container elementor-widget-text-editor io_product_container_1486291\">\r\n    <!-- Cart -->\r\n    <div class=\"cartInfo\" style=\"display:none\">\r\n        <i class=\"cartIcon fas fa-shopping-cart\"><\/i><!--no linebreak bc elementor--> <span class=\"simpleCart_quantity\"><\/span> items\r\n    <\/div>\r\n\r\n    <!-- Page Content -->\r\n    <div class=\"simpleCart_ioShelfItem\">\r\n        <div class=\"io_product_picbox\">\r\n            <a rel=\"img_group noopener\" id=\"single_image\" href=\"https:\/\/amuz.ca\/fr\/wp-content\/uploads\/sites\/2\/2022\/04\/spot-amuz-_1651087437_big.png\">\r\n              <img decoding=\"async\" class=\"io_image_big item_image\" title=\"PUBLICIT\u00c9 GONFLABLE BLEU\" src=\"https:\/\/amuz.ca\/fr\/wp-content\/uploads\/sites\/2\/2022\/04\/spot-amuz-_1651087437_big.png\" alt=\"Blue Inflatable Advertising\" \/>\r\n            <\/a>\r\n            <a rel=\"\" href=\"https:\/\/amuz.ca\/fr\/wp-content\/uploads\/sites\/2\/2022\/04\/spot-amuz-_1651087437_big.png\" id=\"io_img_big1\"><\/a>\r\n            <a rel=\"img_group noopener\" href=\"https:\/\/amuz.ca\/fr\/wp-content\/uploads\/sites\/2\/2022\/04\/spot-amuz_1651087437_big.png\" id=\"io_img_big2\"><\/a>\r\n            <a rel=\"img_group noopener\" href=\"\" id=\"io_img_big3\"><\/a>\r\n            <a rel=\"img_group noopener\" href=\"\" id=\"io_img_big4\"><\/a>\r\n            <br>\r\n            <div class=\"io_image_thumbbox\">\r\n                <img decoding=\"async\" class=\"io_image_thumb skip-lazy\" title=\"PUBLICIT\u00c9 GONFLABLE BLEU\" src=\"https:\/\/amuz.ca\/fr\/wp-content\/uploads\/sites\/2\/2023\/09\/spot-amuz-_1651087437.png\" alt=\"Blue Inflatable Advertising\"\r\n                     id=\"io_img_thumb1\" onclick=\"updateMainPic(this)\" \/>\r\n                <img decoding=\"async\" class=\"io_image_thumb skip-lazy\" title=\"PUBLICIT\u00c9 GONFLABLE BLEU\" src=\"https:\/\/amuz.ca\/fr\/wp-content\/uploads\/sites\/2\/2023\/09\/spot-amuz_1651087437.png\" alt=\"\" id=\"io_img_thumb2\" onclick=\"updateMainPic(this)\">\r\n                <img decoding=\"async\" class=\"io_image_thumb skip-lazy\" title=\"PUBLICIT\u00c9 GONFLABLE BLEU\" src=\"\" alt=\"\" id=\"io_img_thumb3\" onclick=\"updateMainPic(this)\">\r\n                <img decoding=\"async\" class=\"io_image_thumb skip-lazy\" title=\"PUBLICIT\u00c9 GONFLABLE BLEU\" src=\"\" alt=\"\" id=\"io_img_thumb4\" onclick=\"updateMainPic(this)\">\r\n            <\/div>\r\n        <\/div>\r\n        <div class=\"io_product_infobox\">\r\n            <div class=\"elementor-widget-heading\">\r\n                <h1 class=\"io_product_title elementor-heading-title item_name\">PUBLICIT\u00c9 GONFLABLE BLEU<\/h1>\r\n            <\/div>\r\n            <p class=\"item_encoded\" style=\"display:none;\">Blue+Inflatable+Advertising<\/p>\r\n            <p class=\"item_rentalid\" style=\"display:none;\">1486291<\/p>\r\n            <span class=\"item_qtyincrement\" style=\"display:none;\">1<\/span>\r\n            <div class=\"item_timeslots\" style=\"display:none;\"><\/div>\r\n            <div class=\"io_star_rating\">\r\n                <div class=\"io_stars_1486291 io_stars\"><\/div>\r\n                <a href=\"#page_product_reviews\">See Reviews<\/a>\r\n            <\/div>\r\n            <div class=\"io_product_price_box io_product_price_1h io_product_price_1h_1486291\">\r\n                <p class=\"io_product_price_top_left\">$79.15<\/p>\r\n                <p class=\"io_product_price_top_right\">per hour<\/p>\r\n            <\/div>\r\n            <div class=\"io_product_price_box io_product_price_2h io_product_price_2h_1486291\">\r\n                <p class=\"io_product_price_top_left\">$79.15<\/p>\r\n                <p class=\"io_product_price_top_right\">for 2 hours<\/p>\r\n            <\/div>\r\n            <div class=\"io_product_price_box io_product_price_3h io_product_price_3h_1486291\">\r\n                <p class=\"io_product_price_top_left\">$79.15<\/p>\r\n                <p class=\"io_product_price_top_right\">for 3 hours<\/p>\r\n            <\/div>\r\n            <div class=\"io_product_price_box io_product_price_4h io_product_price_4h_1486291\">\r\n                <p class=\"io_product_price_top_left\">$79.15<\/p>\r\n                <p class=\"io_product_price_top_right\">for 4 hours<\/p>\r\n            <\/div>\r\n            <div class=\"io_product_price_box io_product_price_5h io_product_price_5h_1486291\">\r\n                <p class=\"io_product_price_top_left\">$79.15<\/p>\r\n                <p class=\"io_product_price_top_right\">for 5 hours<\/p>\r\n            <\/div>\r\n            <div class=\"io_product_price_box io_product_price_6h io_product_price_6h_1486291\">\r\n                <p class=\"io_product_price_top_left\">$79.15<\/p>\r\n                <p class=\"io_product_price_top_right\">for 6 hours<\/p>\r\n            <\/div>\r\n            <div class=\"io_product_price_box io_product_price_7h io_product_price_7h_1486291\">\r\n                <p class=\"io_product_price_left\">$79.15<\/p>\r\n                <p class=\"io_product_price_right\">for 7 hours<\/p>\r\n            <\/div>\r\n            <div class=\"io_product_price_box io_product_price_8h io_product_price_8h_1486291\">\r\n                <p class=\"io_product_price_left\">$79.15<\/p>\r\n                <p class=\"io_product_price_right\">for 8 hours<\/p>\r\n            <\/div>\r\n            <div class=\"io_product_price_box io_product_price_9h io_product_price_9h_1486291\">\r\n                <p class=\"io_product_price_left\">$79.15<\/p>\r\n                <p class=\"io_product_price_right\">for 9 hours<\/p>\r\n            <\/div>\r\n            <div class=\"io_product_price_box io_product_price_10h io_product_price_10h_1486291\">\r\n                <p class=\"io_product_price_left\">$79.15<\/p>\r\n                <p class=\"io_product_price_right\">for 10 hours<\/p>\r\n            <\/div>\r\n            <div class=\"io_product_price_box io_product_price_11h io_product_price_11h_1486291\">\r\n                <p class=\"io_product_price_left\">$79.15<\/p>\r\n                <p class=\"io_product_price_right\">for 11 hours<\/p>\r\n            <\/div>\r\n            <div class=\"io_product_price_box io_product_price_12h io_product_price_12h_1486291\">\r\n                <p class=\"io_product_price_left\">$79.15<\/p>\r\n                <p class=\"io_product_price_right\">for 12 hours<\/p>\r\n            <\/div>\r\n            <div class=\"io_product_price_box io_product_price_13h io_product_price_13h_1486291\">\r\n                <p class=\"io_product_price_left\">$79.15<\/p>\r\n                <p class=\"io_product_price_right\">for 13 hours<\/p>\r\n            <\/div>\r\n            <div class=\"io_product_price_box io_product_price_14h io_product_price_14h_1486291\">\r\n                <p class=\"io_product_price_left\">$79.15<\/p>\r\n                <p class=\"io_product_price_right\">for 14 hours<\/p>\r\n            <\/div>\r\n            <div class=\"io_product_price_box io_product_price_15h io_product_price_15h_1486291\">\r\n                <p class=\"io_product_price_left\">$79.15<\/p>\r\n                <p class=\"io_product_price_right\">for 15 hours<\/p>\r\n            <\/div>\r\n            <div class=\"io_product_price_box io_product_price_16h io_product_price_16h_1486291\">\r\n                <p class=\"io_product_price_left\">$79.15<\/p>\r\n                <p class=\"io_product_price_right\">for 16 hours<\/p>\r\n            <\/div>\r\n            <div class=\"io_product_price_box io_product_price_24h io_product_price_24h_1486291\">\r\n                <p class=\"io_product_price_left\">$79.15<\/p>\r\n                <p class=\"io_product_price_right\">per day<\/p>\r\n            <\/div>\r\n            <div class=\"io_product_price_box io_product_price_additionalday io_product_price_additionalday_1486291\">\r\n                <p class=\"io_product_price_left\">$39.58<\/p>\r\n                <p class=\"io_product_price_right\">per additional day<\/p>\r\n            <\/div>\r\n            <div class=\"io_product_price_box io_product_price_48h io_product_price_48h_1486291\">\r\n                <p class=\"io_product_price_left\">$118.73<\/p>\r\n                <p class=\"io_product_price_right\">for 2 days<\/p>\r\n            <\/div>\r\n            <div class=\"io_product_price_box io_product_price_72h io_product_price_72h_1486291\">\r\n                <p class=\"io_product_price_left\">$158.31<\/p>\r\n                <p class=\"io_product_price_right\">for 3 days<\/p>\r\n            <\/div>\r\n            <div class=\"io_product_price_box io_product_price_96h io_product_price_96h_1486291\">\r\n                <p class=\"io_product_price_left\">$197.89<\/p>\r\n                <p class=\"io_product_price_right\">for 4 days<\/p>\r\n            <\/div>\r\n            <div class=\"io_product_price_box io_product_price_120h io_product_price_120h_1486291\">\r\n                <p class=\"io_product_price_left\">$237.47<\/p>\r\n                <p class=\"io_product_price_right\">for 5 days<\/p>\r\n            <\/div>\r\n            <div class=\"io_product_price_box io_product_price_168h io_product_price_168h_1486291\">\r\n                <p class=\"io_product_price_left\">$316.63<\/p>\r\n                <p class=\"io_product_price_right\">for 1 week<\/p>\r\n            <\/div>\r\n            <div class=\"io_product_price_box io_product_price_336h io_product_price_336h_1486291\">\r\n                <p class=\"io_product_price_left\">$593.69<\/p>\r\n                <p class=\"io_product_price_right\">for 2 weeks<\/p>\r\n            <\/div>\r\n            <div class=\"io_product_price_box io_product_price_504h io_product_price_504h_1486291\">\r\n                <p class=\"io_product_price_left\">$870.75<\/p>\r\n                <p class=\"io_product_price_right\">for 3 weeks<\/p>\r\n            <\/div>\r\n            <div class=\"io_product_price_box io_product_price_720h io_product_price_720h_1486291\">\r\n                <p class=\"io_product_price_left\">$1,226.97<\/p>\r\n                <p class=\"io_product_price_right\">for 1 month<\/p>\r\n            <\/div>\r\n            <div class=\"io_product_acc_pkg\" style=\"margin-top:14px\"><\/div>\r\n            <div style=\"display: inline-flex\">\r\n                <div>\r\n                    <div class=\"elementor-widget-button add_cart_1486291\">\r\n                        <a id=\"bookNowBtn\"\r\n                           class=\"item_add elementor-button elementor-size-sm elementor-animation-grow io_button\"\r\n                           href=\"javascript:;\"><!--no linebreak bc elementor--><i class=\"fas fa-shopping-cart\"><\/i> Add to Cart<\/a>\r\n                    <\/div>\r\n                    <div class=\"unavailable_message\" onclick=\"checkAvailDateClick()\">item unavailable (change date)<\/div>\r\n                <\/div>\r\n                <div class=\"delivery_charge_check_container\">\r\n                    <div class=\"elementor-widget-button check_delivery_1486291\">\r\n                        <a id=\"checkDeliveryButton\"\r\n                           class=\"elementor-button elementor-size-sm elementor-animation-grow io_button\"\r\n                           href=\"javascript:;\" onClick=\"showAddressEntry()\"><i class=\"fas fa-truck\"><\/i> Check Delivery<\/a>\r\n                    <\/div>\r\n                <\/div>\r\n            <\/div>\r\n            <div class=\"io_product_detailbox\">\r\n                <h3 class=\"io_product_subtitle\">Product Information:<\/h3>\r\n                <div class=\"io_product_desc\"><\/p>\n<p><style type=\"text\/css\"><!--td {border: 1px solid #ccc;}br {mso-data-placement:same-cell;}--><\/style>\n<style type=\"text\/css\"><!--td {border: 1px solid #ccc;}br {mso-data-placement:same-cell;}--><\/style>\n<p><span data-sheets-userformat='{\"2\":1,\"3\":{\"1\":0}}' data-sheets-value='{\"1\":2,\"2\":\"Publicit\u00e9 gonflable bleu\nNous sommes les seuls \u00e0 avoir des publicit\u00e9s gonflables avec des motifs, \u00e9tant de meilleur qualit\u00e9 les bonhomme dansants bouge plus\u2026..ils sont pas constamment \u00e0 l\u2019horizontal \u2026limitant ainsi l\u2019espace s\u00e9curitaire n\u00e9cessaire pour l\u2019utilisation.\nLes publicit\u00e9 gonflables dansant son id\u00e9al pour vos \u00e9v\u00e9nements: portes ouverte, grande ouverture, vente, liquidation et plus encore. .\nAvec de la musique les enfants adorent danser tout autour, choisissez parmi un de nos deux mod\u00e8les !\nLocation \u00e0 la semaine au cout de 225$ (7 jours)\"}' style=\"font-size:10pt;font-family:Arial;font-style:normal;\">Publicit&eacute; gonflable bleu<br \/>Nous sommes les seuls &agrave; avoir des publicit&eacute;s gonflables avec des motifs, &eacute;tant de meilleur qualit&eacute; les bonhomme dansants bouge plus&hellip;..ils sont pas constamment &agrave; l&rsquo;horizontal &hellip;limitant ainsi l&rsquo;espace s&eacute;curitaire n&eacute;cessaire pour l&rsquo;utilisation.<br \/>Les publicit&eacute; gonflables dansant son id&eacute;al pour vos &eacute;v&eacute;nements: portes ouverte, grande ouverture, vente, liquidation et plus encore. .<br \/>Avec de la musique les enfants adorent danser tout autour, choisissez parmi un de nos deux mod&egrave;les !<br \/>Location &agrave; la semaine plein prix pour jour 1 et 50% de rabais pour les journees supplementaires (7 jours)<\/span>\n<\/p>\n<p><\/div>\r\n            <\/div>\r\n\r\n            <div class=\"io_product_detail_box\">\r\n                <p class=\"io_product_dimensions_left\">Transport Dimensions:<\/p>\r\n                <p class=\"io_product_dimensions_right\"><\/p>\r\n            <\/div>\r\n            <div class=\"io_product_detail_box\">\r\n                <p class=\"io_product_footprint_left\">Vehicle Required:<\/p>\r\n                <p class=\"io_product_footprint_right io_vehicle\">car<\/p>\r\n            <\/div>\r\n            <script>\r\n                if(jQuery(\".io_vehicle\").html()=='car'){\r\n                    jQuery(\".io_vehicle\").addClass(\"fas fa-car-side\");\r\n                }else if(jQuery(\".io_vehicle\").html()=='van' | jQuery(\".io_vehicle\").html()=='suv'){\r\n                    jQuery(\".io_vehicle\").addClass(\"fas fa-shuttle-van\");\r\n                }else if(jQuery(\".io_vehicle\").html()=='truck'){\r\n                    jQuery(\".io_vehicle\").addClass(\"fas fa-truck\");\r\n                }\r\n            <\/script>\r\n            <div class=\"io_product_detail_box\" style=\"margin-top:40px\">\r\n                <p class=\"io_product_circuits_left\">Circuits needed:<\/p>\r\n                <p class=\"io_product_circuits_right\">1<\/p>\r\n            <\/div>\r\n            <div class=\"io_product_detail_box\">\r\n                <p class=\"io_product_footprint_left\">Space Needed:<\/p>\r\n                <p class=\"io_product_footprint_right\">\" Longueur : 1\u20196\u2033 (0.46m) Largeur : 1\u20196\u2033 (0.46m) Hauteur : 18\u2032 (5.49m)\"<\/p>\r\n            <\/div>\r\n            <div class=\"io_product_detail_box\">\r\n                <p class=\"io_product_footprint_left\">Water Hookup:<\/p>\r\n                <p class=\"io_product_footprint_right\">no<\/p>\r\n            <\/div>\r\n            <div class=\"io_product_detail_box\">\r\n                <p class=\"io_product_footprint_left\">Recommended Ages:<\/p>\r\n                <p class=\"io_product_footprint_right\"><\/p>\r\n            <\/div>\r\n            <div class=\"io_product_detail_box\">\r\n                <p class=\"io_product_footprint_left\">Max Capacity:<\/p>\r\n                <p class=\"io_product_footprint_right\"><\/p>\r\n            <\/div>\r\n        <\/div>\r\n    <\/div>\r\n    \r\n    <div class=\"io_product_accessories\">\r\n        \r\n    <\/div>\r\n    <a name=\"page_product_reviews\"><\/a>\r\n    <div class=\"io_product_reviewbox\">\r\n        \r\n    <\/div>\r\n    <!--div class=\"io_product_upsell\">\r\n        <h3 class=\"io_upsell_h3\">You might also be interested in:<\/h3>\r\n        <div class=\"page-carousel\"><\/div>\r\n    <\/div-->\r\n    <div class=\"io_landingpages io_landingpages_1486291 elementor-widget-text-editor\">\r\n        <!-- Start Shortcoder content -->                                Conveniently located in Vaudreuil and also serving surrounding areas.                            <!-- End Shortcoder content -->\r\n    <\/div>\r\n<\/div>\r\n<script>\r\n    \/\/stars\r\n    jQuery(document).ready(function () {\r\n        for(i=0;i<00;i++){\r\n            jQuery(\".io_stars_1486291\").append('<div class=\"fas fa-star\" style=\"color:goldenrod\"><\/div>');\r\n        }\r\n        var times = getAvailTimes();\r\n        \/*getUpsellsCall(times[0],times[1],times[2],jQuery(\".io_product_infobox .item_rentalid\").first().text(), updatePageUpsell);*\/\r\n    });\r\n    var acc_obj_relate = JSON.parse('{} ');\r\n    var images_arr = JSON.parse('{\"0\":{\"rentalimage_id\":\"688269\",\"rentalimage_createtime\":null,\"rentalimage_modifiedtime\":null,\"rentalimage_itemid\":\"1486291\",\"rentalimage_order\":\"0\",\"rentalimage_imageloc\":\"https:\/\/amuz.ca\/fr\/wp-content\/uploads\/sites\/2\/2023\/09\/spot-amuz-_1651087437.png\",\"rentalimage_imagelocbig\":\"https:\/\/amuz.ca\/fr\/wp-content\/uploads\/sites\/2\/2022\/04\/spot-amuz-_1651087437_big.png\"},\"1\":{\"rentalimage_id\":\"688271\",\"rentalimage_createtime\":null,\"rentalimage_modifiedtime\":null,\"rentalimage_itemid\":\"1486291\",\"rentalimage_order\":\"1\",\"rentalimage_imageloc\":\"https:\/\/amuz.ca\/fr\/wp-content\/uploads\/sites\/2\/2023\/09\/spot-amuz_1651087437.png\",\"rentalimage_imagelocbig\":\"https:\/\/amuz.ca\/fr\/wp-content\/uploads\/sites\/2\/2022\/04\/spot-amuz_1651087437_big.png\"}} ');\r\n    var rental_name_template = \"Blue Inflatable Advertising\";\r\n    var alt_text_template = \"Blue Inflatable Advertising\";\r\n\r\n    function updatePageUpsell(data){\r\n        let page_carousel = jQuery(\".page-carousel\");\r\n        data.forEach(function(upsell){\r\n            cell = createPageCarouselCell(upsell[\"image\"], upsell[\"name\"], upsell[\"page\"]);\r\n            page_carousel.append(cell);\r\n        });\r\n        makeCarousel(page_carousel);\r\n        setTimeout(pageFlickityRefresh, 500);\r\n    }\r\n    function createPageCarouselCell(image, name, page){\r\n        cell = '<div class=\"io_page_carousel_cell\"> <a href=\"'+page+'\" class=\"page-carousel-link\"> <img decoding=\"async\" class=\"page-carousel-image skip-lazy\" src=\"'+image+'\"> <p class=\"page-carousel-name\"> '+name+' <\/p> <\/a> <\/div>';\r\n        return cell;\r\n    }\r\n    function pageFlickityRefresh(){\r\n        jQuery(\".page-carousel\").flickity(\"resize\");\r\n    }\r\n<\/script>\r\n<!-- End Shortcoder content -->\n","protected":false},"excerpt":{"rendered":"","protected":false},"author":1,"featured_media":7404,"parent":7335,"menu_order":0,"comment_status":"closed","ping_status":"closed","template":"","meta":{"io_meta_description":"<p><style type=\"text\/css\"><!--td {border: 1px solid #ccc;}br {mso-data-placement:same-cell;}--><\/style><style type=\"text\/css\"><!--td {border: 1px solid #ccc;}br {mso-data-placement:same-cell;}--><\/style><span data-sheets-userformat='{\"2\":1,\"3\":{\"1\":0}}' data-sheets-value='{\"1\":2,\"2\":\"Publicit\u00e9 gonflable bleu\\nNous sommes les seuls \u00e0 avoir des publicit\u00e9s gonflables avec des motifs, \u00e9tant de meilleur qualit\u00e9 les bonhomme dansants bouge plus\u2026..ils sont pas constamment \u00e0 l\u2019horizontal \u2026limitant ainsi l\u2019espace s\u00e9curitaire n\u00e9cessaire pour l\u2019utilisation.\\nLes publicit\u00e9 gonflables dansant son id\u00e9al pour vos \u00e9v\u00e9nements: portes ouverte, grande ouverture, vente, liquidation et plus encore. .\\nAvec de la musique les enfants adorent danser tout autour, choisissez parmi un de nos deux mod\u00e8les !\\nLocation \u00e0 la semaine au cout de 225$ (7 jours)\"}' style=\"font-size:10pt;font-family:Arial;font-style:normal;\">Publicit&eacute; gonflable bleu<br>Nous sommes les seuls &agrave; avoir des publicit&eacute;s gonflables avec des motifs, &eacute;tant de meilleur qualit&eacute; les bonhomme dansants bouge plus&hellip;..ils sont pas constamment &agrave; l&rsquo;horizontal &hellip;limitant ainsi l&rsquo;espace s&eacute;curitaire n&eacute;cessaire pour l&rsquo;utilisation.<br>Les publicit&eacute; gonflables dansant son id&eacute;al pour vos &eacute;v&eacute;nements: portes ouverte, grande ouverture, vente, liquidation et plus encore. .<br>Avec de la musique les enfants adorent danser tout autour, choisissez parmi un de nos deux mod&egrave;les !<br>Location &agrave; la semaine plein prix pour jour 1 et 50% de rabais pour les journees supplementaires (7 jours)<\/span>\n<\/p>","footnotes":""},"class_list":["post-5121","page","type-page","status-publish","has-post-thumbnail","hentry"],"_links":{"self":[{"href":"https:\/\/amuz.ca\/fr\/wp-json\/wp\/v2\/pages\/5121","targetHints":{"allow":["GET"]}}],"collection":[{"href":"https:\/\/amuz.ca\/fr\/wp-json\/wp\/v2\/pages"}],"about":[{"href":"https:\/\/amuz.ca\/fr\/wp-json\/wp\/v2\/types\/page"}],"author":[{"embeddable":true,"href":"https:\/\/amuz.ca\/fr\/wp-json\/wp\/v2\/users\/1"}],"replies":[{"embeddable":true,"href":"https:\/\/amuz.ca\/fr\/wp-json\/wp\/v2\/comments?post=5121"}],"version-history":[{"count":2,"href":"https:\/\/amuz.ca\/fr\/wp-json\/wp\/v2\/pages\/5121\/revisions"}],"predecessor-version":[{"id":10389,"href":"https:\/\/amuz.ca\/fr\/wp-json\/wp\/v2\/pages\/5121\/revisions\/10389"}],"up":[{"embeddable":true,"href":"https:\/\/amuz.ca\/fr\/wp-json\/wp\/v2\/pages\/7335"}],"wp:featuredmedia":[{"embeddable":true,"href":"https:\/\/amuz.ca\/fr\/wp-json\/wp\/v2\/media\/7404"}],"wp:attachment":[{"href":"https:\/\/amuz.ca\/fr\/wp-json\/wp\/v2\/media?parent=5121"}],"curies":[{"name":"wp","href":"https:\/\/api.w.org\/{rel}","templated":true}]}}