{"id":7979,"date":"2022-09-21T16:23:05","date_gmt":"2022-09-21T16:23:05","guid":{"rendered":"https:\/\/amuz.ca\/fr\/decor-de-noel-in-beaconsfield-qc\/"},"modified":"2025-05-08T18:21:51","modified_gmt":"2025-05-08T18:21:51","slug":"decor-de-noel-in-beaconsfield-qc","status":"publish","type":"page","link":"https:\/\/amuz.ca\/fr\/decor-de-noel-in-beaconsfield-qc\/","title":{"rendered":"D\u00e9cor de no\u00ebl in Beaconsfield, QC"},"content":{"rendered":"<div class=\"elementor-widget-heading\" style=\"text-align: center;\">\n<h1 class=\"elementor-heading-title\">D\u00e9cor de no\u00ebl Beaconsfield, QC<\/h1>\n<\/p><\/div>\n<div class=\"elementor-widget-text-editor\" style=\"margin:5%;\">\n<div style=\"margin-bottom:20px;\">Our d\u00e9cor de no\u00ebls are available for rent around Beaconsfield, QC. So if you are looking to have get-together in <a href=\"https:\/\/en.wikipedia.org\/wiki\/Beaconsfield,_QC\" target=\"_blank\" rel=\"noopener\">Beaconsfield, QC<\/a>, you should definitely consider hiring us for your d\u00e9cor de no\u00ebl. Perfect parties like the one you are planning need #1 equipment, and you can get that from Amuz Inc..<\/div>\n<div style=\"margin-bottom:20px;\">Amuz Inc. have been providing high quality equipment rentals to the Beaconsfield, QC area for a long time, so you can trust us with handling your <b>d\u00e9cor de no\u00ebl<\/b> needs. We&rsquo;ve completed a large number of events during the last few years from small to big, but all are handled with the most care. So don&rsquo;t hesitate to hire us for your next event.<\/div>\n<div style=\"margin-bottom:20px;\">\n<div class=\"io_local_delivery\"><\/div>\n<\/div>\n<h3>Amuz Inc. is your source for the #1 d\u00e9cor de no\u00ebls.<\/h3>\n<div style=\"margin-bottom:20px;\">In addition to offering #1 d\u00e9cor de no\u00ebls in Beaconsfield, QC, we also offer: <a href=\"https:\/\/amuz.ca\/fr\/location-de-jeux-gonflables-in-beaconsfield-qc\/\">location de jeux gonflables<\/a>. So if your kids are tired of this year, then you should consider Amuz Inc. for your next party so they can have a party with their friends outside in the yard. We have a large selection so, check out all of our rentals.<\/div>\n<h2 class=\"elementor-heading-title\">D\u00e9cor de no\u00ebls near Beaconsfield, QC<\/h2>\n<div style=\"text-align:center;\"><img decoding=\"async\" class=\"io_landimg\" src=\"https:\/\/rental.software\/users\/01cas01\/images\/Carnival-Balloon-Pop--600x662_677130219_big.png\" alt=\"d\u00e9cor de no\u00ebl\"><img decoding=\"async\" class=\"io_landimg\" src=\"https:\/\/rental.software\/users\/images\/5aa856574e81b98ec563d7baacd123f4.png\" alt=\"high quality d\u00e9cor de no\u00ebl\"><img decoding=\"async\" class=\"io_landimg\" src=\"https:\/\/rental.software\/users\/01cas01\/images\/gianttictactoe_1650617541_big.png\" alt=\"d\u00e9cor de no\u00ebl\"><\/div>\n<div style=\"margin-bottom:20px;\">You might want to consider these other items in Beaconsfield, QC: <\/p>\n<div class=\"io_land_lnk\"><a href=\"https:\/\/amuz.ca\/fr\/location-chateau-gonflable-in-beaconsfield-qc\/\">location ch\u00e2teau gonflable<\/a>, <a href=\"https:\/\/amuz.ca\/fr\/location-de-jeux-gonflables-in-beaconsfield-qc\/\">location de jeux gonflables<\/a>, <a href=\"https:\/\/amuz.ca\/fr\/location-de-structures-gonflables-in-beaconsfield-qc\/\">location de structures gonflables<\/a><\/div>\n<\/div>\n<div style=\"margin-bottom:20px;\">\n<div class=\"io_fr_lnk\">\n<p>If you are interested in more services near you, go see some of our friends!<\/p>\n<p><a href=\"https:\/\/apollosoundproduction.com\/\" target=\"_blank\" rel=\"noopener\">Mixing in Brunswick, OH<\/a><br \/><a href=\"https:\/\/tristateeventrentals.co\/\" target=\"_blank\" rel=\"noopener\">Water Slide Rentals  Jackson Township, NJ<\/a><br \/><a href=\"https:\/\/efcinc.net\/\" target=\"_blank\" rel=\"noopener\">Water Slide Rental near Watkinsville, GA<\/a><\/div>\n<\/div>\n<h3>Available in Beaconsfield, QC<\/h3>\n<div style=\"margin-bottom:20px;\">Amuz Inc. has everything needed to throw unimaginable, once in a lifetime parties. Whether it&rsquo;s in your yard or a large corporate event, we specialize in making sure your event is an enjoyable, relaxing experience from start to finish.<\/div>\n<div style=\"margin-bottom:20px;\">\n<div class=\"io_local_reviews\"><\/div>\n<\/div>\n<div style=\"margin-bottom:20px;\">We are your the best source for d\u00e9cor de no\u00ebls. We pride ourselves in providing the absolute best for your money in the industry. With every rental and every event, we focus in on providing quality service so you can focus on having FUN. We also really enjoy providing  safe and clean rentals at the best pricing around. Each rental is cleaned and sanitized after every event ensuring your safety and satisfaction.  We always follow the strictest safety rules and we absolutely will not ignore your safety for business. EVER.<\/div>\n<div style=\"margin-bottom:20px;\">Amuz Inc. rents all kinds of stuff, including: <a href=\"https:\/\/amuz.ca\/fr\/location-chateau-gonflable-in-beaconsfield-qc\/\">location ch\u00e2teau gonflable<\/a>. While we are focused on d\u00e9cor de no\u00ebls, you can also rent other equipment. If you just want a d\u00e9cor de no\u00ebl for your own yard, at a park, gym or inside \u2013 we can do that. We also do larger event rentals for businesses, schools, or cities. Give us a call if you need anything.<\/div>\n<\/p><\/div>\n<div style=\"text-align: center;\"><iframe title=\"Beaconsfield, QC\" src=\"https:\/\/maps.google.com\/maps?q=Beaconsfield%2C+QC&amp;t=m&amp;z=10&amp;output=embed&amp;iwloc=near\" width=\"100%\" height=\"350\" frameborder=\"0\" marginwidth=\"0\" marginheight=\"0\" scrolling=\"no\" aria-label=\"Beaconsfield, QC\"><\/iframe><\/div>\n","protected":false},"excerpt":{"rendered":"","protected":false},"author":1,"featured_media":0,"parent":0,"menu_order":0,"comment_status":"closed","ping_status":"closed","template":"","meta":{"io_meta_description":"Amuz Inc. has d\u00e9cor de no\u00ebl in Beaconsfield, QC. Get high quality inventory from a high-class, smart biz in Beaconsfield, QC.","footnotes":""},"class_list":["post-7979","page","type-page","status-publish","hentry"],"_links":{"self":[{"href":"https:\/\/amuz.ca\/fr\/wp-json\/wp\/v2\/pages\/7979","targetHints":{"allow":["GET"]}}],"collection":[{"href":"https:\/\/amuz.ca\/fr\/wp-json\/wp\/v2\/pages"}],"about":[{"href":"https:\/\/amuz.ca\/fr\/wp-json\/wp\/v2\/types\/page"}],"author":[{"embeddable":true,"href":"https:\/\/amuz.ca\/fr\/wp-json\/wp\/v2\/users\/1"}],"replies":[{"embeddable":true,"href":"https:\/\/amuz.ca\/fr\/wp-json\/wp\/v2\/comments?post=7979"}],"version-history":[{"count":2,"href":"https:\/\/amuz.ca\/fr\/wp-json\/wp\/v2\/pages\/7979\/revisions"}],"predecessor-version":[{"id":9980,"href":"https:\/\/amuz.ca\/fr\/wp-json\/wp\/v2\/pages\/7979\/revisions\/9980"}],"wp:attachment":[{"href":"https:\/\/amuz.ca\/fr\/wp-json\/wp\/v2\/media?parent=7979"}],"curies":[{"name":"wp","href":"https:\/\/api.w.org\/{rel}","templated":true}]}}