{"id":7980,"date":"2022-09-21T16:23:09","date_gmt":"2022-09-21T16:23:09","guid":{"rendered":"https:\/\/amuz.ca\/fr\/decor-de-noel-in-dorval-qc\/"},"modified":"2025-05-08T18:22:04","modified_gmt":"2025-05-08T18:22:04","slug":"decor-de-noel-in-dorval-qc","status":"publish","type":"page","link":"https:\/\/amuz.ca\/fr\/decor-de-noel-in-dorval-qc\/","title":{"rendered":"D\u00e9cor de no\u00ebl in Dorval, QC"},"content":{"rendered":"<div class=\"elementor-widget-heading\" style=\"text-align: center;\">\n<h1 class=\"elementor-heading-title\">D\u00e9cor de no\u00ebl Dorval, QC<\/h1>\n<\/p><\/div>\n<div class=\"elementor-widget-text-editor\" style=\"margin:5%;\">\n<div style=\"margin-bottom:20px;\">Amuz Inc. have been providing perfect equipment to the Dorval, QC area for a long time, so you can trust us with handling your <b>d\u00e9cor de no\u00ebl<\/b> needs. We&rsquo;ve completed a big number of events in the past several years from small to big, but all are handled with the utmost care. So don&rsquo;t hesitate to contact us for your next event.<\/div>\n<div style=\"margin-bottom:20px;\">You might want to consider these other items in Dorval, QC: <\/p>\n<div class=\"io_land_lnk\"><a href=\"https:\/\/amuz.ca\/fr\/location-chateau-gonflable-in-dorval-qc\/\">location ch\u00e2teau gonflable<\/a>, <a href=\"https:\/\/amuz.ca\/fr\/location-de-jeux-gonflables-in-dorval-qc\/\">location de jeux gonflables<\/a>, <a href=\"https:\/\/amuz.ca\/fr\/location-de-structures-gonflables-in-dorval-qc\/\">location de structures gonflables<\/a><\/div>\n<\/div>\n<div style=\"text-align:center;\"><img decoding=\"async\" class=\"io_landimg\" src=\"https:\/\/rental.software\/users\/01cas01\/images\/pinball prize 1_1646210295_big.jpg\" alt=\"d\u00e9cor de no\u00ebl\"><img decoding=\"async\" class=\"io_landimg\" src=\"https:\/\/rental.software\/users\/images\/5aa856574e81b98ec563d7baacd123f4.png\" alt=\"the best d\u00e9cor de no\u00ebl\"><img decoding=\"async\" class=\"io_landimg\" src=\"https:\/\/rental.software\/users\/01cas01\/images\/flap attack_1650495918_big.jpg\" alt=\"d\u00e9cor de no\u00ebl\"><\/div>\n<div style=\"margin-bottom:20px;\">\n<div class=\"io_local_delivery\"><\/div>\n<\/div>\n<div style=\"margin-bottom:20px;\">Amuz Inc. has everything needed to host awesome, once in a lifetime parties. Whether it&rsquo;s in your backyard or a huge company event, we want to make sure your event is an enjoyable, relaxing experience from beginning to end.<\/div>\n<div style=\"margin-bottom:20px;\">\n<div class=\"io_local_reviews\"><\/div>\n<\/div>\n<div style=\"margin-bottom:20px;\">In addition to offering perfect d\u00e9cor de no\u00ebls in Dorval, QC, we also offer: <a href=\"https:\/\/amuz.ca\/fr\/location-chateau-gonflable-in-dorval-qc\/\">location ch\u00e2teau gonflable<\/a>. So if your kids are bored this year, then you should consider Amuz Inc. for your next rental so they can have a blast with their friends outside in the backyard. We have such a huge selection so, be sure to check out all of our rentals.<\/div>\n<div style=\"margin-bottom:20px;\">\n<div class=\"io_fr_lnk\">\n<p>If you are interested in more services in a different area, visit some of our friends!<\/p>\n<p><a href=\"https:\/\/apollosoundproduction.com\/\" target=\"_blank\" rel=\"noopener\">Visit our friends Apollo Sound Production  Akron, OH<\/a><br \/><a href=\"https:\/\/tristateeventrentals.co\/\" target=\"_blank\" rel=\"noopener\">Water Slide Rentals in Howell Township, NJ<\/a><br \/><a href=\"https:\/\/efcinc.net\/\" target=\"_blank\" rel=\"noopener\">Water Slide Rental  Monroe, GA<\/a><\/div>\n<\/div>\n<div style=\"margin-bottom:20px;\">Amuz Inc. is your #1 source for d\u00e9cor de no\u00ebls. We enjoy providing the absolute best for your money in the area. With every customer and every event, we focus in on providing the best service so you can focus on having FUN. We also just love providing clean and safe rentals at the most competitive pricing around. Each item is cleaned and sanitized after every rental guaranteeing satisfaction.  We always follow the safety standards and we absolutely will not ignore your safety for business.<\/div>\n<div style=\"margin-bottom:20px;\">Our d\u00e9cor de no\u00ebls are available for rent around Dorval, QC. So if you are looking to have get-together in <a href=\"https:\/\/en.wikipedia.org\/wiki\/Dorval,_QC\" target=\"_blank\" rel=\"noopener\">Dorval, QC<\/a>, you should definitely consider hiring us for your d\u00e9cor de no\u00ebl. The best parties like the one you are planning need #1 equipment, and you can get that from Amuz Inc..<\/div>\n<h3>For rent in Dorval, QC<\/h3>\n<div style=\"margin-bottom:20px;\">Amuz Inc. rents all kinds of stuff, including: <a href=\"https:\/\/amuz.ca\/fr\/location-de-jeux-gonflables-in-dorval-qc\/\">location de jeux gonflables<\/a>. While we specialize in d\u00e9cor de no\u00ebls, you can also rent other inventory. If you just want a d\u00e9cor de no\u00ebl for your own back-yard, at a park, or indoor \u2013 we can do that. We also do larger event rentals for organizations, schools, and carnivals. Give us a call if you need anything.<\/div>\n<\/p><\/div>\n<div style=\"text-align: center;\"><iframe title=\"Dorval, QC\" src=\"https:\/\/maps.google.com\/maps?q=Dorval%2C+QC&amp;t=m&amp;z=10&amp;output=embed&amp;iwloc=near\" width=\"100%\" height=\"350\" frameborder=\"0\" marginwidth=\"0\" marginheight=\"0\" scrolling=\"no\" aria-label=\"Dorval, QC\"><\/iframe><\/div>\n","protected":false},"excerpt":{"rendered":"","protected":false},"author":1,"featured_media":0,"parent":0,"menu_order":0,"comment_status":"closed","ping_status":"closed","template":"","meta":{"io_meta_description":"Get d\u00e9cor de no\u00ebl from Amuz Inc. in Dorval, QC. Only high quality equipment and from a local, top-rated business in Dorval, QC.","footnotes":""},"class_list":["post-7980","page","type-page","status-publish","hentry"],"_links":{"self":[{"href":"https:\/\/amuz.ca\/fr\/wp-json\/wp\/v2\/pages\/7980","targetHints":{"allow":["GET"]}}],"collection":[{"href":"https:\/\/amuz.ca\/fr\/wp-json\/wp\/v2\/pages"}],"about":[{"href":"https:\/\/amuz.ca\/fr\/wp-json\/wp\/v2\/types\/page"}],"author":[{"embeddable":true,"href":"https:\/\/amuz.ca\/fr\/wp-json\/wp\/v2\/users\/1"}],"replies":[{"embeddable":true,"href":"https:\/\/amuz.ca\/fr\/wp-json\/wp\/v2\/comments?post=7980"}],"version-history":[{"count":2,"href":"https:\/\/amuz.ca\/fr\/wp-json\/wp\/v2\/pages\/7980\/revisions"}],"predecessor-version":[{"id":9988,"href":"https:\/\/amuz.ca\/fr\/wp-json\/wp\/v2\/pages\/7980\/revisions\/9988"}],"wp:attachment":[{"href":"https:\/\/amuz.ca\/fr\/wp-json\/wp\/v2\/media?parent=7980"}],"curies":[{"name":"wp","href":"https:\/\/api.w.org\/{rel}","templated":true}]}}