{"id":7982,"date":"2022-09-21T16:23:14","date_gmt":"2022-09-21T16:23:14","guid":{"rendered":"https:\/\/amuz.ca\/fr\/decor-de-noel-in-les-coteaux-qc\/"},"modified":"2025-05-08T18:22:30","modified_gmt":"2025-05-08T18:22:30","slug":"decor-de-noel-in-les-coteaux-qc","status":"publish","type":"page","link":"https:\/\/amuz.ca\/fr\/decor-de-noel-in-les-coteaux-qc\/","title":{"rendered":"D\u00e9cor de no\u00ebl in Les Coteaux, QC"},"content":{"rendered":"<div class=\"elementor-widget-heading\" style=\"text-align: center;\">\n<h1 class=\"elementor-heading-title\">D\u00e9cor de no\u00ebl Les Coteaux, QC<\/h1>\n<\/p><\/div>\n<div class=\"elementor-widget-text-editor\" style=\"margin:5%;\">\n<div style=\"margin-bottom:20px;\">We are your perfect source for d\u00e9cor de no\u00ebls. We love providing the absolute best for your money in the area. With every rental and every event, we focus in on providing the best service so you can focus on your guests. We also pride ourselves in providing safe, clean equipment at the best pricing around. Each unit is cleaned and sanitized after every event to guarantee your safety and satisfaction.  We follow the safety rules and we absolutely will not sacrifice your safety for business.<\/div>\n<div style=\"margin-bottom:20px;\">Amuz Inc. has everything needed to throw awesome, once in a lifetime events. Whether it&rsquo;s in your backyard or a big company event, we want to make sure your event is a fun, stress free experience from beginning to end.<\/div>\n<div style=\"margin-bottom:20px;\">You might want to check-out these other items in Les Coteaux, QC: <\/p>\n<div class=\"io_land_lnk\"><a href=\"https:\/\/amuz.ca\/fr\/location-chateau-gonflable-in-les-coteaux-qc\/\">location ch\u00e2teau gonflable<\/a>, <a href=\"https:\/\/amuz.ca\/fr\/location-de-jeux-gonflables-in-les-coteaux-qc\/\">location de jeux gonflables<\/a>, <a href=\"https:\/\/amuz.ca\/fr\/location-de-structures-gonflables-in-les-coteaux-qc\/\">location de structures gonflables<\/a><\/div>\n<\/div>\n<h3>Rentals in Les Coteaux, QC<\/h3>\n<div style=\"margin-bottom:20px;\">In addition to offering perfect d\u00e9cor de no\u00ebls in Les Coteaux, QC, we also offer: <a href=\"https:\/\/amuz.ca\/fr\/location-chateau-gonflable-in-les-coteaux-qc\/\">location ch\u00e2teau gonflable<\/a>. So if your kids are tired of this year, then you might want to consider Amuz Inc. for your next event so they can have a blast with their friends outside. We have a huge selection so, be sure to check out all of our rentals.<\/div>\n<h2 class=\"elementor-heading-title\">D\u00e9cor de no\u00ebl Les Coteaux, QC<\/h2>\n<div style=\"margin-bottom:20px;\">\n<div class=\"io_local_delivery\"><\/div>\n<\/div>\n<div style=\"margin-bottom:20px;\">Amuz Inc. rents all kinds of equipment, including: <a href=\"https:\/\/amuz.ca\/fr\/location-de-structures-gonflables-in-les-coteaux-qc\/\">location de structures gonflables<\/a>. While we specialize in d\u00e9cor de no\u00ebls, you can also rent other items. If you just want a d\u00e9cor de no\u00ebl for your own house, at a park, gym or indoor \u2013 we can do that. We also do larger event rentals for organizations, schools, and carnivals. Give us a call if you want to chat.<\/div>\n<div style=\"text-align:center;\"><img decoding=\"async\" class=\"io_landimg\" src=\"https:\/\/rental.software\/users\/01cas01\/images\/tictactoe-1_104398920_big.jpg\" alt=\"perfect d\u00e9cor de no\u00ebl\"><img decoding=\"async\" class=\"io_landimg\" src=\"https:\/\/rental.software\/users\/01cas01\/images\/pinball prize 2_1646210295_big.jpg\" alt=\"d\u00e9cor de no\u00ebl Les Coteaux, QC\"><img decoding=\"async\" class=\"io_landimg\" src=\"https:\/\/rental.software\/users\/01cas01\/images\/roller bowler 1_1646210931_big.jpg\" alt=\"#1 d\u00e9cor de no\u00ebl\"><\/div>\n<div style=\"margin-bottom:20px;\">Amuz Inc. have been providing the best equipment rentals to the Les Coteaux, QC area for a long time, so you can trust us with handling your <b>d\u00e9cor de no\u00ebl<\/b> needs. We&rsquo;ve done a huge number of parties in the past several years from small to big, but all are handled with the best care. So don&rsquo;t hesitate to hire us for your next event.<\/div>\n<h3>Amuz Inc. is your source for high quality d\u00e9cor de no\u00ebls.<\/h3>\n<div style=\"margin-bottom:20px;\">\n<div class=\"io_local_reviews\"><\/div>\n<\/div>\n<div style=\"margin-bottom:20px;\">Our d\u00e9cor de no\u00ebls are available for rent in Les Coteaux, QC. So if you are looking to have a party in <a href=\"https:\/\/en.wikipedia.org\/wiki\/Les_Coteaux,_QC\" target=\"_blank\" rel=\"noopener\">Les Coteaux, QC<\/a>, you should definitely consider hiring us for your d\u00e9cor de no\u00ebl. Perfect parties like the one you are planning need high quality equipment, and you can get that from Amuz Inc..<\/div>\n<div style=\"margin-bottom:20px;\">\n<div class=\"io_fr_lnk\">\n<p>If you are looking for more services in a different area, go see some of our friends!<\/p>\n<p><a href=\"https:\/\/apollosoundproduction.com\/\" target=\"_blank\" rel=\"noopener\">Visit our friends Apollo Sound Production near Brunswick, OH<\/a><br \/><a href=\"https:\/\/tristateeventrentals.co\/\" target=\"_blank\" rel=\"noopener\">Water Slide Rentals around Ocean Township, NJ<\/a><br \/><a href=\"https:\/\/efcinc.net\/\" target=\"_blank\" rel=\"noopener\">Water Slide Rental in Athens, GA<\/a><\/div>\n<\/div><\/div>\n<div style=\"text-align: center;\"><iframe title=\"Les Coteaux, QC\" src=\"https:\/\/maps.google.com\/maps?q=Les+Coteaux%2C+QC&amp;t=m&amp;z=10&amp;output=embed&amp;iwloc=near\" width=\"100%\" height=\"350\" frameborder=\"0\" marginwidth=\"0\" marginheight=\"0\" scrolling=\"no\" aria-label=\"Les Coteaux, QC\"><\/iframe><\/div>\n","protected":false},"excerpt":{"rendered":"","protected":false},"author":1,"featured_media":0,"parent":0,"menu_order":0,"comment_status":"closed","ping_status":"closed","template":"","meta":{"io_meta_description":"Amuz Inc. has the top d\u00e9cor de no\u00ebl near Les Coteaux, QC. Get clean rentals from a reputable, hard-working company in Les Coteaux, QC.","footnotes":""},"class_list":["post-7982","page","type-page","status-publish","hentry"],"_links":{"self":[{"href":"https:\/\/amuz.ca\/fr\/wp-json\/wp\/v2\/pages\/7982","targetHints":{"allow":["GET"]}}],"collection":[{"href":"https:\/\/amuz.ca\/fr\/wp-json\/wp\/v2\/pages"}],"about":[{"href":"https:\/\/amuz.ca\/fr\/wp-json\/wp\/v2\/types\/page"}],"author":[{"embeddable":true,"href":"https:\/\/amuz.ca\/fr\/wp-json\/wp\/v2\/users\/1"}],"replies":[{"embeddable":true,"href":"https:\/\/amuz.ca\/fr\/wp-json\/wp\/v2\/comments?post=7982"}],"version-history":[{"count":2,"href":"https:\/\/amuz.ca\/fr\/wp-json\/wp\/v2\/pages\/7982\/revisions"}],"predecessor-version":[{"id":10004,"href":"https:\/\/amuz.ca\/fr\/wp-json\/wp\/v2\/pages\/7982\/revisions\/10004"}],"wp:attachment":[{"href":"https:\/\/amuz.ca\/fr\/wp-json\/wp\/v2\/media?parent=7982"}],"curies":[{"name":"wp","href":"https:\/\/api.w.org\/{rel}","templated":true}]}}