{"id":7983,"date":"2022-09-21T16:23:19","date_gmt":"2022-09-21T16:23:19","guid":{"rendered":"https:\/\/amuz.ca\/fr\/decor-de-noel-in-montreal-qc\/"},"modified":"2025-05-08T18:22:44","modified_gmt":"2025-05-08T18:22:44","slug":"decor-de-noel-in-montreal-qc","status":"publish","type":"page","link":"https:\/\/amuz.ca\/fr\/decor-de-noel-in-montreal-qc\/","title":{"rendered":"D\u00e9cor de no\u00ebl in Montr\u00e9al, QC"},"content":{"rendered":"<div class=\"elementor-widget-heading\" style=\"text-align: center;\">\n<h1 class=\"elementor-heading-title\">D\u00e9cor de no\u00ebl Montr\u00e9al, QC<\/h1>\n<\/p><\/div>\n<div class=\"elementor-widget-text-editor\" style=\"margin:5%;\">\n<div style=\"margin-bottom:20px;\">\n<div class=\"io_local_reviews\"><\/div>\n<\/div>\n<div style=\"margin-bottom:20px;\">\n<div class=\"io_local_delivery\"><\/div>\n<\/div>\n<div style=\"margin-bottom:20px;\">\n<div class=\"io_fr_lnk\">\n<p>If you are interested in similar services elsewhere, visit some of our friends!<\/p>\n<p><a href=\"https:\/\/apollosoundproduction.com\/\" target=\"_blank\" rel=\"noopener\">Akron, OH Music<\/a><br \/><a href=\"https:\/\/tristateeventrentals.co\/\" target=\"_blank\" rel=\"noopener\">Water Slide Rentals in Jackson Township, NJ<\/a><br \/><a href=\"https:\/\/efcinc.net\/\" target=\"_blank\" rel=\"noopener\">Visit our friends Extreme Fun Company, Inc. in Monroe, GA<\/a><\/div>\n<\/div>\n<div style=\"margin-bottom:20px;\">We have everything you need to host incredible, once in a lifetime events. Whether it&rsquo;s in your yard or a huge corporate event, we specialize in making sure your event is a fun, relaxing experience from beginning to end.<\/div>\n<div style=\"margin-bottom:20px;\">Amuz Inc. is your #1 source for d\u00e9cor de no\u00ebls. We love providing the top bargain for your money in the area. With every rental and every event, we focus in on providing the best service so you can focus on your guests. We also really enjoy providing  safe and clean equipment at the best pricing around. Each item is cleaned and sanitized after every party to guarantee satisfaction.  We always follow the rigid safety guidelines and we will not sacrifice your safety for business.<\/div>\n<div style=\"margin-bottom:20px;\">Our d\u00e9cor de no\u00ebls are available for rent near Montr\u00e9al, QC. So if you are wanting to have get-together in <a href=\"https:\/\/en.wikipedia.org\/wiki\/Montr\u00e9al,_QC\" target=\"_blank\" rel=\"noopener\">Montr\u00e9al, QC<\/a>, you should definitely consider hiring us for your d\u00e9cor de no\u00ebl. The best parties like the one you are planning need perfect equipment, and you can get that from Amuz Inc..<\/div>\n<div style=\"margin-bottom:20px;\">You might want to check-out these other items in Montr\u00e9al, QC: <\/p>\n<div class=\"io_land_lnk\"><a href=\"https:\/\/amuz.ca\/fr\/location-chateau-gonflable-in-montreal-qc\/\">location ch\u00e2teau gonflable<\/a>, <a href=\"https:\/\/amuz.ca\/fr\/location-de-jeux-gonflables-in-montreal-qc\/\">location de jeux gonflables<\/a>, <a href=\"https:\/\/amuz.ca\/fr\/location-de-structures-gonflables-in-montreal-qc\/\">location de structures gonflables<\/a><\/div>\n<\/div>\n<div style=\"text-align:center;\"><img decoding=\"async\" class=\"io_landimg\" src=\"https:\/\/rental.software\/users\/01cas01\/images\/tic tac toe 2_1650617541_big.jpg\" alt=\"the best d\u00e9cor de no\u00ebl\"><img decoding=\"async\" class=\"io_landimg\" src=\"https:\/\/rental.software\/users\/01cas01\/images\/roller bowler 1_1646210931_big.jpg\" alt=\"d\u00e9cor de no\u00ebl\"><img decoding=\"async\" class=\"io_landimg\" src=\"https:\/\/rental.software\/users\/01cas01\/images\/Dragon-Blaster-Coin-Roll_1641915830_big.png\" alt=\"the best d\u00e9cor de no\u00ebl Montr\u00e9al, QC\"><\/div>\n<div style=\"margin-bottom:20px;\">We rent all kinds of equipment, including: <a href=\"https:\/\/amuz.ca\/fr\/location-de-structures-gonflables-in-montreal-qc\/\">location de structures gonflables<\/a>. While we are focused on d\u00e9cor de no\u00ebls, you can also rent other equipment. If you just want a d\u00e9cor de no\u00ebl for your own back-yard, at a park, or inside \u2013 we can do that. We also do larger event rentals for companies, schools, or carnivals. Call us if you want to chat.<\/div>\n<div style=\"margin-bottom:20px;\">In addition to offering top notch d\u00e9cor de no\u00ebls in Montr\u00e9al, QC, we also offer: <a href=\"https:\/\/amuz.ca\/fr\/location-chateau-gonflable-in-montreal-qc\/\">location ch\u00e2teau gonflable<\/a>. So if your kids are tired of this year, then you should consider Amuz Inc. for your next rental so they can have a blast with their friends outside in the grass. We have such a huge selection so, be sure to check out all of our equipment.<\/div>\n<div style=\"margin-bottom:20px;\">Amuz Inc. have been providing perfect equipment rentals to the Montr\u00e9al, QC area for a long time, so you can trust us with handling your <b>d\u00e9cor de no\u00ebl<\/b> needs. We&rsquo;ve completed a large number of parties over the last few years from small to big, but all are handled with the utmost care. So don&rsquo;t hesitate to hire us for your next event.<\/div>\n<\/p><\/div>\n<div style=\"text-align: center;\"><iframe title=\"Montr\u00e9al, QC\" src=\"https:\/\/maps.google.com\/maps?q=Montr%C3%A9al%2C+QC&amp;t=m&amp;z=10&amp;output=embed&amp;iwloc=near\" width=\"100%\" height=\"350\" frameborder=\"0\" marginwidth=\"0\" marginheight=\"0\" scrolling=\"no\" aria-label=\"Montr\u00e9al, QC\"><\/iframe><\/div>\n","protected":false},"excerpt":{"rendered":"","protected":false},"author":1,"featured_media":0,"parent":0,"menu_order":0,"comment_status":"closed","ping_status":"closed","template":"","meta":{"io_meta_description":"Amuz Inc. has the top d\u00e9cor de no\u00ebl in Montr\u00e9al, QC. Get the best items from a local, smart company in Montr\u00e9al, QC.","footnotes":""},"class_list":["post-7983","page","type-page","status-publish","hentry"],"_links":{"self":[{"href":"https:\/\/amuz.ca\/fr\/wp-json\/wp\/v2\/pages\/7983","targetHints":{"allow":["GET"]}}],"collection":[{"href":"https:\/\/amuz.ca\/fr\/wp-json\/wp\/v2\/pages"}],"about":[{"href":"https:\/\/amuz.ca\/fr\/wp-json\/wp\/v2\/types\/page"}],"author":[{"embeddable":true,"href":"https:\/\/amuz.ca\/fr\/wp-json\/wp\/v2\/users\/1"}],"replies":[{"embeddable":true,"href":"https:\/\/amuz.ca\/fr\/wp-json\/wp\/v2\/comments?post=7983"}],"version-history":[{"count":2,"href":"https:\/\/amuz.ca\/fr\/wp-json\/wp\/v2\/pages\/7983\/revisions"}],"predecessor-version":[{"id":10012,"href":"https:\/\/amuz.ca\/fr\/wp-json\/wp\/v2\/pages\/7983\/revisions\/10012"}],"wp:attachment":[{"href":"https:\/\/amuz.ca\/fr\/wp-json\/wp\/v2\/media?parent=7983"}],"curies":[{"name":"wp","href":"https:\/\/api.w.org\/{rel}","templated":true}]}}