{"id":7984,"date":"2022-09-21T16:23:21","date_gmt":"2022-09-21T16:23:21","guid":{"rendered":"https:\/\/amuz.ca\/fr\/decor-de-noel-in-pincourt-qc\/"},"modified":"2025-05-08T18:22:57","modified_gmt":"2025-05-08T18:22:57","slug":"decor-de-noel-in-pincourt-qc","status":"publish","type":"page","link":"https:\/\/amuz.ca\/fr\/decor-de-noel-in-pincourt-qc\/","title":{"rendered":"D\u00e9cor de no\u00ebl in Pincourt, QC"},"content":{"rendered":"<div class=\"elementor-widget-heading\" style=\"text-align: center;\">\n<h1 class=\"elementor-heading-title\">D\u00e9cor de no\u00ebl Pincourt, QC<\/h1>\n<\/p><\/div>\n<div class=\"elementor-widget-text-editor\" style=\"margin:5%;\">\n<h3>Amuz Inc. is your source for top notch d\u00e9cor de no\u00ebls.<\/h3>\n<div style=\"margin-bottom:20px;\">We are your the best source for d\u00e9cor de no\u00ebls. We pride ourselves in providing the top bargain for your money in the industry. With every customer and every event, we focus in on providing quality service so you can focus on hosting. We also really enjoy providing  safe and clean rentals at the most competitive pricing around. Each item is cleaned and sanitized after every rental guaranteeing satisfaction.  We follow the rigid safety guidelines and we will not sacrifice your safety for business. EVER.<\/div>\n<div style=\"margin-bottom:20px;\">Amuz Inc. have been providing high quality inventory to the Pincourt, QC area for a long time, so you can trust us with handling your <b>d\u00e9cor de no\u00ebl<\/b> needs. We&rsquo;ve provided for a huge amount of parties in the past several years from small to big, but all are handled with the best care. So don&rsquo;t hesitate to think about us for your next event.<\/div>\n<div style=\"margin-bottom:20px;\">Amuz Inc. has everything you need to host unimaginable, once in a lifetime events. Whether it&rsquo;s in your backyard or a big corporate event, we want to make sure your event is an enjoyable, relaxing experience from beginning to end.<\/div>\n<h2 class=\"elementor-heading-title\">D\u00e9cor de no\u00ebls in Pincourt, QC<\/h2>\n<div style=\"text-align:center;\"><img decoding=\"async\" class=\"io_landimg\" src=\"https:\/\/rental.software\/users\/01cas01\/images\/gianttictactoe_1650617541_big.png\" alt=\"the best d\u00e9cor de no\u00ebl Pincourt, QC\"><img decoding=\"async\" class=\"io_landimg\" src=\"https:\/\/rental.software\/users\/01cas01\/images\/roller bowler_1646210931_big.jpg\" alt=\"perfect d\u00e9cor de no\u00ebl Pincourt, QC\"><img decoding=\"async\" class=\"io_landimg\" src=\"https:\/\/rental.software\/users\/01cas01\/images\/tic tac toe 2_1650617541_big.jpg\" alt=\"d\u00e9cor de no\u00ebl Pincourt, QC\"><\/div>\n<div style=\"margin-bottom:20px;\">\n<div class=\"io_local_reviews\"><\/div>\n<\/div>\n<h3>Rentals in Pincourt, QC<\/h3>\n<div style=\"margin-bottom:20px;\">You may want to check-out these other items in Pincourt, QC: <\/p>\n<div class=\"io_land_lnk\"><a href=\"https:\/\/amuz.ca\/fr\/location-chateau-gonflable-in-pincourt-qc\/\">location ch\u00e2teau gonflable<\/a>, <a href=\"https:\/\/amuz.ca\/fr\/location-de-jeux-gonflables-in-pincourt-qc\/\">location de jeux gonflables<\/a>, <a href=\"https:\/\/amuz.ca\/fr\/location-de-structures-gonflables-in-pincourt-qc\/\">location de structures gonflables<\/a><\/div>\n<\/div>\n<div style=\"margin-bottom:20px;\">\n<div class=\"io_fr_lnk\">\n<p>If you are looking for similar services elsewhere, go see some of our friends!<\/p>\n<p><a href=\"https:\/\/apollosoundproduction.com\/\" target=\"_blank\" rel=\"noopener\">Checkout Apollo Sound Production around Akron, OH<\/a><br \/><a href=\"https:\/\/tristateeventrentals.co\/\" target=\"_blank\" rel=\"noopener\">Water Slide Rentals around Toms River, NJ<\/a><br \/><a href=\"https:\/\/efcinc.net\/water-slide-rental-in-athens-ga\/\" target=\"_blank\" rel=\"noopener\">Water Slide Rental near Auburn, GA<\/a><\/div>\n<\/div>\n<div style=\"margin-bottom:20px;\">In addition to offering #1 d\u00e9cor de no\u00ebls in Pincourt, QC, we also offer: <a href=\"https:\/\/amuz.ca\/fr\/location-de-jeux-gonflables-in-pincourt-qc\/\">location de jeux gonflables<\/a>. So if your kids are tired of this year, then you might consider Amuz Inc. for your next rental so they can have fun with their friends outside in the backyard. We have such a large selection so, check out all of our inventory.<\/div>\n<div style=\"margin-bottom:20px;\">\n<div class=\"io_local_delivery\"><\/div>\n<\/div>\n<div style=\"margin-bottom:20px;\">Our d\u00e9cor de no\u00ebls are available for rent near Pincourt, QC. So if you are wanting to have get-together in <a href=\"https:\/\/en.wikipedia.org\/wiki\/Pincourt,_QC\" target=\"_blank\" rel=\"noopener\">Pincourt, QC<\/a>, you should definitely consider hiring us for your d\u00e9cor de no\u00ebl. The best parties like the one you are planning need perfect equipment, and you can get that from Amuz Inc..<\/div>\n<div style=\"margin-bottom:20px;\">We rent all kinds of equipment, including: <a href=\"https:\/\/amuz.ca\/fr\/location-chateau-gonflable-in-pincourt-qc\/\">location ch\u00e2teau gonflable<\/a>. While we focus on d\u00e9cor de no\u00ebls, you can also rent other items. If you just want a d\u00e9cor de no\u00ebl for your own yard, at a park, or indoor \u2013 we can do that. We also do larger event rentals for companies, schools, or festivals. Call us if you need anything.<\/div>\n<\/p><\/div>\n<div style=\"text-align: center;\"><iframe title=\"Pincourt, QC\" src=\"https:\/\/maps.google.com\/maps?q=Pincourt%2C+QC&amp;t=m&amp;z=10&amp;output=embed&amp;iwloc=near\" width=\"100%\" height=\"350\" frameborder=\"0\" marginwidth=\"0\" marginheight=\"0\" scrolling=\"no\" aria-label=\"Pincourt, QC\"><\/iframe><\/div>\n","protected":false},"excerpt":{"rendered":"","protected":false},"author":1,"featured_media":0,"parent":0,"menu_order":0,"comment_status":"closed","ping_status":"closed","template":"","meta":{"io_meta_description":"Get d\u00e9cor de no\u00ebl from Amuz Inc. in Pincourt, QC. Only high quality equipment and from a local, top-rated company in Pincourt, QC.","footnotes":""},"class_list":["post-7984","page","type-page","status-publish","hentry"],"_links":{"self":[{"href":"https:\/\/amuz.ca\/fr\/wp-json\/wp\/v2\/pages\/7984","targetHints":{"allow":["GET"]}}],"collection":[{"href":"https:\/\/amuz.ca\/fr\/wp-json\/wp\/v2\/pages"}],"about":[{"href":"https:\/\/amuz.ca\/fr\/wp-json\/wp\/v2\/types\/page"}],"author":[{"embeddable":true,"href":"https:\/\/amuz.ca\/fr\/wp-json\/wp\/v2\/users\/1"}],"replies":[{"embeddable":true,"href":"https:\/\/amuz.ca\/fr\/wp-json\/wp\/v2\/comments?post=7984"}],"version-history":[{"count":2,"href":"https:\/\/amuz.ca\/fr\/wp-json\/wp\/v2\/pages\/7984\/revisions"}],"predecessor-version":[{"id":10020,"href":"https:\/\/amuz.ca\/fr\/wp-json\/wp\/v2\/pages\/7984\/revisions\/10020"}],"wp:attachment":[{"href":"https:\/\/amuz.ca\/fr\/wp-json\/wp\/v2\/media?parent=7984"}],"curies":[{"name":"wp","href":"https:\/\/api.w.org\/{rel}","templated":true}]}}