{"id":7987,"date":"2022-09-21T16:23:27","date_gmt":"2022-09-21T16:23:27","guid":{"rendered":"https:\/\/amuz.ca\/fr\/decor-de-noel-in-vaudreuil-dorion-qc\/"},"modified":"2025-05-08T18:23:37","modified_gmt":"2025-05-08T18:23:37","slug":"decor-de-noel-in-vaudreuil-dorion-qc","status":"publish","type":"page","link":"https:\/\/amuz.ca\/fr\/decor-de-noel-in-vaudreuil-dorion-qc\/","title":{"rendered":"D\u00e9cor de no\u00ebl in Vaudreuil-Dorion, QC"},"content":{"rendered":"<div class=\"elementor-widget-heading\" style=\"text-align: center;\">\n<h1 class=\"elementor-heading-title\">D\u00e9cor de no\u00ebl Vaudreuil-Dorion, QC<\/h1>\n<\/p><\/div>\n<div class=\"elementor-widget-text-editor\" style=\"margin:5%;\">\n<div style=\"margin-bottom:20px;\">Amuz Inc. has everything needed to host incredible, once in a lifetime events. Whether it&rsquo;s in your yard or a huge corporate event, we specialize in making sure your event is an enjoyable, stress free experience from beginning to end.<\/div>\n<div style=\"margin-bottom:20px;\">\n<div class=\"io_fr_lnk\">\n<p>If you are interested in more services in a different area, go see some of our friends!<\/p>\n<p><a href=\"https:\/\/apollosoundproduction.com\/\" target=\"_blank\" rel=\"noopener\">Apollo Sound Production is a recording studio located in Northeast Ohio. Our services include composing, producing, engineering, mixing and mastering all types of music.<\/a><br \/><a href=\"https:\/\/tristateeventrentals.co\/\" target=\"_blank\" rel=\"noopener\">Water Slide Rentals around Lakewood Township, NJ<\/a><br \/><a href=\"https:\/\/efcinc.net\/\" target=\"_blank\" rel=\"noopener\">Party Rental around Hoschton, GA<\/a><\/div>\n<\/div>\n<h3>Amuz Inc. is your source for high quality d\u00e9cor de no\u00ebls.<\/h3>\n<div style=\"margin-bottom:20px;\">We rent all kinds of equipment, including: <a href=\"https:\/\/amuz.ca\/fr\/location-de-jeux-gonflables-in-vaudreuil-dorion-qc\/\">location de jeux gonflables<\/a>. While we focus on d\u00e9cor de no\u00ebls, you can also rent other items. If you just want a d\u00e9cor de no\u00ebl for your own house, at a park, gym or inside \u2013 we can do that. We also do larger event rentals for companies, schools, or cities. Call us if you have questions.<\/div>\n<div style=\"margin-bottom:20px;\">\n<div class=\"io_local_reviews\"><\/div>\n<\/div>\n<div style=\"text-align:center;\"><img decoding=\"async\" class=\"io_landimg\" src=\"https:\/\/rental.software\/users\/01cas01\/images\/bottle ring toss_1645542060_big.jpg\" alt=\"the best d\u00e9cor de no\u00ebl Vaudreuil-Dorion, QC\"><img decoding=\"async\" class=\"io_landimg\" src=\"https:\/\/rental.software\/users\/01cas01\/images\/flap attack_1650495918_big.jpg\" alt=\"d\u00e9cor de no\u00ebl\"><img decoding=\"async\" class=\"io_landimg\" src=\"https:\/\/rental.software\/users\/01cas01\/images\/Carnival-Down-A-Clown--600x662_478179501_big.png\" alt=\"perfect d\u00e9cor de no\u00ebl\"><\/div>\n<div style=\"margin-bottom:20px;\">You might want to check-out these other items in Vaudreuil-Dorion, QC: <\/p>\n<div class=\"io_land_lnk\"><a href=\"https:\/\/amuz.ca\/fr\/location-chateau-gonflable-in-vaudreuil-dorion-qc\/\">location ch\u00e2teau gonflable<\/a>, <a href=\"https:\/\/amuz.ca\/fr\/location-de-jeux-gonflables-in-vaudreuil-dorion-qc\/\">location de jeux gonflables<\/a>, <a href=\"https:\/\/amuz.ca\/fr\/location-de-structures-gonflables-in-vaudreuil-dorion-qc\/\">location de structures gonflables<\/a><\/div>\n<\/div>\n<h2 class=\"elementor-heading-title\">D\u00e9cor de no\u00ebl Vaudreuil-Dorion, QC<\/h2>\n<div style=\"margin-bottom:20px;\">\n<div class=\"io_local_delivery\"><\/div>\n<\/div>\n<div style=\"margin-bottom:20px;\">In addition to offering perfect d\u00e9cor de no\u00ebls in Vaudreuil-Dorion, QC, we also offer: <a href=\"https:\/\/amuz.ca\/fr\/location-de-structures-gonflables-in-vaudreuil-dorion-qc\/\">location de structures gonflables<\/a>. So if your kids are bored this year, then you might want to consider Amuz Inc. for your next rental so they can have a blast with their friends outside. We have a big selection so, check out all of our rentals.<\/div>\n<div style=\"margin-bottom:20px;\">Our d\u00e9cor de no\u00ebls are available for rent in Vaudreuil-Dorion, QC. So if you are looking to have an event in <a href=\"https:\/\/en.wikipedia.org\/wiki\/Vaudreuil-Dorion,_QC\" target=\"_blank\" rel=\"noopener\">Vaudreuil-Dorion, QC<\/a>, you should definitely consider hiring us for your d\u00e9cor de no\u00ebl. Top notch parties like the one you are planning need perfect equipment, and you can get that from Amuz Inc..<\/div>\n<div style=\"margin-bottom:20px;\">Amuz Inc. is your top notch source for d\u00e9cor de no\u00ebls. We pride ourselves in providing the best quality for your money in the area. With every customer and every event, we focus in on providing quality service so you can focus on hosting. We also pride ourselves in providing safe, clean rentals at the most competitive pricing around. Each unit is cleaned and sanitized after every rental to guarantee your safety and satisfaction.  We follow the rigid safety rules and we will not ignore your safety for more business. EVER.<\/div>\n<div style=\"margin-bottom:20px;\">Amuz Inc. have been providing perfect rentals to the Vaudreuil-Dorion, QC area for a long time, so you can trust us with handling your <b>d\u00e9cor de no\u00ebl<\/b> needs. We&rsquo;ve completed a huge number of parties over the years from small to big, but all are handled with the most care. So don&rsquo;t hesitate to think about us for your next event.<\/div>\n<\/p><\/div>\n<div style=\"text-align: center;\"><iframe title=\"Vaudreuil-Dorion, QC\" src=\"https:\/\/maps.google.com\/maps?q=Vaudreuil-Dorion%2C+QC&amp;t=m&amp;z=10&amp;output=embed&amp;iwloc=near\" width=\"100%\" height=\"350\" frameborder=\"0\" marginwidth=\"0\" marginheight=\"0\" scrolling=\"no\" aria-label=\"Vaudreuil-Dorion, QC\"><\/iframe><\/div>\n","protected":false},"excerpt":{"rendered":"","protected":false},"author":1,"featured_media":0,"parent":0,"menu_order":0,"comment_status":"closed","ping_status":"closed","template":"","meta":{"io_meta_description":"Amuz Inc. has d\u00e9cor de no\u00ebl in Vaudreuil-Dorion, QC. Get high quality items from a local, quality business in Vaudreuil-Dorion, QC.","footnotes":""},"class_list":["post-7987","page","type-page","status-publish","hentry"],"_links":{"self":[{"href":"https:\/\/amuz.ca\/fr\/wp-json\/wp\/v2\/pages\/7987","targetHints":{"allow":["GET"]}}],"collection":[{"href":"https:\/\/amuz.ca\/fr\/wp-json\/wp\/v2\/pages"}],"about":[{"href":"https:\/\/amuz.ca\/fr\/wp-json\/wp\/v2\/types\/page"}],"author":[{"embeddable":true,"href":"https:\/\/amuz.ca\/fr\/wp-json\/wp\/v2\/users\/1"}],"replies":[{"embeddable":true,"href":"https:\/\/amuz.ca\/fr\/wp-json\/wp\/v2\/comments?post=7987"}],"version-history":[{"count":2,"href":"https:\/\/amuz.ca\/fr\/wp-json\/wp\/v2\/pages\/7987\/revisions"}],"predecessor-version":[{"id":10044,"href":"https:\/\/amuz.ca\/fr\/wp-json\/wp\/v2\/pages\/7987\/revisions\/10044"}],"wp:attachment":[{"href":"https:\/\/amuz.ca\/fr\/wp-json\/wp\/v2\/media?parent=7987"}],"curies":[{"name":"wp","href":"https:\/\/api.w.org\/{rel}","templated":true}]}}