{"id":7992,"date":"2022-09-21T16:23:42","date_gmt":"2022-09-21T16:23:42","guid":{"rendered":"https:\/\/amuz.ca\/fr\/location-chateau-gonflable-in-montreal-qc\/"},"modified":"2025-05-08T18:22:47","modified_gmt":"2025-05-08T18:22:47","slug":"location-chateau-gonflable-in-montreal-qc","status":"publish","type":"page","link":"https:\/\/amuz.ca\/fr\/location-chateau-gonflable-in-montreal-qc\/","title":{"rendered":"Location ch\u00e2teau gonflable in Montr\u00e9al, QC"},"content":{"rendered":"<div class=\"elementor-widget-heading\" style=\"text-align: center;\">\n<h1 class=\"elementor-heading-title\">Location ch\u00e2teau gonflable Montr\u00e9al, QC<\/h1>\n<\/p><\/div>\n<div class=\"elementor-widget-text-editor\" style=\"margin:5%;\">\n<div style=\"margin-bottom:20px;\">We are your perfect source for location ch\u00e2teau gonflables. We love providing the absolute best for your money in the industry. With every customer and every event, we focus in on providing the best service so you can focus on hosting. We also pride ourselves in providing  safe and clean rentals at the best pricing around. Each unit is cleaned and sanitized after every event to guarantee your safety and satisfaction.  We always follow the safety standards and we will not sacrifice your safety for more business.<\/div>\n<div style=\"margin-bottom:20px;\">\n<div class=\"io_local_reviews\"><\/div>\n<\/div>\n<div style=\"margin-bottom:20px;\">\n<div class=\"io_fr_lnk\">\n<p>If you are seeking similar services elsewhere, go see some of our friends!<\/p>\n<p><a href=\"https:\/\/apollosoundproduction.com\/\" target=\"_blank\" rel=\"noopener\">Akron, OH Editing<\/a><br \/><a href=\"https:\/\/tristateeventrentals.co\/\" target=\"_blank\" rel=\"noopener\">Jackson Township, NJ Inflatable Rentals<\/a><br \/><a href=\"https:\/\/efcinc.net\/\" target=\"_blank\" rel=\"noopener\">Lawrenceville, GA Inflatable Rentals<\/a><\/div>\n<\/div>\n<div style=\"margin-bottom:20px;\">\n<div class=\"io_local_delivery\"><\/div>\n<\/div>\n<div style=\"margin-bottom:20px;\">We rent all kinds of stuff, including: <a href=\"https:\/\/amuz.ca\/fr\/location-de-jeux-gonflables-in-montreal-qc\/\">location de jeux gonflables<\/a>. While we focus on location ch\u00e2teau gonflables, you can also rent other equipment. If you just want a location ch\u00e2teau gonflable for your own yard, at a park, gym or inside \u2013 we can do that. We also do larger event rentals for companies, schools, and cities. Give us a call if you want a quote.<\/div>\n<div style=\"margin-bottom:20px;\">Our location ch\u00e2teau gonflables are available for rent around Montr\u00e9al, QC. So if you are planning to have an event in <a href=\"https:\/\/en.wikipedia.org\/wiki\/Montr\u00e9al,_QC\" target=\"_blank\" rel=\"noopener\">Montr\u00e9al, QC<\/a>, you should definitely consider hiring us for your location ch\u00e2teau gonflable. Top notch parties like the one you are planning need high quality equipment, and you can get that from Amuz Inc..<\/div>\n<h3>Amuz Inc. is your source for the best location ch\u00e2teau gonflables.<\/h3>\n<div style=\"margin-bottom:20px;\">Amuz Inc. have been providing the best rentals to the Montr\u00e9al, QC area for a long time, so you can trust us with handling your <b>location ch\u00e2teau gonflable<\/b> needs. We&rsquo;ve completed a huge number of events over the last few years from small to big, but all are handled with the best care. So don&rsquo;t hesitate to think about us for your next event.<\/div>\n<h2 class=\"elementor-heading-title\">Location ch\u00e2teau gonflable Montr\u00e9al, QC<\/h2>\n<div style=\"margin-bottom:20px;\">Amuz Inc. has everything needed to host unimaginable, once in a lifetime parties. Whether it&rsquo;s in your yard or a huge corporate event, we want to make sure your event is a fun, relaxing experience from beginning to end.<\/div>\n<div style=\"margin-bottom:20px;\">You might want to check-out these other items in Montr\u00e9al, QC: <\/p>\n<div class=\"io_land_lnk\"><a href=\"https:\/\/amuz.ca\/fr\/decor-de-noel-in-montreal-qc\/\">d\u00e9cor de no\u00ebl<\/a>, <a href=\"https:\/\/amuz.ca\/fr\/location-de-jeux-gonflables-in-montreal-qc\/\">location de jeux gonflables<\/a>, <a href=\"https:\/\/amuz.ca\/fr\/location-de-structures-gonflables-in-montreal-qc\/\">location de structures gonflables<\/a><\/div>\n<\/div>\n<div style=\"margin-bottom:20px;\">In addition to offering high quality location ch\u00e2teau gonflables in Montr\u00e9al, QC, we also offer: <a href=\"https:\/\/amuz.ca\/fr\/location-de-structures-gonflables-in-montreal-qc\/\">location de structures gonflables<\/a>. So if your children are tired of this year, then you might want to consider Amuz Inc. for your next rental so they can have a party with their friends outside in the yard. We have such a huge selection so, be sure to check out all of our equipment.<\/div>\n<h3>Rentals in Montr\u00e9al, QC<\/h3>\n<div style=\"text-align:center;\"><img decoding=\"async\" class=\"io_landimg\" src=\"https:\/\/rental.software\/users\/01cas01\/images\/football (1)_1646211469_big.png\" alt=\"perfect location ch\u00e2teau gonflable Montr\u00e9al, QC\"><img decoding=\"async\" class=\"io_landimg\" src=\"https:\/\/rental.software\/users\/01cas01\/images\/soccer inflatable 1_1646211414_big.jpg\" alt=\"#1 location ch\u00e2teau gonflable\"><img decoding=\"async\" class=\"io_landimg\" src=\"https:\/\/rental.software\/users\/01cas01\/images\/giantdarts_1650617133_big.png\" alt=\"perfect location ch\u00e2teau gonflable\"><\/div>\n<\/p><\/div>\n<div style=\"text-align: center;\"><iframe title=\"Montr\u00e9al, QC\" src=\"https:\/\/maps.google.com\/maps?q=Montr%C3%A9al%2C+QC&amp;t=m&amp;z=10&amp;output=embed&amp;iwloc=near\" width=\"100%\" height=\"350\" frameborder=\"0\" marginwidth=\"0\" marginheight=\"0\" scrolling=\"no\" aria-label=\"Montr\u00e9al, QC\"><\/iframe><\/div>\n","protected":false},"excerpt":{"rendered":"","protected":false},"author":1,"featured_media":0,"parent":0,"menu_order":0,"comment_status":"closed","ping_status":"closed","template":"","meta":{"io_meta_description":"Get location ch\u00e2teau gonflable from Amuz Inc. in Montr\u00e9al, QC. Only high quality rentals and from a reputable, top-rated company in Montr\u00e9al, QC.","footnotes":""},"class_list":["post-7992","page","type-page","status-publish","hentry"],"_links":{"self":[{"href":"https:\/\/amuz.ca\/fr\/wp-json\/wp\/v2\/pages\/7992","targetHints":{"allow":["GET"]}}],"collection":[{"href":"https:\/\/amuz.ca\/fr\/wp-json\/wp\/v2\/pages"}],"about":[{"href":"https:\/\/amuz.ca\/fr\/wp-json\/wp\/v2\/types\/page"}],"author":[{"embeddable":true,"href":"https:\/\/amuz.ca\/fr\/wp-json\/wp\/v2\/users\/1"}],"replies":[{"embeddable":true,"href":"https:\/\/amuz.ca\/fr\/wp-json\/wp\/v2\/comments?post=7992"}],"version-history":[{"count":2,"href":"https:\/\/amuz.ca\/fr\/wp-json\/wp\/v2\/pages\/7992\/revisions"}],"predecessor-version":[{"id":10014,"href":"https:\/\/amuz.ca\/fr\/wp-json\/wp\/v2\/pages\/7992\/revisions\/10014"}],"wp:attachment":[{"href":"https:\/\/amuz.ca\/fr\/wp-json\/wp\/v2\/media?parent=7992"}],"curies":[{"name":"wp","href":"https:\/\/api.w.org\/{rel}","templated":true}]}}